{"id":2352,"date":"2025-06-25T02:42:22","date_gmt":"2025-06-25T00:42:22","guid":{"rendered":"https:\/\/frosty-mclean.141-95-55-172.plesk.page\/produkt\/bez-kategorii\/ldh-dehydrogenaza-mleczanowa\/"},"modified":"2025-06-25T02:42:24","modified_gmt":"2025-06-25T00:42:24","slug":"ldh-dehydrogenaza-mleczanowa","status":"publish","type":"product","link":"https:\/\/drteraz.pl\/en\/badanie-laboratoryjne\/ldh-dehydrogenaza-mleczanowa\/","title":{"rendered":"LDH (dehydrogenaza mleczanowa)"},"content":{"rendered":"<h1>Badanie LDH (dehydrogenaza mleczanowa)<\/h1>\n<p>Badanie LDH, czyli dehydrogenazy mleczanowej, jest testem biochemicznym wykorzystywanym do oceny aktywno\u015bci tego enzymu w surowicy krwi. LDH jest enzymem wyst\u0119puj\u0105cym w wielu tkankach cia\u0142a, w tym w sercu, w\u0105trobie, nerkach, mi\u0119\u015bniach szkieletowych oraz w erytrocytach. Poziom LDH w surowicy wzrasta w przypadku uszkodzenia tkanek, co czyni to badanie pomocnym w diagnozowaniu r\u00f3\u017cnych stan\u00f3w chorobowych, w tym chor\u00f3b serca, chor\u00f3b w\u0105troby oraz pewnych form nowotworowych.<\/p>\n<p>Badanie LDH jest r\u00f3wnie\u017c stosowane do monitorowania leczenia i post\u0119pu niekt\u00f3rych chor\u00f3b, w tym anemii hemolitycznej oraz r\u00f3\u017cnych rodzaj\u00f3w raka. Zwi\u0119kszone warto\u015bci LDH mog\u0105 wskazywa\u0107 na aktywno\u015b\u0107 choroby lub uszkodzenie tkanek, natomiast obni\u017cone warto\u015bci mog\u0105 \u015bwiadczy\u0107 o skuteczno\u015bci leczenia. Interpretacja wynik\u00f3w badania LDH powinna by\u0107 zawsze przeprowadzana przez kwalifikowanego lekarza.<\/p>","protected":false},"excerpt":{"rendered":"<p>Badanie LDH (dehydrogenaza mleczanowa) Badanie LDH, czyli dehydrogenazy mleczanowej, jest testem biochemicznym wykorzystywanym do oceny aktywno\u015bci tego enzymu w surowicy krwi. LDH jest enzymem wyst\u0119puj\u0105cym w wielu tkankach cia\u0142a, w tym w sercu, w\u0105trobie, nerkach, mi\u0119\u015bniach szkieletowych oraz w erytrocytach. Poziom LDH w surowicy wzrasta w przypadku uszkodzenia tkanek, co czyni to badanie pomocnym w [&hellip;]<\/p>\n","protected":false},"featured_media":0,"template":"","meta":[],"product_brand":[],"product_cat":[25,26],"product_tag":[],"class_list":{"0":"post-2352","1":"product","2":"type-product","3":"status-publish","5":"product_cat-badanie-laboratoryjne","6":"product_cat-krew","8":"first","9":"instock","10":"virtual","11":"sold-individually","12":"purchasable","13":"product-type-simple"},"_links":{"self":[{"href":"https:\/\/drteraz.pl\/en\/wp-json\/wp\/v2\/product\/2352","targetHints":{"allow":["GET"]}}],"collection":[{"href":"https:\/\/drteraz.pl\/en\/wp-json\/wp\/v2\/product"}],"about":[{"href":"https:\/\/drteraz.pl\/en\/wp-json\/wp\/v2\/types\/product"}],"version-history":[{"count":0,"href":"https:\/\/drteraz.pl\/en\/wp-json\/wp\/v2\/product\/2352\/revisions"}],"wp:attachment":[{"href":"https:\/\/drteraz.pl\/en\/wp-json\/wp\/v2\/media?parent=2352"}],"wp:term":[{"taxonomy":"product_brand","embeddable":true,"href":"https:\/\/drteraz.pl\/en\/wp-json\/wp\/v2\/product_brand?post=2352"},{"taxonomy":"product_cat","embeddable":true,"href":"https:\/\/drteraz.pl\/en\/wp-json\/wp\/v2\/product_cat?post=2352"},{"taxonomy":"product_tag","embeddable":true,"href":"https:\/\/drteraz.pl\/en\/wp-json\/wp\/v2\/product_tag?post=2352"}],"curies":[{"name":"wp","href":"https:\/\/api.w.org\/{rel}","templated":true}]}}