{"id":2357,"date":"2025-06-25T02:42:22","date_gmt":"2025-06-25T00:42:22","guid":{"rendered":"https:\/\/frosty-mclean.141-95-55-172.plesk.page\/produkt\/bez-kategorii\/lipidogram-cholesterol-calkowity-hdl-ldl-tg-nie-hdl-cholesterol\/"},"modified":"2025-06-25T02:42:25","modified_gmt":"2025-06-25T00:42:25","slug":"lipidogram-cholesterol-calkowity-hdl-ldl-tg-nie-hdl-cholesterol","status":"publish","type":"product","link":"https:\/\/drteraz.pl\/en\/badanie-laboratoryjne\/lipidogram-cholesterol-calkowity-hdl-ldl-tg-nie-hdl-cholesterol\/","title":{"rendered":"Lipidogram (cholesterol ca\u0142kowity, HDL, LDL, TG, Nie-HDL cholesterol)"},"content":{"rendered":"<h1>Lipidogram (Panel lipidowy)<\/h1>\n<p>Lipidogram, czyli panel lipidowy, to badanie krwi, kt\u00f3re pozwala oceni\u0107 poziomy r\u00f3\u017cnych typ\u00f3w t\u0142uszcz\u00f3w (lipid\u00f3w) w organizmie. Jest to niezb\u0119dne narz\u0119dzie diagnostyczne u\u017cywane do oceny ryzyka chor\u00f3b sercowo-naczyniowych, w tym mia\u017cd\u017cycy i choroby wie\u0144cowej. Badanie lipidogramu mierzy poziomy cholesterolu ca\u0142kowitego, lipoprotein o niskiej g\u0119sto\u015bci (LDL, tzw. &#8222;z\u0142y cholesterol&#8221;), lipoprotein o wysokiej g\u0119sto\u015bci (HDL, tzw. &#8222;dobry cholesterol&#8221;), tr\u00f3jgliceryd\u00f3w (TG) oraz cholesterolu nie-HDL, kt\u00f3ry obejmuje wszystkie lipoproteiny maj\u0105ce zdolno\u015b\u0107 do odk\u0142adania si\u0119 w \u015bcianach naczy\u0144, opr\u00f3cz HDL.<\/p>\n<h1>Kiedy wykonuje si\u0119 badanie lipidogramu?<\/h1>\n<p>Badanie lipidogramu zalecane jest osobom, kt\u00f3re maj\u0105 czynniki ryzyka chor\u00f3b serca, takie jak nadci\u015bnienie t\u0119tnicze, cukrzyca, oty\u0142o\u015b\u0107, lub histori\u0119 rodzinn\u0105 chor\u00f3b sercowo-naczyniowych. Badanie jest r\u00f3wnie\u017c zalecane osobom pal\u0105cym papierosy oraz tym, kt\u00f3re prowadz\u0105 siedz\u0105cy tryb \u017cycia. Lekarz mo\u017ce tak\u017ce zaleci\u0107 lipidogram w ramach rutynowej kontroli zdrowia. Wyniki tego badania pomagaj\u0105 w ustaleniu konieczno\u015bci wprowadzenia zmian w diecie, stylu \u017cycia lub rozpocz\u0119cia leczenia medycznego.<\/p>\n<h1>Jak si\u0119 przygotowa\u0107 do badania?<\/h1>\n<p>Przed wykonaniem lipidogramu zazwyczaj zaleca si\u0119 12-godzinny post, co oznacza powstrzymywanie si\u0119 od jedzenia i picia wszystkiego poza wod\u0105. Zawsze nale\u017cy te\u017c poinformowa\u0107 lekarza o wszystkich za\u017cywanych lekach, poniewa\u017c niekt\u00f3re mog\u0105 wp\u0142ywa\u0107 na poziomy lipid\u00f3w w organizmie.<\/p>\n<h1>Jakie s\u0105 normy lipidogramu?<\/h1>\n<p>Poziomy lipid\u00f3w, kt\u00f3re s\u0105 uwa\u017cane za zdrowe, mog\u0105 r\u00f3\u017cni\u0107 si\u0119 w zale\u017cno\u015bci od wieku, p\u0142ci oraz innych czynnik\u00f3w indywidualnych. Og\u00f3lnie, u doros\u0142ych zdrowy poziom cholesterolu ca\u0142kowitego powinien by\u0107 mniejszy ni\u017c 200 mg\/dl, LDL poni\u017cej 100 mg\/dl, HDL powy\u017cej 40 mg\/dl dla m\u0119\u017cczyzn i 50 mg\/dl dla kobiet, a poziom tr\u00f3jgliceryd\u00f3w powinien wynosi\u0107 mniej ni\u017c 150 mg\/dl. Cholesterol nie-HDL jest uwa\u017cany za zdrowy, gdy jego poziom jest ni\u017cszy ni\u017c 130 mg\/dl.<\/p>\n<h1>Jak interpretowa\u0107 wyniki lipidogramu?<\/h1>\n<p>Interpretacja wynik\u00f3w lipidogramu powinna by\u0107 przeprowadzona przez kwalifikowanego lekarza, kt\u00f3ry bierze pod uwag\u0119 inne czynniki ryzyka oraz indywidualn\u0105 histori\u0119 zdrowia pacjenta. Wysokie warto\u015bci LDL lub nie-HDL mog\u0105 wskazywa\u0107 na zwi\u0119kszone ryzyko wyst\u0105pienia chor\u00f3b sercowo-naczyniowych, podczas gdy niskie warto\u015bci HDL mog\u0105 tak\u017ce podnosi\u0107 to ryzyko. W oparciu o wyniki badania, lekarz mo\u017ce zaleci\u0107 odpowiednie leczenie czy modyfikacj\u0119 stylu \u017cycia.<\/p>","protected":false},"excerpt":{"rendered":"<p>Lipidogram (Panel lipidowy) Lipidogram, czyli panel lipidowy, to badanie krwi, kt\u00f3re pozwala oceni\u0107 poziomy r\u00f3\u017cnych typ\u00f3w t\u0142uszcz\u00f3w (lipid\u00f3w) w organizmie. Jest to niezb\u0119dne narz\u0119dzie diagnostyczne u\u017cywane do oceny ryzyka chor\u00f3b sercowo-naczyniowych, w tym mia\u017cd\u017cycy i choroby wie\u0144cowej. Badanie lipidogramu mierzy poziomy cholesterolu ca\u0142kowitego, lipoprotein o niskiej g\u0119sto\u015bci (LDL, tzw. &#8222;z\u0142y cholesterol&#8221;), lipoprotein o wysokiej g\u0119sto\u015bci [&hellip;]<\/p>\n","protected":false},"featured_media":0,"template":"","meta":[],"product_brand":[],"product_cat":[25,26],"product_tag":[],"class_list":{"0":"post-2357","1":"product","2":"type-product","3":"status-publish","5":"product_cat-badanie-laboratoryjne","6":"product_cat-krew","8":"first","9":"instock","10":"virtual","11":"sold-individually","12":"purchasable","13":"product-type-simple"},"_links":{"self":[{"href":"https:\/\/drteraz.pl\/en\/wp-json\/wp\/v2\/product\/2357","targetHints":{"allow":["GET"]}}],"collection":[{"href":"https:\/\/drteraz.pl\/en\/wp-json\/wp\/v2\/product"}],"about":[{"href":"https:\/\/drteraz.pl\/en\/wp-json\/wp\/v2\/types\/product"}],"version-history":[{"count":0,"href":"https:\/\/drteraz.pl\/en\/wp-json\/wp\/v2\/product\/2357\/revisions"}],"wp:attachment":[{"href":"https:\/\/drteraz.pl\/en\/wp-json\/wp\/v2\/media?parent=2357"}],"wp:term":[{"taxonomy":"product_brand","embeddable":true,"href":"https:\/\/drteraz.pl\/en\/wp-json\/wp\/v2\/product_brand?post=2357"},{"taxonomy":"product_cat","embeddable":true,"href":"https:\/\/drteraz.pl\/en\/wp-json\/wp\/v2\/product_cat?post=2357"},{"taxonomy":"product_tag","embeddable":true,"href":"https:\/\/drteraz.pl\/en\/wp-json\/wp\/v2\/product_tag?post=2357"}],"curies":[{"name":"wp","href":"https:\/\/api.w.org\/{rel}","templated":true}]}}