{"id":2358,"date":"2025-06-25T02:42:22","date_gmt":"2025-06-25T00:42:22","guid":{"rendered":"https:\/\/frosty-mclean.141-95-55-172.plesk.page\/produkt\/bez-kategorii\/lit-li\/"},"modified":"2025-06-25T02:42:26","modified_gmt":"2025-06-25T00:42:26","slug":"lit-li","status":"publish","type":"product","link":"https:\/\/drteraz.pl\/en\/badanie-laboratoryjne\/lit-li\/","title":{"rendered":"Lit (Li)"},"content":{"rendered":"<h1>Badanie poziomu Litu (Li)<\/h1>\n<p>\n Badanie poziomu litu jest wykonane z pr\u00f3bki krwi i jest kluczowe dla monitorowania st\u0119\u017cenia tego pierwiastka u os\u00f3b leczonych preparatami litu w ramach terapii psychiatrycznej, przede wszystkim przy zaburzeniach afektywnych takich jak choroba dwubiegunowa. Prawid\u0142owe monitorowanie poziomu litu pomaga w optymalizacji dawkowania leku, minimalizuj\u0105c przy tym ryzyko wyst\u0105pienia dzia\u0142a\u0144 niepo\u017c\u0105danych i toksyczno\u015bci.\n <\/p>\n<h1>Znaczenie badania litu<\/h1>\n<p>\n Litosprz\u0119\u017cone leki s\u0105 stosowane w stabilizacji nastroju, gdzie precyzyjne dawkowanie jest kluczowe do efektywno\u015bci terapii oraz bezpiecze\u0144stwa pacjenta. Nieprawid\u0142owe st\u0119\u017cenie litu mo\u017ce prowadzi\u0107 do powa\u017cnych skutk\u00f3w zdrowotnych, w\u0142\u0105czaj\u0105c w to toksyczno\u015b\u0107 litu, kt\u00f3ra mo\u017ce by\u0107 nawet \u017cyciozagro\u017caj\u0105ca. Regularne badania pomagaj\u0105 w ustawieniu odpowiedniej dawki i zapobiegaj\u0105 wyst\u0105pieniu niepo\u017c\u0105danych objaw\u00f3w.\n <\/p>\n<h1>Przebieg badania<\/h1>\n<p>\n Badanie poziomu litu w surowicy krwi odbywa si\u0119 poprzez pobranie pr\u00f3bki krwi od pacjenta. Zaleca si\u0119 wykonanie badania na czczo. Poziom litu w surowicy jest najcz\u0119\u015bciej oznaczany metod\u0105 spektrofotometrii lub metod\u0105 emisyjn\u0105. Wynik badania jest dost\u0119pny zazwyczaj w ci\u0105gu kilku dni roboczych od pobrania pr\u00f3bki.\n <\/p>\n<h1>Kiedy wykona\u0107 badanie?<\/h1>\n<p>\n Badanie poziomu litu nale\u017cy wykona\u0107 na pocz\u0105tku terapii lekami zawieraj\u0105cymi lit, a nast\u0119pnie w regularnych odst\u0119pach czasu zgodnie z zaleceniami lekarza prowadz\u0105cego. Dodatkowo, badanie jest wskazane przy zmianie dawkowania litu, pojawieniu si\u0119 objaw\u00f3w sugeruj\u0105cych toksyczno\u015b\u0107 lub w celu sprawdzenia, czy poziom litu nie przekracza warto\u015bci bezpiecznej.\n <\/p>\n<h1>Zalecenia dla pacjent\u00f3w<\/h1>\n<p>\n Pacjenci przyjmuj\u0105cy leki litowe powinni regularnie kontrolowa\u0107 st\u0119\u017cenie litu w surowicy, szczeg\u00f3lnie gdy wyst\u0105pi\u0105 objawy takie jak nudno\u015bci, wymioty, biegunka, os\u0142abienie mi\u0119\u015bni, ataksja, czy zmiany w stanie psychicznym. Pacjenci powinni r\u00f3wnie\u017c informowa\u0107 wszystkich swoich lekarzy o terapii litowej i stosowa\u0107 si\u0119 do zalecanych termin\u00f3w bada\u0144.\n <\/p>","protected":false},"excerpt":{"rendered":"<p>Badanie poziomu Litu (Li) Badanie poziomu litu jest wykonane z pr\u00f3bki krwi i jest kluczowe dla monitorowania st\u0119\u017cenia tego pierwiastka u os\u00f3b leczonych preparatami litu w ramach terapii psychiatrycznej, przede wszystkim przy zaburzeniach afektywnych takich jak choroba dwubiegunowa. Prawid\u0142owe monitorowanie poziomu litu pomaga w optymalizacji dawkowania leku, minimalizuj\u0105c przy tym ryzyko wyst\u0105pienia dzia\u0142a\u0144 niepo\u017c\u0105danych i [&hellip;]<\/p>\n","protected":false},"featured_media":0,"template":"","meta":[],"product_brand":[],"product_cat":[25,26],"product_tag":[],"class_list":{"0":"post-2358","1":"product","2":"type-product","3":"status-publish","5":"product_cat-badanie-laboratoryjne","6":"product_cat-krew","8":"first","9":"instock","10":"virtual","11":"sold-individually","12":"purchasable","13":"product-type-simple"},"_links":{"self":[{"href":"https:\/\/drteraz.pl\/en\/wp-json\/wp\/v2\/product\/2358","targetHints":{"allow":["GET"]}}],"collection":[{"href":"https:\/\/drteraz.pl\/en\/wp-json\/wp\/v2\/product"}],"about":[{"href":"https:\/\/drteraz.pl\/en\/wp-json\/wp\/v2\/types\/product"}],"version-history":[{"count":0,"href":"https:\/\/drteraz.pl\/en\/wp-json\/wp\/v2\/product\/2358\/revisions"}],"wp:attachment":[{"href":"https:\/\/drteraz.pl\/en\/wp-json\/wp\/v2\/media?parent=2358"}],"wp:term":[{"taxonomy":"product_brand","embeddable":true,"href":"https:\/\/drteraz.pl\/en\/wp-json\/wp\/v2\/product_brand?post=2358"},{"taxonomy":"product_cat","embeddable":true,"href":"https:\/\/drteraz.pl\/en\/wp-json\/wp\/v2\/product_cat?post=2358"},{"taxonomy":"product_tag","embeddable":true,"href":"https:\/\/drteraz.pl\/en\/wp-json\/wp\/v2\/product_tag?post=2358"}],"curies":[{"name":"wp","href":"https:\/\/api.w.org\/{rel}","templated":true}]}}