{"id":2360,"date":"2025-06-25T02:42:22","date_gmt":"2025-06-25T00:42:22","guid":{"rendered":"https:\/\/frosty-mclean.141-95-55-172.plesk.page\/produkt\/bez-kategorii\/magnez-we-krwi\/"},"modified":"2025-06-25T02:42:26","modified_gmt":"2025-06-25T00:42:26","slug":"magnez-we-krwi","status":"publish","type":"product","link":"https:\/\/drteraz.pl\/en\/badanie-laboratoryjne\/magnez-we-krwi\/","title":{"rendered":"Magnez we krwi"},"content":{"rendered":"<h1>Badanie: Magnez (Mg) w moczu<\/h1>\n<p>Badanie poziomu magnezu (Mg) w moczu to cz\u0119sto wykonywane badanie diagnostyczne, kt\u00f3re pomaga oceni\u0107 spos\u00f3b, w jaki organizm zarz\u0105dza magnezem. Magnez jest mineralnym sk\u0142adnikiem niezb\u0119dnym do prawid\u0142owego funkcjonowania uk\u0142adu nerwowego, mi\u0119\u015bniowego oraz jest wa\u017cny dla zdrowia kostnego. Prawid\u0142owe st\u0119\u017cenie magnezu w organizmie jest kluczowe dla wielu proces\u00f3w metabolicznych. Badanie magnezu w moczu mo\u017ce by\u0107 u\u017cyteczne w diagnozowaniu niedobor\u00f3w lub nadmiaru magnezu, a tak\u017ce w monitorowaniu skuteczno\u015bci suplementacji tego pierwiastka. <\/p>\n<h1>Zastosowanie badania<\/h1>\n<p>Badanie st\u0119\u017cenia magnezu w moczu znajduje zastosowanie przede wszystkim w ocenie r\u00f3wnowagi elektrolitowej organizmu i w diagnostyce metabolicznych zaburze\u0144. Jest szczeg\u00f3lnie wa\u017cne w przypadkach podejrzenia niedoboru magnezu, kt\u00f3ry mo\u017ce objawia\u0107 si\u0119 m.in. os\u0142abieniem, zm\u0119czeniem, drgawkami czy arytmiami serca. Dodatkowo, badanie to pomaga w ocenie funkcjonowania nerek oraz w monitorowaniu terapii w stanach chorobowych, kt\u00f3re wymagaj\u0105 suplementacji magnezu.<\/p>\n<h1>Jak przygotowa\u0107 si\u0119 do badania?<\/h1>\n<p>Przed wykonaniem badania nie s\u0105 wymagane specjalne przygotowania. Zaleca si\u0119 zachowanie normalnego trybu \u017cycia oraz diety. Wa\u017cne jest jednak, aby poinformowa\u0107 lekarza o wszystkich przyjmowanych lekach, poniewa\u017c niekt\u00f3re z nich mog\u0105 wp\u0142ywa\u0107 na poziom magnezu w organizmie. Nale\u017cy r\u00f3wnie\u017c zg\u0142osi\u0107 wszelkie niedawno wyst\u0105pienia biegunki lub wymioty, kt\u00f3re mog\u0105 wp\u0142ywa\u0107 na wyniki badania.<\/p>\n<h1>Co dalej po badaniu?<\/h1>\n<p>Po otrzymaniu wynik\u00f3w badania magnez w moczu, wa\u017cne jest ich dok\u0142adne przeanalizowanie przez specjalist\u0119, kt\u00f3ry na ich podstawie mo\u017ce zdecydowa\u0107 o dalszym post\u0119powaniu. Niskie wyniki mog\u0105 sugerowa\u0107 konieczno\u015b\u0107 wprowadzenia do diety produkt\u00f3w bogatych w magnez, takich jak orzechy, ziarna czy zielone warzywa, lub rozpocz\u0119cie suplementacji. Wysokie st\u0119\u017cenia magnezu mog\u0105 natomiast wymaga\u0107 dalszych bada\u0144 w celu zidentyfikowania przyczyny tej nieprawid\u0142owo\u015bci.<\/p>","protected":false},"excerpt":{"rendered":"<p>Badanie: Magnez (Mg) w moczu Badanie poziomu magnezu (Mg) w moczu to cz\u0119sto wykonywane badanie diagnostyczne, kt\u00f3re pomaga oceni\u0107 spos\u00f3b, w jaki organizm zarz\u0105dza magnezem. Magnez jest mineralnym sk\u0142adnikiem niezb\u0119dnym do prawid\u0142owego funkcjonowania uk\u0142adu nerwowego, mi\u0119\u015bniowego oraz jest wa\u017cny dla zdrowia kostnego. Prawid\u0142owe st\u0119\u017cenie magnezu w organizmie jest kluczowe dla wielu proces\u00f3w metabolicznych. Badanie magnezu [&hellip;]<\/p>\n","protected":false},"featured_media":0,"template":"","meta":[],"product_brand":[],"product_cat":[25,26],"product_tag":[],"class_list":{"0":"post-2360","1":"product","2":"type-product","3":"status-publish","5":"product_cat-badanie-laboratoryjne","6":"product_cat-krew","8":"first","9":"instock","10":"virtual","11":"sold-individually","12":"purchasable","13":"product-type-simple"},"_links":{"self":[{"href":"https:\/\/drteraz.pl\/en\/wp-json\/wp\/v2\/product\/2360","targetHints":{"allow":["GET"]}}],"collection":[{"href":"https:\/\/drteraz.pl\/en\/wp-json\/wp\/v2\/product"}],"about":[{"href":"https:\/\/drteraz.pl\/en\/wp-json\/wp\/v2\/types\/product"}],"version-history":[{"count":0,"href":"https:\/\/drteraz.pl\/en\/wp-json\/wp\/v2\/product\/2360\/revisions"}],"wp:attachment":[{"href":"https:\/\/drteraz.pl\/en\/wp-json\/wp\/v2\/media?parent=2360"}],"wp:term":[{"taxonomy":"product_brand","embeddable":true,"href":"https:\/\/drteraz.pl\/en\/wp-json\/wp\/v2\/product_brand?post=2360"},{"taxonomy":"product_cat","embeddable":true,"href":"https:\/\/drteraz.pl\/en\/wp-json\/wp\/v2\/product_cat?post=2360"},{"taxonomy":"product_tag","embeddable":true,"href":"https:\/\/drteraz.pl\/en\/wp-json\/wp\/v2\/product_tag?post=2360"}],"curies":[{"name":"wp","href":"https:\/\/api.w.org\/{rel}","templated":true}]}}