{"id":2362,"date":"2025-06-25T02:42:22","date_gmt":"2025-06-25T00:42:22","guid":{"rendered":"https:\/\/frosty-mclean.141-95-55-172.plesk.page\/produkt\/bez-kategorii\/mioglobina\/"},"modified":"2025-06-25T02:42:27","modified_gmt":"2025-06-25T00:42:27","slug":"mioglobina","status":"publish","type":"product","link":"https:\/\/drteraz.pl\/en\/badanie-laboratoryjne\/mioglobina\/","title":{"rendered":"Mioglobina"},"content":{"rendered":"<h1>Badanie Mioglobiny<\/h1>\n<p>Badanie mioglobiny jest jednym z bada\u0144 biochemicznych s\u0142u\u017c\u0105cych do diagnozowania chor\u00f3b uk\u0142adu kr\u0105\u017cenia. Mioglobina to bia\u0142ko znajduj\u0105ce si\u0119 w mi\u0119\u015bniach sercowych i szkieletowych, kt\u00f3re odgrywa kluczow\u0105 rol\u0119 w transporcie tlenu do kom\u00f3rek mi\u0119\u015bniowych. Poziom mioglobiny we krwi mo\u017ce wzrosn\u0105\u0107 po uszkodzeniu mi\u0119\u015bni, w tym mi\u0119\u015bnia sercowego, co cz\u0119sto towarzyszy zawa\u0142om serca. Badanie to jest przeprowadzane na pr\u00f3bce krwi pacjenta i pomaga w szybkiej diagnostyce chor\u00f3b serca, zapewniaj\u0105c wa\u017cne informacje, kt\u00f3re mog\u0105 przyspieszy\u0107 wdro\u017cenie odpowiedniego leczenia.<\/p>","protected":false},"excerpt":{"rendered":"<p>Badanie Mioglobiny Badanie mioglobiny jest jednym z bada\u0144 biochemicznych s\u0142u\u017c\u0105cych do diagnozowania chor\u00f3b uk\u0142adu kr\u0105\u017cenia. Mioglobina to bia\u0142ko znajduj\u0105ce si\u0119 w mi\u0119\u015bniach sercowych i szkieletowych, kt\u00f3re odgrywa kluczow\u0105 rol\u0119 w transporcie tlenu do kom\u00f3rek mi\u0119\u015bniowych. Poziom mioglobiny we krwi mo\u017ce wzrosn\u0105\u0107 po uszkodzeniu mi\u0119\u015bni, w tym mi\u0119\u015bnia sercowego, co cz\u0119sto towarzyszy zawa\u0142om serca. Badanie to [&hellip;]<\/p>\n","protected":false},"featured_media":0,"template":"","meta":[],"product_brand":[],"product_cat":[25,26],"product_tag":[],"class_list":{"0":"post-2362","1":"product","2":"type-product","3":"status-publish","5":"product_cat-badanie-laboratoryjne","6":"product_cat-krew","8":"first","9":"instock","10":"virtual","11":"sold-individually","12":"purchasable","13":"product-type-simple"},"_links":{"self":[{"href":"https:\/\/drteraz.pl\/en\/wp-json\/wp\/v2\/product\/2362","targetHints":{"allow":["GET"]}}],"collection":[{"href":"https:\/\/drteraz.pl\/en\/wp-json\/wp\/v2\/product"}],"about":[{"href":"https:\/\/drteraz.pl\/en\/wp-json\/wp\/v2\/types\/product"}],"version-history":[{"count":0,"href":"https:\/\/drteraz.pl\/en\/wp-json\/wp\/v2\/product\/2362\/revisions"}],"wp:attachment":[{"href":"https:\/\/drteraz.pl\/en\/wp-json\/wp\/v2\/media?parent=2362"}],"wp:term":[{"taxonomy":"product_brand","embeddable":true,"href":"https:\/\/drteraz.pl\/en\/wp-json\/wp\/v2\/product_brand?post=2362"},{"taxonomy":"product_cat","embeddable":true,"href":"https:\/\/drteraz.pl\/en\/wp-json\/wp\/v2\/product_cat?post=2362"},{"taxonomy":"product_tag","embeddable":true,"href":"https:\/\/drteraz.pl\/en\/wp-json\/wp\/v2\/product_tag?post=2362"}],"curies":[{"name":"wp","href":"https:\/\/api.w.org\/{rel}","templated":true}]}}