{"id":2363,"date":"2025-06-25T02:42:22","date_gmt":"2025-06-25T00:42:22","guid":{"rendered":"https:\/\/frosty-mclean.141-95-55-172.plesk.page\/produkt\/bez-kategorii\/mocznik-w-moczu\/"},"modified":"2025-06-25T02:42:27","modified_gmt":"2025-06-25T00:42:27","slug":"mocznik-w-moczu","status":"publish","type":"product","link":"https:\/\/drteraz.pl\/en\/badanie-laboratoryjne\/mocznik-w-moczu\/","title":{"rendered":"Mocznik w moczu"},"content":{"rendered":"<h1>Badanie biochemiczne: Mocznik<\/h1>\n<p>Mocznik (BUN, z angielskiego blood urea nitrogen) jest produktem ko\u0144cowym metabolizmu bia\u0142ek u ludzi. Jego st\u0119\u017cenie we krwi jest istotnym wska\u017anikiem funkcji nerek. Badanie poziomu mocznika jest cz\u0119sto wykorzystywane w diagnostyce medycznej do oceny sprawno\u015bci nerek oraz w wykrywaniu i monitorowaniu r\u00f3\u017cnych stan\u00f3w chorobowych, takich jak przewlek\u0142a niewydolno\u015b\u0107 nerek, niedro\u017cno\u015b\u0107 dr\u00f3g moczowych, czy choroby w\u0105troby. Warto\u015bci mog\u0105 r\u00f3wnie\u017c ulec zmianie na skutek odwodnienia organizmu lub diety bogatej w bia\u0142ko. Pobieranie krwi do badania odbywa si\u0119 zwykle z \u017cy\u0142y \u0142okciowej i nie wymaga specjalnych przygotowa\u0144 od pacjenta.<\/p>","protected":false},"excerpt":{"rendered":"<p>Badanie biochemiczne: Mocznik Mocznik (BUN, z angielskiego blood urea nitrogen) jest produktem ko\u0144cowym metabolizmu bia\u0142ek u ludzi. Jego st\u0119\u017cenie we krwi jest istotnym wska\u017anikiem funkcji nerek. Badanie poziomu mocznika jest cz\u0119sto wykorzystywane w diagnostyce medycznej do oceny sprawno\u015bci nerek oraz w wykrywaniu i monitorowaniu r\u00f3\u017cnych stan\u00f3w chorobowych, takich jak przewlek\u0142a niewydolno\u015b\u0107 nerek, niedro\u017cno\u015b\u0107 dr\u00f3g moczowych, [&hellip;]<\/p>\n","protected":false},"featured_media":0,"template":"","meta":[],"product_brand":[],"product_cat":[25,27],"product_tag":[],"class_list":{"0":"post-2363","1":"product","2":"type-product","3":"status-publish","5":"product_cat-badanie-laboratoryjne","6":"product_cat-mocz","8":"first","9":"instock","10":"virtual","11":"sold-individually","12":"purchasable","13":"product-type-simple"},"_links":{"self":[{"href":"https:\/\/drteraz.pl\/en\/wp-json\/wp\/v2\/product\/2363","targetHints":{"allow":["GET"]}}],"collection":[{"href":"https:\/\/drteraz.pl\/en\/wp-json\/wp\/v2\/product"}],"about":[{"href":"https:\/\/drteraz.pl\/en\/wp-json\/wp\/v2\/types\/product"}],"version-history":[{"count":0,"href":"https:\/\/drteraz.pl\/en\/wp-json\/wp\/v2\/product\/2363\/revisions"}],"wp:attachment":[{"href":"https:\/\/drteraz.pl\/en\/wp-json\/wp\/v2\/media?parent=2363"}],"wp:term":[{"taxonomy":"product_brand","embeddable":true,"href":"https:\/\/drteraz.pl\/en\/wp-json\/wp\/v2\/product_brand?post=2363"},{"taxonomy":"product_cat","embeddable":true,"href":"https:\/\/drteraz.pl\/en\/wp-json\/wp\/v2\/product_cat?post=2363"},{"taxonomy":"product_tag","embeddable":true,"href":"https:\/\/drteraz.pl\/en\/wp-json\/wp\/v2\/product_tag?post=2363"}],"curies":[{"name":"wp","href":"https:\/\/api.w.org\/{rel}","templated":true}]}}