{"id":2366,"date":"2025-06-25T02:42:32","date_gmt":"2025-06-25T00:42:32","guid":{"rendered":"https:\/\/frosty-mclean.141-95-55-172.plesk.page\/produkt\/bez-kategorii\/morfologia-krwi-z-rozmazem-automatycznym\/"},"modified":"2025-06-25T02:42:33","modified_gmt":"2025-06-25T00:42:33","slug":"morfologia-krwi-z-rozmazem-automatycznym","status":"publish","type":"product","link":"https:\/\/drteraz.pl\/en\/badanie-laboratoryjne\/morfologia-krwi-z-rozmazem-automatycznym\/","title":{"rendered":"Morfologia krwi z rozmazem automatycznym"},"content":{"rendered":"<p><strong>Morfologia krwi pe\u0142na (tzw. morfologia 5 diff.)<\/strong> to badanie, kt\u00f3re ocenia jako\u015bciowo i ilo\u015bciowo sk\u0142ad i morfologi\u0119 krwi obwodowej, w tym erytrocyty, pi\u0119\u0107 frakcji leukocyt\u00f3w oraz trombocyty. Jest to podstawowe badanie krwi, wykorzystywane zar\u00f3wno profilaktycznie, jak i diagnostycznie.<\/p>\n<p>&nbsp;<\/p>\n<p><strong>Morfologia krwi (pe\u0142na) &#8211; morfologia 5 diff.<\/strong> umo\u017cliwia og\u00f3ln\u0105 ocen\u0119 uk\u0142adu erytrocytarnego, leukocytarnego i trombocytarnego. Parametry uk\u0142adu erytrocytarnego, takie jak liczba erytrocyt\u00f3w, hematokryt, hemoglobina, wska\u017aniki erytrocytarne i RDW, pozwalaj\u0105 na wst\u0119pne rozpoznanie i r\u00f3\u017cnicowanie anemii na podstawie wielko\u015bci krwinek (mikro-, normo-, makrocytarne), zawarto\u015bci hemoglobiny (niedobarwliwe, normobarwliwe) oraz anizocytozy (RDW). Badanie to jest r\u00f3wnie\u017c przydatne w monitorowaniu leczenia anemii, ocenie utraty krwi po krwotokach i analizie funkcji erytropoetycznej szpiku.<\/p>\n<p>&nbsp;<\/p>\n<p>Parametry uk\u0142adu leukocytarnego, takie jak ca\u0142kowita liczba leukocyt\u00f3w i automatyczny &#8222;rozmaz&#8221; r\u00f3\u017cnicuj\u0105cy neutrofile, limfocyty, monocyty, eozynofile i bazofile, pomagaj\u0105 w diagnostyce niedobor\u00f3w odporno\u015bci, stan\u00f3w zapalnych, infekcji, chor\u00f3b rozrostowych szpiku i uk\u0142adu limfatycznego oraz zaburze\u0144 funkcjonowania szpiku, w tym zespo\u0142\u00f3w mielodysplastycznych.<\/p>\n<p>Ocena funkcji trombocyt\u00f3w i ich parametr\u00f3w, takich jak MPV, PDW i P-LCR, jest u\u017cyteczna w diagnostyce stan\u00f3w z nieprawid\u0142ow\u0105 liczb\u0105 p\u0142ytek oraz ich anizocytoz\u0105, co jest istotne w diagnostyce krwawie\u0144 lub stan\u00f3w zakrzepowych.<\/p>\n<p>&nbsp;<\/p>\n<p><strong>Parametry morfologii krwi (pe\u0142nej):<\/strong><\/p>\n<ul>\n<li><strong>LEUKOCYTY (WBC)<\/strong> \u2013 ca\u0142kowita liczba krwinek bia\u0142ych w tys.\/\u03bcL<\/li>\n<li><strong>ERYTROCYTY (RBC)<\/strong> \u2013 liczba krwinek czerwonych w mln\/\u03bcL<\/li>\n<li><strong>HEMOGLOBINA (HGB)<\/strong> \u2013 st\u0119\u017cenie hemoglobiny we krwi w g\/dl<\/li>\n<li><strong>HEMATOKRYT (HCT)<\/strong> \u2013 procentowa obj\u0119to\u015b\u0107 erytrocyt\u00f3w w pe\u0142nej krwi<\/li>\n<\/ul>\n<p>&nbsp;<\/p>\n<p><strong>Wska\u017aniki erytrocytarne:<\/strong><\/p>\n<ul>\n<li><strong>MCV<\/strong> \u2013 \u015brednia obj\u0119to\u015b\u0107 krwinki<\/li>\n<li><strong>MCH<\/strong> \u2013 \u015brednia masa hemoglobiny w krwince<\/li>\n<li><strong>MCHC<\/strong> \u2013 \u015brednie st\u0119\u017cenie hemoglobiny w krwince<\/li>\n<li><strong>RDW<\/strong> \u2013 wska\u017anik zmienno\u015bci obj\u0119to\u015bci erytrocyt\u00f3w<\/li>\n<\/ul>\n<p>&nbsp;<\/p>\n<p><strong>Parametry trombocyt\u00f3w:<\/strong><\/p>\n<ul>\n<li><strong>PLT<\/strong> \u2013 liczba p\u0142ytek krwi w tys.\/\u03bcL<\/li>\n<li><strong>MPV<\/strong> \u2013 \u015brednia obj\u0119to\u015b\u0107 p\u0142ytki krwi<\/li>\n<li><strong>PDW<\/strong> \u2013 wska\u017anik zmienno\u015bci obj\u0119to\u015bci p\u0142ytek krwi<\/li>\n<li><strong>PCT<\/strong> \u2013 hematokryt p\u0142ytkowy<\/li>\n<li><strong>P-LCR<\/strong> \u2013 wska\u017anik du\u017cych p\u0142ytek (&gt;12 fL)<\/li>\n<\/ul>\n<p>&nbsp;<\/p>\n<p><strong>Leukocyty z podzia\u0142em na frakcje:<\/strong><\/p>\n<ul>\n<li>Monocyty (agranulocyty)<\/li>\n<li>Limfocyty (agranulocyty)<\/li>\n<li>Neutrofile (granulocyty oboj\u0119tnoch\u0142onne)<\/li>\n<li>Bazofile (granulocyty zasadoch\u0142onne)<\/li>\n<li>Eozynofile (granulocyty kwasoch\u0142onne)<\/li>\n<\/ul>\n<p>&nbsp;<\/p>\n<p>Ka\u017cda z tych grup jest okre\u015blana podw\u00f3jnie: bezwzgl\u0119dn\u0105 liczb\u0105 w mikrolitrze i warto\u015bci\u0105 odsetkow\u0105 wszystkich krwinek bia\u0142ych.<\/p>","protected":false},"excerpt":{"rendered":"<p>Morfologia krwi pe\u0142na (tzw. morfologia 5 diff.) to badanie, kt\u00f3re ocenia jako\u015bciowo i ilo\u015bciowo sk\u0142ad i morfologi\u0119 krwi obwodowej, w tym erytrocyty, pi\u0119\u0107 frakcji leukocyt\u00f3w oraz trombocyty. Jest to podstawowe badanie krwi, wykorzystywane zar\u00f3wno profilaktycznie, jak i diagnostycznie. &nbsp; Morfologia krwi (pe\u0142na) &#8211; morfologia 5 diff. umo\u017cliwia og\u00f3ln\u0105 ocen\u0119 uk\u0142adu erytrocytarnego, leukocytarnego i trombocytarnego. Parametry [&hellip;]<\/p>\n","protected":false},"featured_media":0,"template":"","meta":[],"product_brand":[],"product_cat":[25,26],"product_tag":[],"class_list":{"0":"post-2366","1":"product","2":"type-product","3":"status-publish","5":"product_cat-badanie-laboratoryjne","6":"product_cat-krew","8":"first","9":"instock","10":"virtual","11":"sold-individually","12":"purchasable","13":"product-type-simple"},"_links":{"self":[{"href":"https:\/\/drteraz.pl\/en\/wp-json\/wp\/v2\/product\/2366","targetHints":{"allow":["GET"]}}],"collection":[{"href":"https:\/\/drteraz.pl\/en\/wp-json\/wp\/v2\/product"}],"about":[{"href":"https:\/\/drteraz.pl\/en\/wp-json\/wp\/v2\/types\/product"}],"version-history":[{"count":0,"href":"https:\/\/drteraz.pl\/en\/wp-json\/wp\/v2\/product\/2366\/revisions"}],"wp:attachment":[{"href":"https:\/\/drteraz.pl\/en\/wp-json\/wp\/v2\/media?parent=2366"}],"wp:term":[{"taxonomy":"product_brand","embeddable":true,"href":"https:\/\/drteraz.pl\/en\/wp-json\/wp\/v2\/product_brand?post=2366"},{"taxonomy":"product_cat","embeddable":true,"href":"https:\/\/drteraz.pl\/en\/wp-json\/wp\/v2\/product_cat?post=2366"},{"taxonomy":"product_tag","embeddable":true,"href":"https:\/\/drteraz.pl\/en\/wp-json\/wp\/v2\/product_tag?post=2366"}],"curies":[{"name":"wp","href":"https:\/\/api.w.org\/{rel}","templated":true}]}}