{"id":2367,"date":"2025-06-25T02:42:32","date_gmt":"2025-06-25T00:42:32","guid":{"rendered":"https:\/\/frosty-mclean.141-95-55-172.plesk.page\/produkt\/bez-kategorii\/morfologia-podstawowa\/"},"modified":"2025-06-25T02:42:33","modified_gmt":"2025-06-25T00:42:33","slug":"morfologia-podstawowa","status":"publish","type":"product","link":"https:\/\/drteraz.pl\/en\/badanie-laboratoryjne\/morfologia-podstawowa\/","title":{"rendered":"Morfologia podstawowa"},"content":{"rendered":"<h1>Morfologia podstawowa<\/h1>\n<p>Morfologia podstawowa to podstawowe badanie krwi, kt\u00f3re pozwala oceni\u0107 og\u00f3lny stan zdrowia pacjenta oraz wykry\u0107 r\u00f3\u017cnego rodzaju nieprawid\u0142owo\u015bci i choroby. Badanie to jest cz\u0119\u015bci\u0105 kategorii HEMATOLOGIA I KOAGUOLOGIA i jest wykonywane na podstawie pr\u00f3bki krwi pobranej od pacjenta. Morfologia podstawowa obejmuje mi\u0119dzy innymi liczenie liczby czerwonych krwinek (erytrocyt\u00f3w), bia\u0142ych krwinek (leukocyt\u00f3w), a tak\u017ce pomiar poziomu hemoglobiny i hematokrytu. Wyniki tego badania dostarczaj\u0105 informacji na temat stanu zapalnego, anemii, stan\u00f3w infekcyjnych oraz wielu innych stan\u00f3w chorobowych.<\/p>","protected":false},"excerpt":{"rendered":"<p>Morfologia podstawowa Morfologia podstawowa to podstawowe badanie krwi, kt\u00f3re pozwala oceni\u0107 og\u00f3lny stan zdrowia pacjenta oraz wykry\u0107 r\u00f3\u017cnego rodzaju nieprawid\u0142owo\u015bci i choroby. Badanie to jest cz\u0119\u015bci\u0105 kategorii HEMATOLOGIA I KOAGUOLOGIA i jest wykonywane na podstawie pr\u00f3bki krwi pobranej od pacjenta. Morfologia podstawowa obejmuje mi\u0119dzy innymi liczenie liczby czerwonych krwinek (erytrocyt\u00f3w), bia\u0142ych krwinek (leukocyt\u00f3w), a tak\u017ce [&hellip;]<\/p>\n","protected":false},"featured_media":0,"template":"","meta":[],"product_brand":[],"product_cat":[25,26],"product_tag":[],"class_list":{"0":"post-2367","1":"product","2":"type-product","3":"status-publish","5":"product_cat-badanie-laboratoryjne","6":"product_cat-krew","8":"first","9":"instock","10":"virtual","11":"sold-individually","12":"purchasable","13":"product-type-simple"},"_links":{"self":[{"href":"https:\/\/drteraz.pl\/en\/wp-json\/wp\/v2\/product\/2367","targetHints":{"allow":["GET"]}}],"collection":[{"href":"https:\/\/drteraz.pl\/en\/wp-json\/wp\/v2\/product"}],"about":[{"href":"https:\/\/drteraz.pl\/en\/wp-json\/wp\/v2\/types\/product"}],"version-history":[{"count":0,"href":"https:\/\/drteraz.pl\/en\/wp-json\/wp\/v2\/product\/2367\/revisions"}],"wp:attachment":[{"href":"https:\/\/drteraz.pl\/en\/wp-json\/wp\/v2\/media?parent=2367"}],"wp:term":[{"taxonomy":"product_brand","embeddable":true,"href":"https:\/\/drteraz.pl\/en\/wp-json\/wp\/v2\/product_brand?post=2367"},{"taxonomy":"product_cat","embeddable":true,"href":"https:\/\/drteraz.pl\/en\/wp-json\/wp\/v2\/product_cat?post=2367"},{"taxonomy":"product_tag","embeddable":true,"href":"https:\/\/drteraz.pl\/en\/wp-json\/wp\/v2\/product_tag?post=2367"}],"curies":[{"name":"wp","href":"https:\/\/api.w.org\/{rel}","templated":true}]}}