{"id":2368,"date":"2025-06-25T02:42:32","date_gmt":"2025-06-25T00:42:32","guid":{"rendered":"https:\/\/frosty-mclean.141-95-55-172.plesk.page\/produkt\/bez-kategorii\/morfologia-z-rozmazem-mikroskopowym\/"},"modified":"2025-06-25T02:42:33","modified_gmt":"2025-06-25T00:42:33","slug":"morfologia-z-rozmazem-mikroskopowym","status":"publish","type":"product","link":"https:\/\/drteraz.pl\/en\/badanie-laboratoryjne\/morfologia-z-rozmazem-mikroskopowym\/","title":{"rendered":"Morfologia z rozmazem mikroskopowym"},"content":{"rendered":"<h1>Morfologia z rozmazem mikroskopowym<\/h1>\n<p>Morfologia krwi z rozmazem mikroskopowym to podstawowe badanie wykonywane w celu oceny sk\u0142adu kom\u00f3rkowego krwi. Nale\u017cy do kategorii bada\u0144 hematologicznych i jest niezb\u0119dne w diagnostyce wielu chor\u00f3b, w tym anemii, infekcji czy r\u00f3\u017cnych rodzaj\u00f3w nowotwor\u00f3w krwi. Pr\u00f3bka krwi pobierana jest zwykle z \u017cy\u0142y obwodowej pacjenta. Wyniki tego badania pozwalaj\u0105 lekarzowi na ocen\u0119 liczby oraz morfologii bia\u0142ych krwinek, czerwonych krwinek i p\u0142ytek krwi, co mo\u017ce by\u0107 kluczowe dla wczesnego wykrywania zaburze\u0144 zdrowotnych.<\/p>","protected":false},"excerpt":{"rendered":"<p>Morfologia z rozmazem mikroskopowym Morfologia krwi z rozmazem mikroskopowym to podstawowe badanie wykonywane w celu oceny sk\u0142adu kom\u00f3rkowego krwi. Nale\u017cy do kategorii bada\u0144 hematologicznych i jest niezb\u0119dne w diagnostyce wielu chor\u00f3b, w tym anemii, infekcji czy r\u00f3\u017cnych rodzaj\u00f3w nowotwor\u00f3w krwi. Pr\u00f3bka krwi pobierana jest zwykle z \u017cy\u0142y obwodowej pacjenta. Wyniki tego badania pozwalaj\u0105 lekarzowi na [&hellip;]<\/p>\n","protected":false},"featured_media":0,"template":"","meta":[],"product_brand":[],"product_cat":[25,26],"product_tag":[],"class_list":{"0":"post-2368","1":"product","2":"type-product","3":"status-publish","5":"product_cat-badanie-laboratoryjne","6":"product_cat-krew","8":"first","9":"instock","10":"virtual","11":"sold-individually","12":"purchasable","13":"product-type-simple"},"_links":{"self":[{"href":"https:\/\/drteraz.pl\/en\/wp-json\/wp\/v2\/product\/2368","targetHints":{"allow":["GET"]}}],"collection":[{"href":"https:\/\/drteraz.pl\/en\/wp-json\/wp\/v2\/product"}],"about":[{"href":"https:\/\/drteraz.pl\/en\/wp-json\/wp\/v2\/types\/product"}],"version-history":[{"count":0,"href":"https:\/\/drteraz.pl\/en\/wp-json\/wp\/v2\/product\/2368\/revisions"}],"wp:attachment":[{"href":"https:\/\/drteraz.pl\/en\/wp-json\/wp\/v2\/media?parent=2368"}],"wp:term":[{"taxonomy":"product_brand","embeddable":true,"href":"https:\/\/drteraz.pl\/en\/wp-json\/wp\/v2\/product_brand?post=2368"},{"taxonomy":"product_cat","embeddable":true,"href":"https:\/\/drteraz.pl\/en\/wp-json\/wp\/v2\/product_cat?post=2368"},{"taxonomy":"product_tag","embeddable":true,"href":"https:\/\/drteraz.pl\/en\/wp-json\/wp\/v2\/product_tag?post=2368"}],"curies":[{"name":"wp","href":"https:\/\/api.w.org\/{rel}","templated":true}]}}