{"id":2372,"date":"2025-06-25T02:42:32","date_gmt":"2025-06-25T00:42:32","guid":{"rendered":"https:\/\/frosty-mclean.141-95-55-172.plesk.page\/produkt\/bez-kategorii\/nse-nowotwory-pluc-drobnokomorkowe\/"},"modified":"2025-06-25T02:42:35","modified_gmt":"2025-06-25T00:42:35","slug":"nse-nowotwory-pluc-drobnokomorkowe","status":"publish","type":"product","link":"https:\/\/drteraz.pl\/en\/badanie-laboratoryjne\/nse-nowotwory-pluc-drobnokomorkowe\/","title":{"rendered":"NSE (nowotwory p\u0142uc drobnokom\u00f3rkowe)"},"content":{"rendered":"<h1>Badanie NSE (neuronospecyficzna enolaza) w diagnostyce drobnokom\u00f3rkowego raka p\u0142uc<\/h1>\n<p>Neuronospecyficzna enolaza (NSE) jest jednym z biomarker\u00f3w stosowanych w diagnostyce nowotworowej, szczeg\u00f3lnie w wykrywaniu i monitorowaniu drobnokom\u00f3rkowego raka p\u0142uc. Badanie NSE wykonuje si\u0119 na podstawie pr\u00f3bki krwi, co sprawia, \u017ce jest to metoda ma\u0142o inwazyjna dla pacjenta. Wysoki poziom NSE mo\u017ce wskazywa\u0107 na obecno\u015b\u0107 drobnokom\u00f3rkowego raka p\u0142uc, cho\u0107 nie jest to marker specyficzny wy\u0142\u0105cznie dla tego typu nowotworu.<\/p>\n<p>Badanie NSE mo\u017ce by\u0107 r\u00f3wnie\u017c wykorzystywane do oceny skuteczno\u015bci leczenia oraz monitorowania nawrot\u00f3w choroby. Warto jednak pami\u0119ta\u0107, \u017ce poziom NSE mo\u017ce by\u0107 podwy\u017cszony tak\u017ce w wyniku innych schorze\u0144, dlatego jego interpretacja zawsze powinna by\u0107 przeprowadzana przez do\u015bwiadczonego lekarza onkologa.<\/p>\n<p>Bior\u0105c pod uwag\u0119 warto\u015b\u0107 diagnostyczn\u0105 tego badania, rekomenduje si\u0119 regularne kontrolowanie poziomu NSE u pacjent\u00f3w z drobnokom\u00f3rkowym rakiem p\u0142uc, zar\u00f3wno w procesie diagnozy, jak i podczas leczenia i obserwacji po zako\u0144czeniu terapii.<\/p>","protected":false},"excerpt":{"rendered":"<p>Badanie NSE (neuronospecyficzna enolaza) w diagnostyce drobnokom\u00f3rkowego raka p\u0142uc Neuronospecyficzna enolaza (NSE) jest jednym z biomarker\u00f3w stosowanych w diagnostyce nowotworowej, szczeg\u00f3lnie w wykrywaniu i monitorowaniu drobnokom\u00f3rkowego raka p\u0142uc. Badanie NSE wykonuje si\u0119 na podstawie pr\u00f3bki krwi, co sprawia, \u017ce jest to metoda ma\u0142o inwazyjna dla pacjenta. Wysoki poziom NSE mo\u017ce wskazywa\u0107 na obecno\u015b\u0107 drobnokom\u00f3rkowego raka [&hellip;]<\/p>\n","protected":false},"featured_media":0,"template":"","meta":[],"product_brand":[],"product_cat":[25,26],"product_tag":[],"class_list":{"0":"post-2372","1":"product","2":"type-product","3":"status-publish","5":"product_cat-badanie-laboratoryjne","6":"product_cat-krew","8":"first","9":"instock","10":"virtual","11":"sold-individually","12":"purchasable","13":"product-type-simple"},"_links":{"self":[{"href":"https:\/\/drteraz.pl\/en\/wp-json\/wp\/v2\/product\/2372","targetHints":{"allow":["GET"]}}],"collection":[{"href":"https:\/\/drteraz.pl\/en\/wp-json\/wp\/v2\/product"}],"about":[{"href":"https:\/\/drteraz.pl\/en\/wp-json\/wp\/v2\/types\/product"}],"version-history":[{"count":0,"href":"https:\/\/drteraz.pl\/en\/wp-json\/wp\/v2\/product\/2372\/revisions"}],"wp:attachment":[{"href":"https:\/\/drteraz.pl\/en\/wp-json\/wp\/v2\/media?parent=2372"}],"wp:term":[{"taxonomy":"product_brand","embeddable":true,"href":"https:\/\/drteraz.pl\/en\/wp-json\/wp\/v2\/product_brand?post=2372"},{"taxonomy":"product_cat","embeddable":true,"href":"https:\/\/drteraz.pl\/en\/wp-json\/wp\/v2\/product_cat?post=2372"},{"taxonomy":"product_tag","embeddable":true,"href":"https:\/\/drteraz.pl\/en\/wp-json\/wp\/v2\/product_tag?post=2372"}],"curies":[{"name":"wp","href":"https:\/\/api.w.org\/{rel}","templated":true}]}}