{"id":2373,"date":"2025-06-25T02:42:32","date_gmt":"2025-06-25T00:42:32","guid":{"rendered":"https:\/\/frosty-mclean.141-95-55-172.plesk.page\/produkt\/bez-kategorii\/nt-pro-bnp-koncowy-peptyd-natriuretyczny-typ-b\/"},"modified":"2025-06-25T02:42:35","modified_gmt":"2025-06-25T00:42:35","slug":"nt-pro-bnp-koncowy-peptyd-natriuretyczny-typ-b","status":"publish","type":"product","link":"https:\/\/drteraz.pl\/en\/badanie-laboratoryjne\/nt-pro-bnp-koncowy-peptyd-natriuretyczny-typ-b\/","title":{"rendered":"NT-pro-BNP (ko\u0144cowy peptyd natriuretyczny typ B)"},"content":{"rendered":"<h1>NT-pro-BNP (ko\u0144cowy peptyd natriuretyczny typ B)<\/h1>\n<p>Badanie NT-pro-BNP jest istotnym narz\u0119dziem w diagnostyce chor\u00f3b serca, w szczeg\u00f3lno\u015bci niewydolno\u015bci serca. Test ten mierzy st\u0119\u017cenie ko\u0144cowego peptydu natriuretycznego typu B w krwi, kt\u00f3ry jest wydzielany przez kom\u00f3rki serca w odpowiedzi na rozci\u0105ganie kom\u00f3rek sercowych. Wysokie poziomy NT-pro-BNP s\u0105 zwi\u0105zane z obci\u0105\u017ceniem serca i mog\u0105 wskazywa\u0107 na niewydolno\u015b\u0107 serca.<\/p>\n<p>Badanie przeprowadza si\u0119 na podstawie pr\u00f3bki krwi, co umo\u017cliwia szybk\u0105 i efektywn\u0105 ocen\u0119 ryzyka wyst\u0105pienia niewydolno\u015bci serca oraz monitorowanie stanu pacjenta. Pomiar NT-pro-BNP jest szczeg\u00f3lnie wa\u017cny u os\u00f3b z objawami duszno\u015bci, zm\u0119czenia i innych objaw\u00f3w mog\u0105cych sugerowa\u0107 niewydolno\u015b\u0107 serca.<\/p>\n<p>NT-pro-BNP jest tak\u017ce przydatne w ocenie skuteczno\u015bci leczenia niewydolno\u015bci serca. Regularne monitorowanie poziomu biomarkera pozwala dostosowa\u0107 terapi\u0119, aby maksymalizowa\u0107 jej efektywno\u015b\u0107 i poprawi\u0107 jako\u015b\u0107 \u017cycia pacjenta.<\/p>","protected":false},"excerpt":{"rendered":"<p>NT-pro-BNP (ko\u0144cowy peptyd natriuretyczny typ B) Badanie NT-pro-BNP jest istotnym narz\u0119dziem w diagnostyce chor\u00f3b serca, w szczeg\u00f3lno\u015bci niewydolno\u015bci serca. Test ten mierzy st\u0119\u017cenie ko\u0144cowego peptydu natriuretycznego typu B w krwi, kt\u00f3ry jest wydzielany przez kom\u00f3rki serca w odpowiedzi na rozci\u0105ganie kom\u00f3rek sercowych. Wysokie poziomy NT-pro-BNP s\u0105 zwi\u0105zane z obci\u0105\u017ceniem serca i mog\u0105 wskazywa\u0107 na niewydolno\u015b\u0107 [&hellip;]<\/p>\n","protected":false},"featured_media":0,"template":"","meta":[],"product_brand":[],"product_cat":[25,26],"product_tag":[],"class_list":{"0":"post-2373","1":"product","2":"type-product","3":"status-publish","5":"product_cat-badanie-laboratoryjne","6":"product_cat-krew","8":"first","9":"instock","10":"virtual","11":"sold-individually","12":"purchasable","13":"product-type-simple"},"_links":{"self":[{"href":"https:\/\/drteraz.pl\/en\/wp-json\/wp\/v2\/product\/2373","targetHints":{"allow":["GET"]}}],"collection":[{"href":"https:\/\/drteraz.pl\/en\/wp-json\/wp\/v2\/product"}],"about":[{"href":"https:\/\/drteraz.pl\/en\/wp-json\/wp\/v2\/types\/product"}],"version-history":[{"count":0,"href":"https:\/\/drteraz.pl\/en\/wp-json\/wp\/v2\/product\/2373\/revisions"}],"wp:attachment":[{"href":"https:\/\/drteraz.pl\/en\/wp-json\/wp\/v2\/media?parent=2373"}],"wp:term":[{"taxonomy":"product_brand","embeddable":true,"href":"https:\/\/drteraz.pl\/en\/wp-json\/wp\/v2\/product_brand?post=2373"},{"taxonomy":"product_cat","embeddable":true,"href":"https:\/\/drteraz.pl\/en\/wp-json\/wp\/v2\/product_cat?post=2373"},{"taxonomy":"product_tag","embeddable":true,"href":"https:\/\/drteraz.pl\/en\/wp-json\/wp\/v2\/product_tag?post=2373"}],"curies":[{"name":"wp","href":"https:\/\/api.w.org\/{rel}","templated":true}]}}