{"id":2377,"date":"2025-06-25T02:42:32","date_gmt":"2025-06-25T00:42:32","guid":{"rendered":"https:\/\/frosty-mclean.141-95-55-172.plesk.page\/produkt\/bez-kategorii\/osmolalnosc-moczu\/"},"modified":"2025-06-25T02:42:36","modified_gmt":"2025-06-25T00:42:36","slug":"osmolalnosc-moczu","status":"publish","type":"product","link":"https:\/\/drteraz.pl\/en\/badanie-laboratoryjne\/osmolalnosc-moczu\/","title":{"rendered":"Osmolalno\u015b\u0107 moczu"},"content":{"rendered":"<h1>Osmolalno\u015b\u0107 w moczu<\/h1>\n<p>Badanie osmolalno\u015bci w moczu jest jednym z podstawowych bada\u0144 diagnostycznych wchodz\u0105cych w sk\u0142ad kategorii bada\u0144 og\u00f3lnych. Jest to badanie laboratoryjne, kt\u00f3re pomaga oceni\u0107 zdolno\u015b\u0107 nerek do koncentrowania lub rozcie\u0144czania moczu, co jest istotne w diagnozowaniu r\u00f3\u017cnych schorze\u0144 nerkowych oraz zaburze\u0144 r\u00f3wnowagi wodno-elektrolitowej organizmu. Osmolalno\u015b\u0107 w moczu odzwierciedla liczb\u0119 cz\u0105steczek rozpuszczonych w moczu, takich jak elektrolity, glukoza, mocznik, kt\u00f3re wp\u0142ywaj\u0105 na ci\u015bnienie osmotyczne.<\/p>\n<p>Badanie polega na pobraniu pr\u00f3bki moczu od pacjenta, kt\u00f3ra nast\u0119pnie analizowana jest w laboratorium przy u\u017cyciu specjalistycznych urz\u0105dze\u0144 mierz\u0105cych osmolalno\u015b\u0107. Wynik badania wyra\u017cany jest w mOsm\/kg H2O i pozwala oceni\u0107, czy nerki prawid\u0142owo reguluj\u0105 st\u0119\u017cenie substancji w ciele cz\u0142owieka. Badanie to jest szczeg\u00f3lnie wa\u017cne przy diagnozowaniu schorze\u0144 takich jak cukrzyca insipidus, hiperkalcemia, czy niewydolno\u015b\u0107 nerek.<\/p>\n<p>Przed wykonaniem badania zalecane jest unikanie intensywnych \u0107wicze\u0144 fizycznych oraz pewnych lek\u00f3w, kt\u00f3re mog\u0105 wp\u0142yn\u0105\u0107 na wynik badania. Dlatego wa\u017cne jest, aby przed badaniem skonsultowa\u0107 si\u0119 z lekarzem, kt\u00f3ry poinformuje o wszystkich wymaganiach i ograniczeniach. Interpretacja wynik\u00f3w powinna by\u0107 zawsze przeprowadzona przez wykwalifikowanego lekarza, kt\u00f3ry we\u017amie pod uwag\u0119 inne czynniki i badania, aby umo\u017cliwi\u0107 dok\u0142adne zdiagnozowanie stanu zdrowia pacjenta.<\/p>","protected":false},"excerpt":{"rendered":"<p>Osmolalno\u015b\u0107 w moczu Badanie osmolalno\u015bci w moczu jest jednym z podstawowych bada\u0144 diagnostycznych wchodz\u0105cych w sk\u0142ad kategorii bada\u0144 og\u00f3lnych. Jest to badanie laboratoryjne, kt\u00f3re pomaga oceni\u0107 zdolno\u015b\u0107 nerek do koncentrowania lub rozcie\u0144czania moczu, co jest istotne w diagnozowaniu r\u00f3\u017cnych schorze\u0144 nerkowych oraz zaburze\u0144 r\u00f3wnowagi wodno-elektrolitowej organizmu. Osmolalno\u015b\u0107 w moczu odzwierciedla liczb\u0119 cz\u0105steczek rozpuszczonych w moczu, [&hellip;]<\/p>\n","protected":false},"featured_media":0,"template":"","meta":[],"product_brand":[],"product_cat":[25,27],"product_tag":[],"class_list":{"0":"post-2377","1":"product","2":"type-product","3":"status-publish","5":"product_cat-badanie-laboratoryjne","6":"product_cat-mocz","8":"first","9":"instock","10":"virtual","11":"sold-individually","12":"purchasable","13":"product-type-simple"},"_links":{"self":[{"href":"https:\/\/drteraz.pl\/en\/wp-json\/wp\/v2\/product\/2377","targetHints":{"allow":["GET"]}}],"collection":[{"href":"https:\/\/drteraz.pl\/en\/wp-json\/wp\/v2\/product"}],"about":[{"href":"https:\/\/drteraz.pl\/en\/wp-json\/wp\/v2\/types\/product"}],"version-history":[{"count":0,"href":"https:\/\/drteraz.pl\/en\/wp-json\/wp\/v2\/product\/2377\/revisions"}],"wp:attachment":[{"href":"https:\/\/drteraz.pl\/en\/wp-json\/wp\/v2\/media?parent=2377"}],"wp:term":[{"taxonomy":"product_brand","embeddable":true,"href":"https:\/\/drteraz.pl\/en\/wp-json\/wp\/v2\/product_brand?post=2377"},{"taxonomy":"product_cat","embeddable":true,"href":"https:\/\/drteraz.pl\/en\/wp-json\/wp\/v2\/product_cat?post=2377"},{"taxonomy":"product_tag","embeddable":true,"href":"https:\/\/drteraz.pl\/en\/wp-json\/wp\/v2\/product_tag?post=2377"}],"curies":[{"name":"wp","href":"https:\/\/api.w.org\/{rel}","templated":true}]}}