{"id":2381,"date":"2025-06-25T02:42:32","date_gmt":"2025-06-25T00:42:32","guid":{"rendered":"https:\/\/frosty-mclean.141-95-55-172.plesk.page\/produkt\/bez-kategorii\/p-c-przeciw-hav-total\/"},"modified":"2025-06-25T02:42:37","modified_gmt":"2025-06-25T00:42:37","slug":"p-c-przeciw-hav-total","status":"publish","type":"product","link":"https:\/\/drteraz.pl\/en\/badanie-laboratoryjne\/p-c-przeciw-hav-total\/","title":{"rendered":"P\/c przeciw HAV total"},"content":{"rendered":"<h1>Badanie przeciwcia\u0142 przeciwko wirusowi HAV &#8211; total<\/h1>\n<p>Badanie przeciwcia\u0142 przeciwko wirusowi zapalenia w\u0105troby typu A (HAV) to kluczowe narz\u0119dzie w diagnostyce infekcji oraz w okre\u015blaniu stanu odporno\u015bci na ten wirus. Przeciwcia\u0142a totalne (IgG i IgM) s\u0105 wykrywane w jednym te\u015bcie, co pozwala na szybk\u0105 ocen\u0119, czy dosz\u0142o do zaka\u017cenia w przesz\u0142o\u015bci lub czy obecne jest aktywne zaka\u017cenie. Wirus HAV przekazywany jest drog\u0105 fekalno-oraln\u0105 i mo\u017ce prowadzi\u0107 do ostrego zapalenia w\u0105troby, dlatego diagnoza jest niezwykle wa\u017cna w celu zapobiegania rozprzestrzenianiu si\u0119 infekcji.<\/p>\n<h1>Kiedy warto wykona\u0107 badanie?<\/h1>\n<p>Badanie przeciwcia\u0142 przeciwko HAV total jest zalecane w przypadku wyst\u0105pienia objaw\u00f3w infekcyjnych zapalenia w\u0105troby, takich jak \u017c\u00f3\u0142taczka, brak apetytu, zm\u0119czenie czy b\u00f3le brzucha, szczeg\u00f3lnie je\u015bli mia\u0142o miejsce ryzykowne nara\u017cenie (np. podr\u00f3\u017c do region\u00f3w o wysokim ryzyku wyst\u0119powania HAV, bliski kontakt z osob\u0105 zaka\u017con\u0105). Badanie jest r\u00f3wnie\u017c u\u017cyteczne przy planowaniu szczepie\u0144, gdy\u017c pozwala sprawdzi\u0107, czy osoba jest ju\u017c odporna na wirusa HAV.<\/p>\n<h1>Jak si\u0119 przygotowa\u0107 do badania?<\/h1>\n<p>Badanie przeciwcia\u0142 przeciwko wirusowi HAV wykonuje si\u0119 z pr\u00f3bki krwi. Nie jest wymagane specjalne przygotowanie przed pobraniem krwi, jednak zaleca si\u0119, aby przed badaniem pacjent pozosta\u0142 na czczo od 8 godzin, co umo\u017cliwia uzyskanie najbardziej precyzyjnych wynik\u00f3w.<\/p>\n<h1>Co oznaczaj\u0105 wyniki?<\/h1>\n<p>Wyniki badania pozwalaj\u0105 okre\u015bli\u0107, czy w krwi obecne s\u0105 przeciwcia\u0142a IgM lub IgG przeciwko wirusowi HAV. Obecno\u015b\u0107 przeciwcia\u0142 IgM zazwyczaj wskazuje na niedawne zaka\u017cenie, natomiast przeciwcia\u0142a IgG mog\u0105 \u015bwiadczy\u0107 o wcze\u015bniejszym zaka\u017ceniu i nabytej odporno\u015bci. Interpretacja wynik\u00f3w powinna by\u0107 zawsze wykonana przez lekarza, kt\u00f3ry uwzgl\u0119dni dodatkowe czynniki kliniczne oraz epidemiologiczne.<\/p>","protected":false},"excerpt":{"rendered":"<p>Badanie przeciwcia\u0142 przeciwko wirusowi HAV &#8211; total Badanie przeciwcia\u0142 przeciwko wirusowi zapalenia w\u0105troby typu A (HAV) to kluczowe narz\u0119dzie w diagnostyce infekcji oraz w okre\u015blaniu stanu odporno\u015bci na ten wirus. Przeciwcia\u0142a totalne (IgG i IgM) s\u0105 wykrywane w jednym te\u015bcie, co pozwala na szybk\u0105 ocen\u0119, czy dosz\u0142o do zaka\u017cenia w przesz\u0142o\u015bci lub czy obecne jest [&hellip;]<\/p>\n","protected":false},"featured_media":0,"template":"","meta":[],"product_brand":[],"product_cat":[25,26],"product_tag":[],"class_list":{"0":"post-2381","1":"product","2":"type-product","3":"status-publish","5":"product_cat-badanie-laboratoryjne","6":"product_cat-krew","8":"first","9":"instock","10":"virtual","11":"sold-individually","12":"purchasable","13":"product-type-simple"},"_links":{"self":[{"href":"https:\/\/drteraz.pl\/en\/wp-json\/wp\/v2\/product\/2381","targetHints":{"allow":["GET"]}}],"collection":[{"href":"https:\/\/drteraz.pl\/en\/wp-json\/wp\/v2\/product"}],"about":[{"href":"https:\/\/drteraz.pl\/en\/wp-json\/wp\/v2\/types\/product"}],"version-history":[{"count":0,"href":"https:\/\/drteraz.pl\/en\/wp-json\/wp\/v2\/product\/2381\/revisions"}],"wp:attachment":[{"href":"https:\/\/drteraz.pl\/en\/wp-json\/wp\/v2\/media?parent=2381"}],"wp:term":[{"taxonomy":"product_brand","embeddable":true,"href":"https:\/\/drteraz.pl\/en\/wp-json\/wp\/v2\/product_brand?post=2381"},{"taxonomy":"product_cat","embeddable":true,"href":"https:\/\/drteraz.pl\/en\/wp-json\/wp\/v2\/product_cat?post=2381"},{"taxonomy":"product_tag","embeddable":true,"href":"https:\/\/drteraz.pl\/en\/wp-json\/wp\/v2\/product_tag?post=2381"}],"curies":[{"name":"wp","href":"https:\/\/api.w.org\/{rel}","templated":true}]}}