{"id":2382,"date":"2025-06-25T02:42:32","date_gmt":"2025-06-25T00:42:32","guid":{"rendered":"https:\/\/frosty-mclean.141-95-55-172.plesk.page\/produkt\/bez-kategorii\/p-c-przeciw-hbc-igm\/"},"modified":"2025-06-25T02:42:37","modified_gmt":"2025-06-25T00:42:37","slug":"p-c-przeciw-hbc-igm","status":"publish","type":"product","link":"https:\/\/drteraz.pl\/en\/badanie-laboratoryjne\/p-c-przeciw-hbc-igm\/","title":{"rendered":"P\/c przeciw HBc IgM"},"content":{"rendered":"<h1>Badanie: Przeciwcia\u0142a przeciw HBc IgM<\/h1>\n<p>Badanie przeciwcia\u0142 przeciw HBc IgM jest wa\u017cnym testem diagnostycznym, kt\u00f3ry pozwala na wykrycie obecno\u015bci wirusa HBV, odpowiedzialnego za wirusowe zapalenie w\u0105troby typu B. Przeciwcia\u0142a IgM przeciwko antygenowi HBc (HBcAb IgM) pojawiaj\u0105 si\u0119 jako jedne z pierwszych marker\u00f3w infekcji, ju\u017c w fazie ostrej choroby. Dzi\u0119ki temu badanie to jest nieocenionym narz\u0119dziem w diagnostyce \u015bwie\u017cych infekcji HBV, umo\u017cliwiaj\u0105c szybkie i trafne zdiagnozowanie oraz wdro\u017cenie odpowiedniego leczenia.<\/p>\n<h1>Zastosowanie badania<\/h1>\n<p>Badanie przeciwcia\u0142 IgM przeciw HBc jest stosowane g\u0142\u00f3wnie do wykrywania ostrej fazy infekcji wirusem zapalenia w\u0105troby typu B. Mo\u017ce by\u0107 r\u00f3wnie\u017c pomocne w odr\u00f3\u017cnieniu ostrej infekcji od nosicielstwa lub przewlek\u0142ego zapalenia w\u0105troby.<\/p>\n<h1>Jak przygotowa\u0107 si\u0119 do badania?<\/h1>\n<p>Badanie P\/c przeciw HBc IgM wykonuje si\u0119 na podstawie pr\u00f3bki krwi. W celu uzyskania wiarygodnych wynik\u00f3w, zaleca si\u0119, aby na 12 godzin przed pobraniem pr\u00f3bki pacjent pozosta\u0142 na czczo. Wa\u017cne jest r\u00f3wnie\u017c poinformowanie lekarza o przyjmowanych lekach, gdy\u017c niekt\u00f3re z nich mog\u0105 wp\u0142ywa\u0107 na wyniki testu.<\/p>\n<h1>Czas oczekiwania na wyniki<\/h1>\n<p>Wyniki badania s\u0105 zazwyczaj dost\u0119pne w ci\u0105gu 1-3 dni roboczych od momentu pobrania pr\u00f3bki. D\u0142ugo\u015b\u0107 czasu oczekiwania na wyniki mo\u017ce r\u00f3\u017cni\u0107 si\u0119 w zale\u017cno\u015bci od laboratorium wykonuj\u0105cego badanie.<\/p>","protected":false},"excerpt":{"rendered":"<p>Badanie: Przeciwcia\u0142a przeciw HBc IgM Badanie przeciwcia\u0142 przeciw HBc IgM jest wa\u017cnym testem diagnostycznym, kt\u00f3ry pozwala na wykrycie obecno\u015bci wirusa HBV, odpowiedzialnego za wirusowe zapalenie w\u0105troby typu B. Przeciwcia\u0142a IgM przeciwko antygenowi HBc (HBcAb IgM) pojawiaj\u0105 si\u0119 jako jedne z pierwszych marker\u00f3w infekcji, ju\u017c w fazie ostrej choroby. Dzi\u0119ki temu badanie to jest nieocenionym narz\u0119dziem [&hellip;]<\/p>\n","protected":false},"featured_media":0,"template":"","meta":[],"product_brand":[],"product_cat":[25,26],"product_tag":[],"class_list":{"0":"post-2382","1":"product","2":"type-product","3":"status-publish","5":"product_cat-badanie-laboratoryjne","6":"product_cat-krew","8":"first","9":"instock","10":"virtual","11":"sold-individually","12":"purchasable","13":"product-type-simple"},"_links":{"self":[{"href":"https:\/\/drteraz.pl\/en\/wp-json\/wp\/v2\/product\/2382","targetHints":{"allow":["GET"]}}],"collection":[{"href":"https:\/\/drteraz.pl\/en\/wp-json\/wp\/v2\/product"}],"about":[{"href":"https:\/\/drteraz.pl\/en\/wp-json\/wp\/v2\/types\/product"}],"version-history":[{"count":0,"href":"https:\/\/drteraz.pl\/en\/wp-json\/wp\/v2\/product\/2382\/revisions"}],"wp:attachment":[{"href":"https:\/\/drteraz.pl\/en\/wp-json\/wp\/v2\/media?parent=2382"}],"wp:term":[{"taxonomy":"product_brand","embeddable":true,"href":"https:\/\/drteraz.pl\/en\/wp-json\/wp\/v2\/product_brand?post=2382"},{"taxonomy":"product_cat","embeddable":true,"href":"https:\/\/drteraz.pl\/en\/wp-json\/wp\/v2\/product_cat?post=2382"},{"taxonomy":"product_tag","embeddable":true,"href":"https:\/\/drteraz.pl\/en\/wp-json\/wp\/v2\/product_tag?post=2382"}],"curies":[{"name":"wp","href":"https:\/\/api.w.org\/{rel}","templated":true}]}}