{"id":2383,"date":"2025-06-25T02:42:32","date_gmt":"2025-06-25T00:42:32","guid":{"rendered":"https:\/\/frosty-mclean.141-95-55-172.plesk.page\/produkt\/bez-kategorii\/p-c-przeciw-hbc-total\/"},"modified":"2025-06-25T02:42:38","modified_gmt":"2025-06-25T00:42:38","slug":"p-c-przeciw-hbc-total","status":"publish","type":"product","link":"https:\/\/drteraz.pl\/en\/badanie-laboratoryjne\/p-c-przeciw-hbc-total\/","title":{"rendered":"P\/c przeciw HBc total"},"content":{"rendered":"<h1>Badanie przeciwcial przeciw HBc total<\/h1>\n<p>Badanie przeciwcia\u0142 przeciw HBc total jest kluczowym elementem w diagnostyce infekcji wirusem Hepatitis B (HBV). Pr\u00f3bk\u0105 do analizy jest krew pacjenta. Test ten pozwala na wykrycie obecno\u015bci przeciwcia\u0142 total, kt\u00f3re s\u0105 produkowane przez uk\u0142ad immunologiczny jako odpowied\u017a na kontakt z antygenem rdzeniowym wirusa HBV. Obecno\u015b\u0107 tych przeciwcia\u0142 mo\u017ce wskazywa\u0107 na obecn\u0105 lub przebyt\u0105 infekcj\u0119. Badanie jest szczeg\u00f3lnie wa\u017cne w diagnozowaniu bezobjawowych nosicieli oraz w monitorowaniu stanu zdrowia pacjent\u00f3w z przewlek\u0142\u0105 postaci\u0105 zaka\u017cenia.<\/p>","protected":false},"excerpt":{"rendered":"<p>Badanie przeciwcial przeciw HBc total Badanie przeciwcia\u0142 przeciw HBc total jest kluczowym elementem w diagnostyce infekcji wirusem Hepatitis B (HBV). Pr\u00f3bk\u0105 do analizy jest krew pacjenta. Test ten pozwala na wykrycie obecno\u015bci przeciwcia\u0142 total, kt\u00f3re s\u0105 produkowane przez uk\u0142ad immunologiczny jako odpowied\u017a na kontakt z antygenem rdzeniowym wirusa HBV. Obecno\u015b\u0107 tych przeciwcia\u0142 mo\u017ce wskazywa\u0107 na [&hellip;]<\/p>\n","protected":false},"featured_media":0,"template":"","meta":[],"product_brand":[],"product_cat":[25,26],"product_tag":[],"class_list":{"0":"post-2383","1":"product","2":"type-product","3":"status-publish","5":"product_cat-badanie-laboratoryjne","6":"product_cat-krew","8":"first","9":"instock","10":"virtual","11":"sold-individually","12":"purchasable","13":"product-type-simple"},"_links":{"self":[{"href":"https:\/\/drteraz.pl\/en\/wp-json\/wp\/v2\/product\/2383","targetHints":{"allow":["GET"]}}],"collection":[{"href":"https:\/\/drteraz.pl\/en\/wp-json\/wp\/v2\/product"}],"about":[{"href":"https:\/\/drteraz.pl\/en\/wp-json\/wp\/v2\/types\/product"}],"version-history":[{"count":0,"href":"https:\/\/drteraz.pl\/en\/wp-json\/wp\/v2\/product\/2383\/revisions"}],"wp:attachment":[{"href":"https:\/\/drteraz.pl\/en\/wp-json\/wp\/v2\/media?parent=2383"}],"wp:term":[{"taxonomy":"product_brand","embeddable":true,"href":"https:\/\/drteraz.pl\/en\/wp-json\/wp\/v2\/product_brand?post=2383"},{"taxonomy":"product_cat","embeddable":true,"href":"https:\/\/drteraz.pl\/en\/wp-json\/wp\/v2\/product_cat?post=2383"},{"taxonomy":"product_tag","embeddable":true,"href":"https:\/\/drteraz.pl\/en\/wp-json\/wp\/v2\/product_tag?post=2383"}],"curies":[{"name":"wp","href":"https:\/\/api.w.org\/{rel}","templated":true}]}}