{"id":2385,"date":"2025-06-25T02:42:32","date_gmt":"2025-06-25T00:42:32","guid":{"rendered":"https:\/\/frosty-mclean.141-95-55-172.plesk.page\/produkt\/bez-kategorii\/p-c-przeciw-jadrowe-ana-wykrywanie-metoda-iift-miano-o21-surowica\/"},"modified":"2025-06-25T02:42:38","modified_gmt":"2025-06-25T00:42:38","slug":"p-c-przeciw-jadrowe-ana-wykrywanie-metoda-iift-miano-o21-surowica","status":"publish","type":"product","link":"https:\/\/drteraz.pl\/en\/badanie-laboratoryjne\/p-c-przeciw-jadrowe-ana-wykrywanie-metoda-iift-miano-o21-surowica\/","title":{"rendered":"P\/c przeciw j\u0105drowe ANA (wykrywanie metoda IIFT + miano) (O21) (Surowica)"},"content":{"rendered":"<h1>Badanie przeciwcia\u0142 przeciwj\u0105drowych i cytoplazmatycznych ANA-1 &#8211; AU02<\/h1>\n<p>Badanie przeciwcia\u0142 przeciwj\u0105drowych i cytoplazmatycznych ANA-1 (AU02) jest testem laboratoryjnym u\u017cywanym do wykrywania przeciwcia\u0142 skierowanych przeciwko sk\u0142adnikom znajduj\u0105cym si\u0119 w j\u0105drze i cytoplazmie kom\u00f3rek. Jest to kluczowe badanie w diagnozowaniu oraz monitorowaniu chor\u00f3b autoimmunologicznych, takich jak tocze\u0144 rumieniowaty uk\u0142adowy, sklerodermia, zapalenie mi\u0119\u015bni, reumatoidalne zapalenie staw\u00f3w czy zesp\u00f3\u0142 Sj\u00f6grena.<\/p>\n<p>Pr\u00f3bka do badania to krew pacjenta, kt\u00f3r\u0105 nale\u017cy pobra\u0107 w warunkach umo\u017cliwiaj\u0105cych zachowanie jej jako\u015bci do momentu analizy. Badanie wykorzystuje techniki immunofluorescencji, kt\u00f3re pozwalaj\u0105 na precyzyjne zidentyfikowanie obecno\u015bci specyficznych przeciwcia\u0142, co jest istotnym wska\u017anikiem w procesie diagnozowania chor\u00f3b autoimmunologicznych.<\/p>\n<p>Wyniki badania ANA-1 s\u0105 zwykle dost\u0119pne po kilku dniach od pobrania pr\u00f3bki i powinny by\u0107 interpretowane przez specjalist\u0119 w dziedzinie reumatologii lub immunologii, kt\u00f3ry we\u017amie pod uwag\u0119 zar\u00f3wno wyniki bada\u0144, jak i kliniczny obraz choroby pacjenta. Pozytywny wynik mo\u017ce wskazywa\u0107 na potrzeb\u0119 dalszych bada\u0144 oraz dostosowania strategii leczenia.<\/p>","protected":false},"excerpt":{"rendered":"<p>Badanie przeciwcia\u0142 przeciwj\u0105drowych i cytoplazmatycznych ANA-1 &#8211; AU02 Badanie przeciwcia\u0142 przeciwj\u0105drowych i cytoplazmatycznych ANA-1 (AU02) jest testem laboratoryjnym u\u017cywanym do wykrywania przeciwcia\u0142 skierowanych przeciwko sk\u0142adnikom znajduj\u0105cym si\u0119 w j\u0105drze i cytoplazmie kom\u00f3rek. Jest to kluczowe badanie w diagnozowaniu oraz monitorowaniu chor\u00f3b autoimmunologicznych, takich jak tocze\u0144 rumieniowaty uk\u0142adowy, sklerodermia, zapalenie mi\u0119\u015bni, reumatoidalne zapalenie staw\u00f3w czy zesp\u00f3\u0142 [&hellip;]<\/p>\n","protected":false},"featured_media":0,"template":"","meta":[],"product_brand":[],"product_cat":[25,26],"product_tag":[],"class_list":{"0":"post-2385","1":"product","2":"type-product","3":"status-publish","5":"product_cat-badanie-laboratoryjne","6":"product_cat-krew","8":"first","9":"instock","10":"virtual","11":"sold-individually","12":"purchasable","13":"product-type-simple"},"_links":{"self":[{"href":"https:\/\/drteraz.pl\/en\/wp-json\/wp\/v2\/product\/2385","targetHints":{"allow":["GET"]}}],"collection":[{"href":"https:\/\/drteraz.pl\/en\/wp-json\/wp\/v2\/product"}],"about":[{"href":"https:\/\/drteraz.pl\/en\/wp-json\/wp\/v2\/types\/product"}],"version-history":[{"count":0,"href":"https:\/\/drteraz.pl\/en\/wp-json\/wp\/v2\/product\/2385\/revisions"}],"wp:attachment":[{"href":"https:\/\/drteraz.pl\/en\/wp-json\/wp\/v2\/media?parent=2385"}],"wp:term":[{"taxonomy":"product_brand","embeddable":true,"href":"https:\/\/drteraz.pl\/en\/wp-json\/wp\/v2\/product_brand?post=2385"},{"taxonomy":"product_cat","embeddable":true,"href":"https:\/\/drteraz.pl\/en\/wp-json\/wp\/v2\/product_cat?post=2385"},{"taxonomy":"product_tag","embeddable":true,"href":"https:\/\/drteraz.pl\/en\/wp-json\/wp\/v2\/product_tag?post=2385"}],"curies":[{"name":"wp","href":"https:\/\/api.w.org\/{rel}","templated":true}]}}