{"id":2391,"date":"2025-06-25T02:42:42","date_gmt":"2025-06-25T00:42:42","guid":{"rendered":"https:\/\/frosty-mclean.141-95-55-172.plesk.page\/produkt\/bez-kategorii\/p-c-przeciw-tg-przeciwko-tyreoglobulinie\/"},"modified":"2025-06-25T02:42:44","modified_gmt":"2025-06-25T00:42:44","slug":"p-c-przeciw-tg-przeciwko-tyreoglobulinie","status":"publish","type":"product","link":"https:\/\/drteraz.pl\/en\/badanie-laboratoryjne\/p-c-przeciw-tg-przeciwko-tyreoglobulinie\/","title":{"rendered":"P\/c przeciw TG (przeciwko tyreoglobulinie)"},"content":{"rendered":"<h1>Badanie przeciwcia\u0142 przeciwko tyreoglobulinie (Anti-TG)<\/h1>\n<p>Badanie przeciwcia\u0142 przeciwko tyreoglobulinie (P\/c przeciw TG) jest kluczowym testem w diagnostyce chor\u00f3b tarczycy, nale\u017c\u0105cym do kategorii bada\u0144 hormonalnych. Przeciwcia\u0142a przeciwko tyreoglobulinie s\u0105 to bia\u0142ka wytworzone przez uk\u0142ad odporno\u015bciowy, kt\u00f3re mog\u0105 atakowa\u0107 tyreoglobulin\u0119, bia\u0142ko wytwarzane i magazynowane w tarczycy, kluczowe dla produkcji hormon\u00f3w tarczycy. Obecno\u015b\u0107 tych przeciwcia\u0142 w krwi mo\u017ce wskazywa\u0107 na autoimmunologiczne choroby tarczycy, takie jak choroba Hashimoto czy zesp\u00f3\u0142 Gravesa-Basedowa.<\/p>\n<p>Badanie wykonuje si\u0119 na podstawie pr\u00f3bki krwi, co pozwala na ocen\u0119 poziomu przeciwcia\u0142. Wysokie st\u0119\u017cenie przeciwcia\u0142 przeciw TG w surowicy krwi mo\u017ce sygnalizowa\u0107 problem autoimmunologiczny zwi\u0105zany z tarczyc\u0105. Wynik badania pozwala lekarzowi specjali\u015bcie na dok\u0142adniejsze zrozumienie przyczyn problem\u00f3w tarczycowych pacjenta oraz na dostosowanie odpowiedniego planu leczenia.<\/p>\n<p>Je\u017celi masz objawy sugeruj\u0105ce choroby tarczycy, takie jak zm\u0119czenie, zmiany wagi, problemy z termoregulacj\u0105 czy zaburzenia nastroju, ten test mo\u017ce by\u0107 dla Ciebie zalecony. Wsp\u00f3\u0142praca z lekarzem endokrynologiem i regularne monitorowanie stanu zdrowia pozwol\u0105 na odpowiednie zarz\u0105dzanie ewentualn\u0105 chorob\u0105 tarczycy.<\/p>","protected":false},"excerpt":{"rendered":"<p>Badanie przeciwcia\u0142 przeciwko tyreoglobulinie (Anti-TG) Badanie przeciwcia\u0142 przeciwko tyreoglobulinie (P\/c przeciw TG) jest kluczowym testem w diagnostyce chor\u00f3b tarczycy, nale\u017c\u0105cym do kategorii bada\u0144 hormonalnych. Przeciwcia\u0142a przeciwko tyreoglobulinie s\u0105 to bia\u0142ka wytworzone przez uk\u0142ad odporno\u015bciowy, kt\u00f3re mog\u0105 atakowa\u0107 tyreoglobulin\u0119, bia\u0142ko wytwarzane i magazynowane w tarczycy, kluczowe dla produkcji hormon\u00f3w tarczycy. Obecno\u015b\u0107 tych przeciwcia\u0142 w krwi mo\u017ce [&hellip;]<\/p>\n","protected":false},"featured_media":0,"template":"","meta":[],"product_brand":[],"product_cat":[25,26],"product_tag":[],"class_list":{"0":"post-2391","1":"product","2":"type-product","3":"status-publish","5":"product_cat-badanie-laboratoryjne","6":"product_cat-krew","8":"first","9":"instock","10":"virtual","11":"sold-individually","12":"purchasable","13":"product-type-simple"},"_links":{"self":[{"href":"https:\/\/drteraz.pl\/en\/wp-json\/wp\/v2\/product\/2391","targetHints":{"allow":["GET"]}}],"collection":[{"href":"https:\/\/drteraz.pl\/en\/wp-json\/wp\/v2\/product"}],"about":[{"href":"https:\/\/drteraz.pl\/en\/wp-json\/wp\/v2\/types\/product"}],"version-history":[{"count":0,"href":"https:\/\/drteraz.pl\/en\/wp-json\/wp\/v2\/product\/2391\/revisions"}],"wp:attachment":[{"href":"https:\/\/drteraz.pl\/en\/wp-json\/wp\/v2\/media?parent=2391"}],"wp:term":[{"taxonomy":"product_brand","embeddable":true,"href":"https:\/\/drteraz.pl\/en\/wp-json\/wp\/v2\/product_brand?post=2391"},{"taxonomy":"product_cat","embeddable":true,"href":"https:\/\/drteraz.pl\/en\/wp-json\/wp\/v2\/product_cat?post=2391"},{"taxonomy":"product_tag","embeddable":true,"href":"https:\/\/drteraz.pl\/en\/wp-json\/wp\/v2\/product_tag?post=2391"}],"curies":[{"name":"wp","href":"https:\/\/api.w.org\/{rel}","templated":true}]}}