{"id":2392,"date":"2025-06-25T02:42:42","date_gmt":"2025-06-25T00:42:42","guid":{"rendered":"https:\/\/frosty-mclean.141-95-55-172.plesk.page\/produkt\/bez-kategorii\/p-c-przeciw-tpo-przeciwko-peroksydazie-tarczycowej\/"},"modified":"2025-06-25T02:42:44","modified_gmt":"2025-06-25T00:42:44","slug":"p-c-przeciw-tpo-przeciwko-peroksydazie-tarczycowej","status":"publish","type":"product","link":"https:\/\/drteraz.pl\/en\/badanie-laboratoryjne\/p-c-przeciw-tpo-przeciwko-peroksydazie-tarczycowej\/","title":{"rendered":"P\/c przeciw TPO (przeciwko peroksydazie tarczycowej)"},"content":{"rendered":"<h1>Badanie przeciwcia\u0142 przeciwko peroksydazie tarczycowej (TPO)<\/h1>\n<p>Badanie przeciwcia\u0142 przeciwko peroksydazie tarczycowej (przeciwcia\u0142a anty-TPO) jest jednym z kluczowych test\u00f3w diagnostycznych wykorzystywanych w ocenie funkcjonowania tarczycy, nale\u017c\u0105cym do kategorii bada\u0144 hormonalnych. Przeznaczone jest do wykrywania chor\u00f3b autoimmunologicznych tarczycy, takich jak Hashimoto czy choroba Gravesa-Basedowa. Pr\u00f3bka do badania pobierana jest z krwi pacjenta.<\/p>\n<p>Wysoki poziom przeciwcia\u0142 anty-TPO mo\u017ce wskazywa\u0107 na proces autoimmunologiczny, w kt\u00f3rym uk\u0142ad odporno\u015bciowy atakuje w\u0142asne tkanki tarczycy, co mo\u017ce prowadzi\u0107 do jej uszkodzenia i zaburze\u0144 w produkcji hormon\u00f3w tarczycowych. Wynik badania pozwala lekarzom na postawienie odpowiedniej diagnozy i wdro\u017cenie optymalnego planu leczenia.<\/p>","protected":false},"excerpt":{"rendered":"<p>Badanie przeciwcia\u0142 przeciwko peroksydazie tarczycowej (TPO) Badanie przeciwcia\u0142 przeciwko peroksydazie tarczycowej (przeciwcia\u0142a anty-TPO) jest jednym z kluczowych test\u00f3w diagnostycznych wykorzystywanych w ocenie funkcjonowania tarczycy, nale\u017c\u0105cym do kategorii bada\u0144 hormonalnych. Przeznaczone jest do wykrywania chor\u00f3b autoimmunologicznych tarczycy, takich jak Hashimoto czy choroba Gravesa-Basedowa. Pr\u00f3bka do badania pobierana jest z krwi pacjenta. Wysoki poziom przeciwcia\u0142 anty-TPO mo\u017ce [&hellip;]<\/p>\n","protected":false},"featured_media":0,"template":"","meta":[],"product_brand":[],"product_cat":[25,26],"product_tag":[],"class_list":{"0":"post-2392","1":"product","2":"type-product","3":"status-publish","5":"product_cat-badanie-laboratoryjne","6":"product_cat-krew","8":"first","9":"instock","10":"virtual","11":"sold-individually","12":"purchasable","13":"product-type-simple"},"_links":{"self":[{"href":"https:\/\/drteraz.pl\/en\/wp-json\/wp\/v2\/product\/2392","targetHints":{"allow":["GET"]}}],"collection":[{"href":"https:\/\/drteraz.pl\/en\/wp-json\/wp\/v2\/product"}],"about":[{"href":"https:\/\/drteraz.pl\/en\/wp-json\/wp\/v2\/types\/product"}],"version-history":[{"count":0,"href":"https:\/\/drteraz.pl\/en\/wp-json\/wp\/v2\/product\/2392\/revisions"}],"wp:attachment":[{"href":"https:\/\/drteraz.pl\/en\/wp-json\/wp\/v2\/media?parent=2392"}],"wp:term":[{"taxonomy":"product_brand","embeddable":true,"href":"https:\/\/drteraz.pl\/en\/wp-json\/wp\/v2\/product_brand?post=2392"},{"taxonomy":"product_cat","embeddable":true,"href":"https:\/\/drteraz.pl\/en\/wp-json\/wp\/v2\/product_cat?post=2392"},{"taxonomy":"product_tag","embeddable":true,"href":"https:\/\/drteraz.pl\/en\/wp-json\/wp\/v2\/product_tag?post=2392"}],"curies":[{"name":"wp","href":"https:\/\/api.w.org\/{rel}","templated":true}]}}