{"id":2402,"date":"2025-06-25T02:42:42","date_gmt":"2025-06-25T00:42:42","guid":{"rendered":"https:\/\/frosty-mclean.141-95-55-172.plesk.page\/produkt\/bez-kategorii\/panel-polycheck-x-atopowy-30-alergenow-ige\/"},"modified":"2025-06-25T02:42:47","modified_gmt":"2025-06-25T00:42:47","slug":"panel-polycheck-x-atopowy-30-alergenow-ige","status":"publish","type":"product","link":"https:\/\/drteraz.pl\/en\/badanie-laboratoryjne\/panel-polycheck-x-atopowy-30-alergenow-ige\/","title":{"rendered":"Panel Polycheck X Atopowy (30 alergen\u00f3w) IgE"},"content":{"rendered":"<h1>Panel Polycheck X Atopowy (30 alergen\u00f3w) \u2013 IgE spec. (ICD9:L91)<\/h1>\n<p>Badanie Panel Polycheck X Atopowy pozwala na szczeg\u00f3\u0142ow\u0105 analiz\u0119 specyficznych przeciwcia\u0142 IgE, kt\u00f3re s\u0105 odpowiedzialne za reakcje alergiczne. Wykorzystuj\u0105c zaawansowan\u0105 technologi\u0119, test identyfikuje reakcje alergiczne na 30 r\u00f3\u017cnych alergen\u00f3w, co umo\u017cliwia precyzyjn\u0105 diagnoz\u0119 i pomoc w zaplanowaniu odpowiedniego leczenia alergii. Badanie wykonuje si\u0119 na podstawie pr\u00f3bki krwi, co zapewnia wysok\u0105 wiarygodno\u015b\u0107 wynik\u00f3w i komfort dla pacjenta. Panel Polycheck X Atopowy jest niezb\u0119dnym narz\u0119dziem dla os\u00f3b cierpi\u0105cych na alergie, umo\u017cliwiaj\u0105cym rozpoznanie alergen\u00f3w, kt\u00f3re wywo\u0142uj\u0105 u nich symptomy alergiczne.<\/p>","protected":false},"excerpt":{"rendered":"<p>Panel Polycheck X Atopowy (30 alergen\u00f3w) \u2013 IgE spec. (ICD9:L91) Badanie Panel Polycheck X Atopowy pozwala na szczeg\u00f3\u0142ow\u0105 analiz\u0119 specyficznych przeciwcia\u0142 IgE, kt\u00f3re s\u0105 odpowiedzialne za reakcje alergiczne. Wykorzystuj\u0105c zaawansowan\u0105 technologi\u0119, test identyfikuje reakcje alergiczne na 30 r\u00f3\u017cnych alergen\u00f3w, co umo\u017cliwia precyzyjn\u0105 diagnoz\u0119 i pomoc w zaplanowaniu odpowiedniego leczenia alergii. Badanie wykonuje si\u0119 na podstawie [&hellip;]<\/p>\n","protected":false},"featured_media":0,"template":"","meta":[],"product_brand":[],"product_cat":[25,26],"product_tag":[],"class_list":{"0":"post-2402","1":"product","2":"type-product","3":"status-publish","5":"product_cat-badanie-laboratoryjne","6":"product_cat-krew","8":"first","9":"instock","10":"virtual","11":"sold-individually","12":"purchasable","13":"product-type-simple"},"_links":{"self":[{"href":"https:\/\/drteraz.pl\/en\/wp-json\/wp\/v2\/product\/2402","targetHints":{"allow":["GET"]}}],"collection":[{"href":"https:\/\/drteraz.pl\/en\/wp-json\/wp\/v2\/product"}],"about":[{"href":"https:\/\/drteraz.pl\/en\/wp-json\/wp\/v2\/types\/product"}],"version-history":[{"count":0,"href":"https:\/\/drteraz.pl\/en\/wp-json\/wp\/v2\/product\/2402\/revisions"}],"wp:attachment":[{"href":"https:\/\/drteraz.pl\/en\/wp-json\/wp\/v2\/media?parent=2402"}],"wp:term":[{"taxonomy":"product_brand","embeddable":true,"href":"https:\/\/drteraz.pl\/en\/wp-json\/wp\/v2\/product_brand?post=2402"},{"taxonomy":"product_cat","embeddable":true,"href":"https:\/\/drteraz.pl\/en\/wp-json\/wp\/v2\/product_cat?post=2402"},{"taxonomy":"product_tag","embeddable":true,"href":"https:\/\/drteraz.pl\/en\/wp-json\/wp\/v2\/product_tag?post=2402"}],"curies":[{"name":"wp","href":"https:\/\/api.w.org\/{rel}","templated":true}]}}