{"id":2405,"date":"2025-06-25T02:42:42","date_gmt":"2025-06-25T00:42:42","guid":{"rendered":"https:\/\/frosty-mclean.141-95-55-172.plesk.page\/produkt\/bez-kategorii\/panel-polycheck-x-wziewny-30-alergenow-ige\/"},"modified":"2025-06-25T02:42:48","modified_gmt":"2025-06-25T00:42:48","slug":"panel-polycheck-x-wziewny-30-alergenow-ige","status":"publish","type":"product","link":"https:\/\/drteraz.pl\/en\/badanie-laboratoryjne\/panel-polycheck-x-wziewny-30-alergenow-ige\/","title":{"rendered":"Panel Polycheck X Wziewny (30 alergen\u00f3w) IgE"},"content":{"rendered":"<h1>Panel Polycheck X Wziewny (30 alergen\u00f3w) \u2013 IgE specyficzne (ICD9:L91)<\/h1>\n<p>Badanie Panel Polycheck X Wziewny (30 alergen\u00f3w) \u2013 IgE specyficzne (ICD9:L91) jest kluczowe dla os\u00f3b, kt\u00f3re podejrzewaj\u0105 u siebie alergie wziewne. Jest to test, kt\u00f3ry umo\u017cliwia zidentyfikowanie specyficznych przeciwcia\u0142 IgE wobec 30 r\u00f3\u017cnych alergen\u00f3w wziewnych. Alergeny te mog\u0105 obejmowa\u0107 r\u00f3\u017cnego rodzaju py\u0142ki, roztocza, ple\u015bnie i sier\u015b\u0107 zwierz\u0105t.<\/p>\n<p>Pr\u00f3bka krwi pobierana od pacjenta jest analizowana w celu okre\u015blenia, kt\u00f3re substancje wywo\u0142uj\u0105 reakcje alergiczne. Wyniki tego testu umo\u017cliwiaj\u0105 dok\u0142adne zdiagnozowanie alergii oraz zaplanowanie odpowiedniej metody leczenia i profilaktyki, co znacz\u0105co mo\u017ce poprawi\u0107 jako\u015b\u0107 \u017cycia pacjenta.<\/p>\n<p>Test jest szczeg\u00f3lnie polecany osobom z objawami alergicznymi takimi jak katar sienny, astma alergiczna, czy uczucie ci\u0105g\u0142ego zm\u0119czenia i z\u0142ego samopoczucia, kt\u00f3re mog\u0105 by\u0107 wynikiem nara\u017cenia na alergeny wziewne. Diagnoza pozwala na wdro\u017cenie odpowiednich \u015brodk\u00f3w zapobiegawczych, takich jak unikanie alergen\u00f3w czy terapia desensytyzacyjna.<\/p>","protected":false},"excerpt":{"rendered":"<p>Panel Polycheck X Wziewny (30 alergen\u00f3w) \u2013 IgE specyficzne (ICD9:L91) Badanie Panel Polycheck X Wziewny (30 alergen\u00f3w) \u2013 IgE specyficzne (ICD9:L91) jest kluczowe dla os\u00f3b, kt\u00f3re podejrzewaj\u0105 u siebie alergie wziewne. Jest to test, kt\u00f3ry umo\u017cliwia zidentyfikowanie specyficznych przeciwcia\u0142 IgE wobec 30 r\u00f3\u017cnych alergen\u00f3w wziewnych. Alergeny te mog\u0105 obejmowa\u0107 r\u00f3\u017cnego rodzaju py\u0142ki, roztocza, ple\u015bnie i [&hellip;]<\/p>\n","protected":false},"featured_media":0,"template":"","meta":[],"product_brand":[],"product_cat":[25,26],"product_tag":[],"class_list":{"0":"post-2405","1":"product","2":"type-product","3":"status-publish","5":"product_cat-badanie-laboratoryjne","6":"product_cat-krew","8":"first","9":"instock","10":"virtual","11":"sold-individually","12":"purchasable","13":"product-type-simple"},"_links":{"self":[{"href":"https:\/\/drteraz.pl\/en\/wp-json\/wp\/v2\/product\/2405","targetHints":{"allow":["GET"]}}],"collection":[{"href":"https:\/\/drteraz.pl\/en\/wp-json\/wp\/v2\/product"}],"about":[{"href":"https:\/\/drteraz.pl\/en\/wp-json\/wp\/v2\/types\/product"}],"version-history":[{"count":0,"href":"https:\/\/drteraz.pl\/en\/wp-json\/wp\/v2\/product\/2405\/revisions"}],"wp:attachment":[{"href":"https:\/\/drteraz.pl\/en\/wp-json\/wp\/v2\/media?parent=2405"}],"wp:term":[{"taxonomy":"product_brand","embeddable":true,"href":"https:\/\/drteraz.pl\/en\/wp-json\/wp\/v2\/product_brand?post=2405"},{"taxonomy":"product_cat","embeddable":true,"href":"https:\/\/drteraz.pl\/en\/wp-json\/wp\/v2\/product_cat?post=2405"},{"taxonomy":"product_tag","embeddable":true,"href":"https:\/\/drteraz.pl\/en\/wp-json\/wp\/v2\/product_tag?post=2405"}],"curies":[{"name":"wp","href":"https:\/\/api.w.org\/{rel}","templated":true}]}}