{"id":2410,"date":"2025-06-25T02:42:51","date_gmt":"2025-06-25T00:42:51","guid":{"rendered":"https:\/\/frosty-mclean.141-95-55-172.plesk.page\/produkt\/bez-kategorii\/posiew-kalu-w-kierunku-salmonella-shigella-3-probki\/"},"modified":"2025-06-25T02:42:53","modified_gmt":"2025-06-25T00:42:53","slug":"posiew-kalu-w-kierunku-salmonella-shigella-3-probki","status":"publish","type":"product","link":"https:\/\/drteraz.pl\/en\/badanie-laboratoryjne\/posiew-kalu-w-kierunku-salmonella-shigella-3-probki\/","title":{"rendered":"Posiew ka\u0142u w kierunku Salmonella Shigella (3 pr\u00f3bki)"},"content":{"rendered":"<h1>Posiew ka\u0142u w kierunku Salmonella\/Shigella (3 pr\u00f3bki)<\/h1>\n<p>&nbsp;<\/p>\n<p>Badanie bakteriologiczne posiewu ka\u0142u na obecno\u015b\u0107 bakterii Salmonella i Shigella jest kluczowe w diagnozowaniu zaka\u017ce\u0144 przewodu pokarmowego. Bakterie te s\u0105 cz\u0119stymi przyczynami chor\u00f3b zaka\u017anych takich jak salmonelloza czy szigeloza, kt\u00f3re objawiaj\u0105 si\u0119 gor\u0105czk\u0105, b\u00f3lami brzucha, biegunk\u0105 oraz mog\u0105 prowadzi\u0107 do powa\u017cniejszych komplikacji zdrowotnych. Badanie polega na zbadaniu pr\u00f3bki ka\u0142u pod k\u0105tem obecno\u015bci bakterii Salmonella i Shigella, co pozwala na szybk\u0105 identyfikacj\u0119 patogenu i wdro\u017cenie odpowiedniej terapii antybiotykowej. Jest to niezwykle istotne dla skutecznego leczenia i zapobiegania rozprzestrzenianiu si\u0119 infekcji.<\/p>\n<p>&nbsp;<\/p>\n<h1>&nbsp;<\/h1>","protected":false},"excerpt":{"rendered":"<p>Posiew ka\u0142u w kierunku Salmonella\/Shigella (3 pr\u00f3bki) &nbsp; Badanie bakteriologiczne posiewu ka\u0142u na obecno\u015b\u0107 bakterii Salmonella i Shigella jest kluczowe w diagnozowaniu zaka\u017ce\u0144 przewodu pokarmowego. Bakterie te s\u0105 cz\u0119stymi przyczynami chor\u00f3b zaka\u017anych takich jak salmonelloza czy szigeloza, kt\u00f3re objawiaj\u0105 si\u0119 gor\u0105czk\u0105, b\u00f3lami brzucha, biegunk\u0105 oraz mog\u0105 prowadzi\u0107 do powa\u017cniejszych komplikacji zdrowotnych. Badanie polega na zbadaniu [&hellip;]<\/p>\n","protected":false},"featured_media":0,"template":"","meta":[],"product_brand":[],"product_cat":[25,28],"product_tag":[],"class_list":{"0":"post-2410","1":"product","2":"type-product","3":"status-publish","5":"product_cat-badanie-laboratoryjne","6":"product_cat-kal","8":"first","9":"instock","10":"virtual","11":"sold-individually","12":"purchasable","13":"product-type-simple"},"_links":{"self":[{"href":"https:\/\/drteraz.pl\/en\/wp-json\/wp\/v2\/product\/2410","targetHints":{"allow":["GET"]}}],"collection":[{"href":"https:\/\/drteraz.pl\/en\/wp-json\/wp\/v2\/product"}],"about":[{"href":"https:\/\/drteraz.pl\/en\/wp-json\/wp\/v2\/types\/product"}],"version-history":[{"count":0,"href":"https:\/\/drteraz.pl\/en\/wp-json\/wp\/v2\/product\/2410\/revisions"}],"wp:attachment":[{"href":"https:\/\/drteraz.pl\/en\/wp-json\/wp\/v2\/media?parent=2410"}],"wp:term":[{"taxonomy":"product_brand","embeddable":true,"href":"https:\/\/drteraz.pl\/en\/wp-json\/wp\/v2\/product_brand?post=2410"},{"taxonomy":"product_cat","embeddable":true,"href":"https:\/\/drteraz.pl\/en\/wp-json\/wp\/v2\/product_cat?post=2410"},{"taxonomy":"product_tag","embeddable":true,"href":"https:\/\/drteraz.pl\/en\/wp-json\/wp\/v2\/product_tag?post=2410"}],"curies":[{"name":"wp","href":"https:\/\/api.w.org\/{rel}","templated":true}]}}