{"id":2418,"date":"2025-06-25T02:42:51","date_gmt":"2025-06-25T00:42:51","guid":{"rendered":"https:\/\/frosty-mclean.141-95-55-172.plesk.page\/produkt\/bez-kategorii\/psa-calkowite\/"},"modified":"2025-06-25T02:42:55","modified_gmt":"2025-06-25T00:42:55","slug":"psa-calkowite","status":"publish","type":"product","link":"https:\/\/drteraz.pl\/en\/badanie-laboratoryjne\/psa-calkowite\/","title":{"rendered":"PSA ca\u0142kowite"},"content":{"rendered":"<h1>Badanie PSA ca\u0142kowitego<\/h1>\n<p>Badanie poziomu PSA ca\u0142kowitego (antygenu swoistego dla prostaty) jest jednym z kluczowych bada\u0144 s\u0142u\u017c\u0105cych do wykrywania i monitorowania chor\u00f3b nowotworowych prostaty. PSA to bia\u0142ko produkowane przez kom\u00f3rki gruczo\u0142u krokowego, kt\u00f3re mo\u017cna wykry\u0107 w krwi. Test PSA ca\u0142kowitego mierzy ilo\u015b\u0107 tego bia\u0142ka we krwi, co pomaga w diagnozie raka prostaty oraz monitorowaniu skuteczno\u015bci jego leczenia.<\/p>\n<h1>Przebieg badania<\/h1>\n<p>Badanie PSA wykonuje si\u0119 na podstawie pr\u00f3bki krwi pobranej od pacjenta. Procedura pobrania krwi jest szybka i ma\u0142o inwazyjna. Krew pobierana jest zwykle z \u017cy\u0142y \u0142okciowej. Po pobraniu, pr\u00f3bka krwi jest analizowana w laboratorium w celu okre\u015blenia poziomu PSA.<\/p>\n<h1>Zalecenia do badania<\/h1>\n<p>Badanie PSA ca\u0142kowitego zalecane jest m\u0119\u017cczyznom po 50. roku \u017cycia jako cz\u0119\u015b\u0107 regularnych bada\u0144 przesiewowych. Mo\u017ce by\u0107 r\u00f3wnie\u017c zalecone m\u0119\u017cczyznom w m\u0142odszym wieku, je\u015bli w ich rodzinie wyst\u0119powa\u0142y przypadki raka prostaty, lub maj\u0105 inne czynniki ryzyka. Przed badaniem nale\u017cy poinformowa\u0107 lekarza o wszystkich przyjmowanych lekach, poniewa\u017c niekt\u00f3re mog\u0105 wp\u0142yn\u0105\u0107 na poziom PSA.<\/p>\n<h1>Znaczenie wynik\u00f3w<\/h1>\n<p>Normalny poziom PSA waha si\u0119 w zale\u017cno\u015bci od wieku i indywidualnych uwarunkowa\u0144, ale zazwyczaj wynosi poni\u017cej 4 ng\/ml. Wy\u017csze warto\u015bci mog\u0105 sugerowa\u0107 obecno\u015b\u0107 raka prostaty, jednak nie s\u0105 one jednoznaczne i mog\u0105 wynika\u0107 r\u00f3wnie\u017c z innych stan\u00f3w zdrowotnych takich jak przerost prostaty czy infekcje. Dok\u0142adna interpretacja wynik\u00f3w zawsze powinna by\u0107 wykonana przez kwalifikowanego lekarza, kt\u00f3ry mo\u017ce zaleci\u0107 dalsze testy diagnostyczne lub procedury w celu potwierdzenia diagnozy.<\/p>","protected":false},"excerpt":{"rendered":"<p>Badanie PSA ca\u0142kowitego Badanie poziomu PSA ca\u0142kowitego (antygenu swoistego dla prostaty) jest jednym z kluczowych bada\u0144 s\u0142u\u017c\u0105cych do wykrywania i monitorowania chor\u00f3b nowotworowych prostaty. PSA to bia\u0142ko produkowane przez kom\u00f3rki gruczo\u0142u krokowego, kt\u00f3re mo\u017cna wykry\u0107 w krwi. Test PSA ca\u0142kowitego mierzy ilo\u015b\u0107 tego bia\u0142ka we krwi, co pomaga w diagnozie raka prostaty oraz monitorowaniu skuteczno\u015bci [&hellip;]<\/p>\n","protected":false},"featured_media":0,"template":"","meta":[],"product_brand":[],"product_cat":[25,26],"product_tag":[],"class_list":{"0":"post-2418","1":"product","2":"type-product","3":"status-publish","5":"product_cat-badanie-laboratoryjne","6":"product_cat-krew","8":"first","9":"instock","10":"virtual","11":"sold-individually","12":"purchasable","13":"product-type-simple"},"_links":{"self":[{"href":"https:\/\/drteraz.pl\/en\/wp-json\/wp\/v2\/product\/2418","targetHints":{"allow":["GET"]}}],"collection":[{"href":"https:\/\/drteraz.pl\/en\/wp-json\/wp\/v2\/product"}],"about":[{"href":"https:\/\/drteraz.pl\/en\/wp-json\/wp\/v2\/types\/product"}],"version-history":[{"count":0,"href":"https:\/\/drteraz.pl\/en\/wp-json\/wp\/v2\/product\/2418\/revisions"}],"wp:attachment":[{"href":"https:\/\/drteraz.pl\/en\/wp-json\/wp\/v2\/media?parent=2418"}],"wp:term":[{"taxonomy":"product_brand","embeddable":true,"href":"https:\/\/drteraz.pl\/en\/wp-json\/wp\/v2\/product_brand?post=2418"},{"taxonomy":"product_cat","embeddable":true,"href":"https:\/\/drteraz.pl\/en\/wp-json\/wp\/v2\/product_cat?post=2418"},{"taxonomy":"product_tag","embeddable":true,"href":"https:\/\/drteraz.pl\/en\/wp-json\/wp\/v2\/product_tag?post=2418"}],"curies":[{"name":"wp","href":"https:\/\/api.w.org\/{rel}","templated":true}]}}