{"id":2420,"date":"2025-06-25T02:42:51","date_gmt":"2025-06-25T00:42:51","guid":{"rendered":"https:\/\/frosty-mclean.141-95-55-172.plesk.page\/produkt\/bez-kategorii\/pt-inr-czas-protrombinowy\/"},"modified":"2025-06-25T02:42:56","modified_gmt":"2025-06-25T00:42:56","slug":"pt-inr-czas-protrombinowy","status":"publish","type":"product","link":"https:\/\/drteraz.pl\/en\/badanie-laboratoryjne\/pt-inr-czas-protrombinowy\/","title":{"rendered":"PT INR (Czas protrombinowy)"},"content":{"rendered":"<h1>Czas protrombinowy (PT INR)<\/h1>\n<p>Czas protrombinowy (PT) to badanie laboratoryjne u\u017cywane do oceny zdolno\u015bci krwi do krzepni\u0119cia. Badanie PT jest istotne przede wszystkim w diagnostyce zaburze\u0144 krzepni\u0119cia, monitorowaniu terapii antykoagulacyjnej, na przyk\u0142ad przy stosowaniu lek\u00f3w takich jak warfaryna, oraz w ocenie funkcji w\u0105troby. Wynik badania wyra\u017cany jest w sekundach i odnosi si\u0119 do czasu, jaki potrzebny jest krwi pacjenta do skrzepni\u0119cia po dodaniu do niej odpowiednich reagent\u00f3w.<\/p>\n<p>Wskazania do przeprowadzenia badania PT obejmuj\u0105: podejrzenie zaburze\u0144 krwawienia, kontrola terapii przeciwkrzepliwej, a tak\u017ce ocena stanu w\u0105troby. Normy badania mog\u0105 r\u00f3\u017cni\u0107 si\u0119 w zale\u017cno\u015bci od metody u\u017cytej przez laboratorium, dlatego ka\u017cdy wynik powinien by\u0107 interpretowany z uwzgl\u0119dnieniem tych specyfik.<\/p>\n<p>Nieprawid\u0142owe wyniki badania PT mog\u0105 wskazywa\u0107 na r\u00f3\u017cne stany patologiczne, takie jak niedobory witaminy K, choroby w\u0105troby, lub dziedziczne zaburzenia krzepni\u0119cia. Dlatego te\u017c przy odbiorze wynik\u00f3w wa\u017cna jest konsultacja z lekarzem, kt\u00f3ry w oparciu o dodatkowe badania i wywiad medyczny, mo\u017ce dokona\u0107 w\u0142a\u015bciwej diagnozy i zaleci\u0107 odpowiednie leczenie.<\/p>","protected":false},"excerpt":{"rendered":"<p>Czas protrombinowy (PT INR) Czas protrombinowy (PT) to badanie laboratoryjne u\u017cywane do oceny zdolno\u015bci krwi do krzepni\u0119cia. Badanie PT jest istotne przede wszystkim w diagnostyce zaburze\u0144 krzepni\u0119cia, monitorowaniu terapii antykoagulacyjnej, na przyk\u0142ad przy stosowaniu lek\u00f3w takich jak warfaryna, oraz w ocenie funkcji w\u0105troby. Wynik badania wyra\u017cany jest w sekundach i odnosi si\u0119 do czasu, jaki [&hellip;]<\/p>\n","protected":false},"featured_media":0,"template":"","meta":[],"product_brand":[],"product_cat":[25,26],"product_tag":[],"class_list":{"0":"post-2420","1":"product","2":"type-product","3":"status-publish","5":"product_cat-badanie-laboratoryjne","6":"product_cat-krew","8":"first","9":"instock","10":"virtual","11":"sold-individually","12":"purchasable","13":"product-type-simple"},"_links":{"self":[{"href":"https:\/\/drteraz.pl\/en\/wp-json\/wp\/v2\/product\/2420","targetHints":{"allow":["GET"]}}],"collection":[{"href":"https:\/\/drteraz.pl\/en\/wp-json\/wp\/v2\/product"}],"about":[{"href":"https:\/\/drteraz.pl\/en\/wp-json\/wp\/v2\/types\/product"}],"version-history":[{"count":0,"href":"https:\/\/drteraz.pl\/en\/wp-json\/wp\/v2\/product\/2420\/revisions"}],"wp:attachment":[{"href":"https:\/\/drteraz.pl\/en\/wp-json\/wp\/v2\/media?parent=2420"}],"wp:term":[{"taxonomy":"product_brand","embeddable":true,"href":"https:\/\/drteraz.pl\/en\/wp-json\/wp\/v2\/product_brand?post=2420"},{"taxonomy":"product_cat","embeddable":true,"href":"https:\/\/drteraz.pl\/en\/wp-json\/wp\/v2\/product_cat?post=2420"},{"taxonomy":"product_tag","embeddable":true,"href":"https:\/\/drteraz.pl\/en\/wp-json\/wp\/v2\/product_tag?post=2420"}],"curies":[{"name":"wp","href":"https:\/\/api.w.org\/{rel}","templated":true}]}}