{"id":2421,"date":"2025-06-25T02:42:51","date_gmt":"2025-06-25T00:42:51","guid":{"rendered":"https:\/\/frosty-mclean.141-95-55-172.plesk.page\/produkt\/bez-kategorii\/pta-posredni-test-antyglobulinowy-p-c-odpornosciowe\/"},"modified":"2025-06-25T02:42:56","modified_gmt":"2025-06-25T00:42:56","slug":"pta-posredni-test-antyglobulinowy-p-c-odpornosciowe","status":"publish","type":"product","link":"https:\/\/drteraz.pl\/en\/badanie-laboratoryjne\/pta-posredni-test-antyglobulinowy-p-c-odpornosciowe\/","title":{"rendered":"PTA &#8211; po\u015bredni test antyglobulinowy, p\/c odporno\u015bciowe"},"content":{"rendered":"<h1>PTA &#8211; Po\u015bredni Test Antyglobulinowy<\/h1>\n<p>Po\u015bredni test antyglobulinowy, znany r\u00f3wnie\u017c jako PTA, jest badaniem serologicznym, kt\u00f3re s\u0142u\u017cy do wykrywania obecno\u015bci przeciwcia\u0142 przeciwko antygenom okre\u015blonych grup krwi w surowicy pacjenta. Badanie to jest cz\u0119sto stosowane w diagnostyce przed transfuzjami krwi oraz w obstetryce, aby oceni\u0107 ryzyko wyst\u0105pienia konfliktu serologicznego matki z p\u0142odem w przypadku niezgodno\u015bci grup krwi.<\/p>\n<h1>Przeznaczenie badania<\/h1>\n<p>PTA jest kluczowe w diagnostyce immunohematologicznej, szczeg\u00f3lnie przy doborze bezpiecznych i odpowiednich jednostek krwi dla pacjent\u00f3w przed transfuzj\u0105, a tak\u017ce w ocenie ryzyka hemolitycznej choroby noworodka spowodowanej niezgodno\u015bci\u0105 grupow\u0105 Rh mi\u0119dzy matk\u0105 a p\u0142odem. Jego wykonanie jest niezb\u0119dne te\u017c w celu wykrycia ewentualnych przeciwcia\u0142, kt\u00f3re mog\u0105 stanowi\u0107 ryzyko dla pacjenta.<\/p>\n<h1>Metodologia testu<\/h1>\n<p>Badanie PTA polega na inkubacji surowicy pacjenta z erytrocytami o znanych antygenach, z kolejnym dodaniem reagencji antyglobulinowych, kt\u00f3re b\u0119d\u0105 wi\u0105za\u0107 si\u0119 z ewentualnymi kompleksami antygen-przeciwcia\u0142o, je\u017celi takie zostan\u0105 utworzone. Obserwacja aglutynacji (sklejania si\u0119 erytrocyt\u00f3w) \u015bwiadczy o obecno\u015bci przeciwcia\u0142 przeciwko antygenom erytrocytarnym w badanej pr\u00f3bce krwi.<\/p>\n<h1>Wskazania do wykonania PTA<\/h1>\n<p>PTA wykonuje si\u0119 w przypadkach podejrzenia hemolitycznej choroby noworodka, dla bezpiecze\u0144stwa transfuzji (w tym doboru krwi dla pacjent\u00f3w z wcze\u015bniejszymi reakcjami poprzetoczeniowymi) oraz w diagnostyce autoimmunologicznych anemii hemolitycznych. Jest r\u00f3wnie\u017c wskazane w celu wykluczenia lub potwierdzenia obecno\u015bci alloprzeciwcia\u0142 w serologii transfuzjologicznej.<\/p>\n<h1>Korzy\u015bci z wykonania badania<\/h1>\n<p>Regularne wykonanie PTA mo\u017ce znacz\u0105co przyczyni\u0107 si\u0119 do zmniejszenia ryzyka powik\u0142a\u0144 zwi\u0105zanych z transfuzjami krwi, jak r\u00f3wnie\u017c do efektywnej opieki nad ci\u0119\u017carnymi w zapobieganiu i leczeniu hemolitycznej choroby noworodka. Umo\u017cliwia r\u00f3wnie\u017c efektywne monitorowanie pacjent\u00f3w z autoimmunologicznymi anemiami hemolitycznymi dzi\u0119ki mo\u017cliwo\u015bci bie\u017c\u0105cej oceny poziomu przeciwcia\u0142.<\/p>","protected":false},"excerpt":{"rendered":"<p>PTA &#8211; Po\u015bredni Test Antyglobulinowy Po\u015bredni test antyglobulinowy, znany r\u00f3wnie\u017c jako PTA, jest badaniem serologicznym, kt\u00f3re s\u0142u\u017cy do wykrywania obecno\u015bci przeciwcia\u0142 przeciwko antygenom okre\u015blonych grup krwi w surowicy pacjenta. Badanie to jest cz\u0119sto stosowane w diagnostyce przed transfuzjami krwi oraz w obstetryce, aby oceni\u0107 ryzyko wyst\u0105pienia konfliktu serologicznego matki z p\u0142odem w przypadku niezgodno\u015bci grup [&hellip;]<\/p>\n","protected":false},"featured_media":0,"template":"","meta":[],"product_brand":[],"product_cat":[25,26],"product_tag":[],"class_list":{"0":"post-2421","1":"product","2":"type-product","3":"status-publish","5":"product_cat-badanie-laboratoryjne","6":"product_cat-krew","8":"first","9":"instock","10":"virtual","11":"sold-individually","12":"purchasable","13":"product-type-simple"},"_links":{"self":[{"href":"https:\/\/drteraz.pl\/en\/wp-json\/wp\/v2\/product\/2421","targetHints":{"allow":["GET"]}}],"collection":[{"href":"https:\/\/drteraz.pl\/en\/wp-json\/wp\/v2\/product"}],"about":[{"href":"https:\/\/drteraz.pl\/en\/wp-json\/wp\/v2\/types\/product"}],"version-history":[{"count":0,"href":"https:\/\/drteraz.pl\/en\/wp-json\/wp\/v2\/product\/2421\/revisions"}],"wp:attachment":[{"href":"https:\/\/drteraz.pl\/en\/wp-json\/wp\/v2\/media?parent=2421"}],"wp:term":[{"taxonomy":"product_brand","embeddable":true,"href":"https:\/\/drteraz.pl\/en\/wp-json\/wp\/v2\/product_brand?post=2421"},{"taxonomy":"product_cat","embeddable":true,"href":"https:\/\/drteraz.pl\/en\/wp-json\/wp\/v2\/product_cat?post=2421"},{"taxonomy":"product_tag","embeddable":true,"href":"https:\/\/drteraz.pl\/en\/wp-json\/wp\/v2\/product_tag?post=2421"}],"curies":[{"name":"wp","href":"https:\/\/api.w.org\/{rel}","templated":true}]}}