{"id":2423,"date":"2025-06-25T02:42:51","date_gmt":"2025-06-25T00:42:51","guid":{"rendered":"https:\/\/frosty-mclean.141-95-55-172.plesk.page\/produkt\/bez-kategorii\/rozmaz-krwi-manualnie\/"},"modified":"2025-06-25T02:42:56","modified_gmt":"2025-06-25T00:42:56","slug":"rozmaz-krwi-manualnie","status":"publish","type":"product","link":"https:\/\/drteraz.pl\/en\/badanie-laboratoryjne\/rozmaz-krwi-manualnie\/","title":{"rendered":"Rozmaz krwi (manualnie)"},"content":{"rendered":"<h1>Rozmaz krwi (manualnie)<\/h1>\n<p>Rozmaz krwi jest badaniem hematologicznym, kt\u00f3re polega na manualnym rozsmarowaniu krwi pacjenta na szkie\u0142ku mikroskopowym, aby umo\u017cliwi\u0107 ocen\u0119 morfologii kom\u00f3rek krwi. Badanie to pozwala na dok\u0142adn\u0105 analiz\u0119 r\u00f3\u017cnych typ\u00f3w kom\u00f3rek krwi, takich jak erytrocyty, leukocyty i p\u0142ytki krwi. Rozmaz krwi jest pomocny w diagnozowaniu r\u00f3\u017cnych stan\u00f3w i chor\u00f3b, w tym anemii, infekcji czy chor\u00f3b krwi, takich jak bia\u0142aczka. Procedura ta jest przeprowadzana przez wykwalifikowanego technika laboratoryjnego i analizowana przez specjalist\u0119 hematologa, co gwarantuje wysok\u0105 precyzj\u0119 i wiarygodno\u015b\u0107 wynik\u00f3w.<\/p>","protected":false},"excerpt":{"rendered":"<p>Rozmaz krwi (manualnie) Rozmaz krwi jest badaniem hematologicznym, kt\u00f3re polega na manualnym rozsmarowaniu krwi pacjenta na szkie\u0142ku mikroskopowym, aby umo\u017cliwi\u0107 ocen\u0119 morfologii kom\u00f3rek krwi. Badanie to pozwala na dok\u0142adn\u0105 analiz\u0119 r\u00f3\u017cnych typ\u00f3w kom\u00f3rek krwi, takich jak erytrocyty, leukocyty i p\u0142ytki krwi. Rozmaz krwi jest pomocny w diagnozowaniu r\u00f3\u017cnych stan\u00f3w i chor\u00f3b, w tym anemii, infekcji [&hellip;]<\/p>\n","protected":false},"featured_media":0,"template":"","meta":[],"product_brand":[],"product_cat":[25,26],"product_tag":[],"class_list":{"0":"post-2423","1":"product","2":"type-product","3":"status-publish","5":"product_cat-badanie-laboratoryjne","6":"product_cat-krew","8":"first","9":"instock","10":"virtual","11":"sold-individually","12":"purchasable","13":"product-type-simple"},"_links":{"self":[{"href":"https:\/\/drteraz.pl\/en\/wp-json\/wp\/v2\/product\/2423","targetHints":{"allow":["GET"]}}],"collection":[{"href":"https:\/\/drteraz.pl\/en\/wp-json\/wp\/v2\/product"}],"about":[{"href":"https:\/\/drteraz.pl\/en\/wp-json\/wp\/v2\/types\/product"}],"version-history":[{"count":0,"href":"https:\/\/drteraz.pl\/en\/wp-json\/wp\/v2\/product\/2423\/revisions"}],"wp:attachment":[{"href":"https:\/\/drteraz.pl\/en\/wp-json\/wp\/v2\/media?parent=2423"}],"wp:term":[{"taxonomy":"product_brand","embeddable":true,"href":"https:\/\/drteraz.pl\/en\/wp-json\/wp\/v2\/product_brand?post=2423"},{"taxonomy":"product_cat","embeddable":true,"href":"https:\/\/drteraz.pl\/en\/wp-json\/wp\/v2\/product_cat?post=2423"},{"taxonomy":"product_tag","embeddable":true,"href":"https:\/\/drteraz.pl\/en\/wp-json\/wp\/v2\/product_tag?post=2423"}],"curies":[{"name":"wp","href":"https:\/\/api.w.org\/{rel}","templated":true}]}}