{"id":2426,"date":"2025-06-25T02:43:00","date_gmt":"2025-06-25T00:43:00","guid":{"rendered":"https:\/\/frosty-mclean.141-95-55-172.plesk.page\/produkt\/bez-kategorii\/rubella-rozyczka-igm-ocena-jakosciowa\/"},"modified":"2025-06-25T02:43:00","modified_gmt":"2025-06-25T00:43:00","slug":"rubella-rozyczka-igm-ocena-jakosciowa","status":"publish","type":"product","link":"https:\/\/drteraz.pl\/en\/badanie-laboratoryjne\/rubella-rozyczka-igm-ocena-jakosciowa\/","title":{"rendered":"Rubella (r\u00f3\u017cyczka) IgM &#8211; ocena jako\u015bciowa"},"content":{"rendered":"<h1>Rubella (R\u00f3\u017cyczka) IgM &#8211; Ocena Jako\u015bciowa<\/h1>\n<p>Badanie na obecno\u015b\u0107 przeciwcia\u0142 IgM przeciwko wirusowi r\u00f3\u017cyczki jest kluczowym narz\u0119dziem w diagnostyce tej choroby. R\u00f3\u017cyczka jest chorob\u0105 wirusow\u0105, kt\u00f3ra najcz\u0119\u015bciej przechodzi \u0142agodnie, ale mo\u017ce prowadzi\u0107 do powa\u017cnych komplikacji, szczeg\u00f3lnie w przypadku zaka\u017cenia kobiet w ci\u0105\u017cy. Oznaczenie st\u0119\u017ce\u0144 przeciwcia\u0142 IgM pozwala na wykrycie \u015bwie\u017cej infekcji, co jest szczeg\u00f3lnie wa\u017cne w diagnostyce prenatalnej oraz w przypadkach podejrzenia niedawnej infekcji u os\u00f3b nieszczepionych.<\/p>\n<p>Pr\u00f3bka krwi u\u017cywana do testu jest analizowana w celu wykrycia przeciwcia\u0142 IgM, kt\u00f3re pojawiaj\u0105 si\u0119 kr\u00f3tko po infekcji. Wynik pozytywny wskazuje na niedawne zaka\u017cenie wirusem r\u00f3\u017cyczki, co mo\u017ce wymaga\u0107 dalszej diagnostyki i specjalistycznych konsultacji, zw\u0142aszcza w grupach ryzyka. Z kolei wynik negatywny zazwyczaj wyklucza infekcj\u0119 w ostatnim czasie.<\/p>\n<p>Badanie to jest szczeg\u00f3lnie zalecane dla kobiet planuj\u0105cych ci\u0105\u017c\u0119, os\u00f3b po kontakcie z zaka\u017con\u0105 r\u00f3\u017cyczk\u0105, a tak\u017ce w rutynowych badaniach kontrolnych w populacji. Wyniki testu przyczyniaj\u0105 si\u0119 do monitorowania i profilaktycznego dzia\u0142ania w kontroli rozprzestrzeniania si\u0119 wirusa r\u00f3\u017cyczki.<\/p>","protected":false},"excerpt":{"rendered":"<p>Rubella (R\u00f3\u017cyczka) IgM &#8211; Ocena Jako\u015bciowa Badanie na obecno\u015b\u0107 przeciwcia\u0142 IgM przeciwko wirusowi r\u00f3\u017cyczki jest kluczowym narz\u0119dziem w diagnostyce tej choroby. R\u00f3\u017cyczka jest chorob\u0105 wirusow\u0105, kt\u00f3ra najcz\u0119\u015bciej przechodzi \u0142agodnie, ale mo\u017ce prowadzi\u0107 do powa\u017cnych komplikacji, szczeg\u00f3lnie w przypadku zaka\u017cenia kobiet w ci\u0105\u017cy. Oznaczenie st\u0119\u017ce\u0144 przeciwcia\u0142 IgM pozwala na wykrycie \u015bwie\u017cej infekcji, co jest szczeg\u00f3lnie wa\u017cne [&hellip;]<\/p>\n","protected":false},"featured_media":0,"template":"","meta":[],"product_brand":[],"product_cat":[25,26],"product_tag":[],"class_list":{"0":"post-2426","1":"product","2":"type-product","3":"status-publish","5":"product_cat-badanie-laboratoryjne","6":"product_cat-krew","8":"first","9":"instock","10":"virtual","11":"sold-individually","12":"purchasable","13":"product-type-simple"},"_links":{"self":[{"href":"https:\/\/drteraz.pl\/en\/wp-json\/wp\/v2\/product\/2426","targetHints":{"allow":["GET"]}}],"collection":[{"href":"https:\/\/drteraz.pl\/en\/wp-json\/wp\/v2\/product"}],"about":[{"href":"https:\/\/drteraz.pl\/en\/wp-json\/wp\/v2\/types\/product"}],"version-history":[{"count":0,"href":"https:\/\/drteraz.pl\/en\/wp-json\/wp\/v2\/product\/2426\/revisions"}],"wp:attachment":[{"href":"https:\/\/drteraz.pl\/en\/wp-json\/wp\/v2\/media?parent=2426"}],"wp:term":[{"taxonomy":"product_brand","embeddable":true,"href":"https:\/\/drteraz.pl\/en\/wp-json\/wp\/v2\/product_brand?post=2426"},{"taxonomy":"product_cat","embeddable":true,"href":"https:\/\/drteraz.pl\/en\/wp-json\/wp\/v2\/product_cat?post=2426"},{"taxonomy":"product_tag","embeddable":true,"href":"https:\/\/drteraz.pl\/en\/wp-json\/wp\/v2\/product_tag?post=2426"}],"curies":[{"name":"wp","href":"https:\/\/api.w.org\/{rel}","templated":true}]}}