{"id":2427,"date":"2025-06-25T02:43:00","date_gmt":"2025-06-25T00:43:00","guid":{"rendered":"https:\/\/frosty-mclean.141-95-55-172.plesk.page\/produkt\/bez-kategorii\/serum-cross-laps\/"},"modified":"2025-06-25T02:43:01","modified_gmt":"2025-06-25T00:43:01","slug":"serum-cross-laps","status":"publish","type":"product","link":"https:\/\/drteraz.pl\/en\/badanie-laboratoryjne\/serum-cross-laps\/","title":{"rendered":"Serum Cross-Laps"},"content":{"rendered":"<h1>Badanie Serum Cross-Laps (CTX)<\/h1>\n<p>Badanie Serum Cross-Laps (z angielskiego, C-terminal telopeptide test) jest jednym z najbardziej istotnych test\u00f3w stosowanych w diagnozowaniu stopnia post\u0119powania osteoporozy. Wykorzystywane jest do monitorowania metabolizmu ko\u015bci, a konkretnie do oceny tempa ich rozpadu. CTX pozwala na pomiar poziomu telopeptyd\u00f3w C-ko\u0144cowych kolagenu typu I w surowicy krwi, kt\u00f3re s\u0105 markerem resorpcji kostnej. Wysokie st\u0119\u017cenie tych peptyd\u00f3w w serum mo\u017ce wskazywa\u0107 na zwi\u0119kszon\u0105 degradacj\u0119 tkanki kostnej, co jest charakterystyczne dla proces\u00f3w patologicznych takich jak osteoporoza.<\/p>\n<h1>Jak przebiega badanie?<\/h1>\n<p>Badanie CTX przeprowadza si\u0119 na podstawie pr\u00f3bki krwi pacjenta. Pr\u00f3bka ta powinna by\u0107 pobrana w godzinach porannych, gdy\u017c st\u0119\u017cenie telopeptyd\u00f3w C-ko\u0144cowych jest wtedy najbardziej stabilne. Pacjent powinien znajdowa\u0107 si\u0119 na czczo od co najmniej 10 godzin przed badaniem, aby wyniki by\u0142y jak najbardziej wiarygodne. Procedura pobrania krwi jest standardowa i trwa tylko kilka minut.<\/p>\n<h1>Do kogo jest skierowane badanie?<\/h1>\n<p>Badanie Serum Cross-Laps jest zalecane osobom, u kt\u00f3rych istnieje podejrzenie osteoporozy, a tak\u017ce tym, kt\u00f3re s\u0105 ju\u017c w trakcie leczenia tej choroby. CTX jest wykorzystywane nie tylko do diagnozy, ale r\u00f3wnie\u017c do monitorowania efektywno\u015bci terapii \u2013 zmniejszenie poziomu marker\u00f3w mo\u017ce \u015bwiadczy\u0107 o skuteczno\u015bci stosowanego leczenia. Ponadto, test ten mo\u017ce by\u0107 pomocny w ocenie ryzyka z\u0142ama\u0144 osteoporotycznych.<\/p>\n<h1>Znaczenie badania w diagnostyce osteoporozy<\/h1>\n<p>Badanie Serum Cross-Laps jest kluczowym elementem w diagnostyce osteoporozy, poniewa\u017c pozwala na szybk\u0105 ocen\u0119 aktywno\u015bci proces\u00f3w metabolicznych ko\u015bci. Dzi\u0119ki wczesnemu wykryciu zmian jest mo\u017cliwe szybsze wprowadzenie leczenia, co znacz\u0105co zwi\u0119ksza szanse na zahamowanie post\u0119pu choroby. Regularne monitorowanie poziomu CTX umo\u017cliwia tak\u017ce dostosowanie terapii na bie\u017c\u0105co, maksymalizuj\u0105c korzy\u015bci dla zdrowia pacjenta.<\/p>","protected":false},"excerpt":{"rendered":"<p>Badanie Serum Cross-Laps (CTX) Badanie Serum Cross-Laps (z angielskiego, C-terminal telopeptide test) jest jednym z najbardziej istotnych test\u00f3w stosowanych w diagnozowaniu stopnia post\u0119powania osteoporozy. Wykorzystywane jest do monitorowania metabolizmu ko\u015bci, a konkretnie do oceny tempa ich rozpadu. CTX pozwala na pomiar poziomu telopeptyd\u00f3w C-ko\u0144cowych kolagenu typu I w surowicy krwi, kt\u00f3re s\u0105 markerem resorpcji kostnej. [&hellip;]<\/p>\n","protected":false},"featured_media":0,"template":"","meta":[],"product_brand":[],"product_cat":[25,26],"product_tag":[],"class_list":{"0":"post-2427","1":"product","2":"type-product","3":"status-publish","5":"product_cat-badanie-laboratoryjne","6":"product_cat-krew","8":"first","9":"instock","10":"virtual","11":"sold-individually","12":"purchasable","13":"product-type-simple"},"_links":{"self":[{"href":"https:\/\/drteraz.pl\/en\/wp-json\/wp\/v2\/product\/2427","targetHints":{"allow":["GET"]}}],"collection":[{"href":"https:\/\/drteraz.pl\/en\/wp-json\/wp\/v2\/product"}],"about":[{"href":"https:\/\/drteraz.pl\/en\/wp-json\/wp\/v2\/types\/product"}],"version-history":[{"count":0,"href":"https:\/\/drteraz.pl\/en\/wp-json\/wp\/v2\/product\/2427\/revisions"}],"wp:attachment":[{"href":"https:\/\/drteraz.pl\/en\/wp-json\/wp\/v2\/media?parent=2427"}],"wp:term":[{"taxonomy":"product_brand","embeddable":true,"href":"https:\/\/drteraz.pl\/en\/wp-json\/wp\/v2\/product_brand?post=2427"},{"taxonomy":"product_cat","embeddable":true,"href":"https:\/\/drteraz.pl\/en\/wp-json\/wp\/v2\/product_cat?post=2427"},{"taxonomy":"product_tag","embeddable":true,"href":"https:\/\/drteraz.pl\/en\/wp-json\/wp\/v2\/product_tag?post=2427"}],"curies":[{"name":"wp","href":"https:\/\/api.w.org\/{rel}","templated":true}]}}