{"id":2430,"date":"2025-06-25T02:43:00","date_gmt":"2025-06-25T00:43:00","guid":{"rendered":"https:\/\/frosty-mclean.141-95-55-172.plesk.page\/produkt\/bez-kategorii\/skladowa-dopelniacza-c4\/"},"modified":"2025-06-25T02:43:01","modified_gmt":"2025-06-25T00:43:01","slug":"skladowa-dopelniacza-c4","status":"publish","type":"product","link":"https:\/\/drteraz.pl\/en\/badanie-laboratoryjne\/skladowa-dopelniacza-c4\/","title":{"rendered":"Sk\u0142adowa dope\u0142niacza C4"},"content":{"rendered":"<h1>Sk\u0142adowa dope\u0142niacza C4<\/h1>\n<p>Badanie sk\u0142adowej dope\u0142niacza C4 nale\u017cy do dziedziny immunologii i jest przeprowadzane w celu diagnozowania oraz monitorowania przebiegu chor\u00f3b autoimmunologicznych oraz uk\u0142adowych. Dope\u0142niacz C4 jest jednym z bia\u0142ek systemu dope\u0142niacza, kt\u00f3re odgrywaj\u0105 kluczow\u0105 rol\u0119 w odpowiedzi immunologicznej, poprzez wspieranie procesu fagocytozy i lizy kom\u00f3rek patogennych.<\/p>\n<p>Analiza poziomu sk\u0142adowej C4 w surowicy krwi pomaga w ocenie aktywno\u015bci chor\u00f3b takich jak tocze\u0144 rumieniowaty uk\u0142adowy, przewlek\u0142a pokrzywka oraz inne schorzenia zwi\u0105zane z uk\u0142adem immunologicznym. Niskie poziomy C4 mog\u0105 wskazywa\u0107 na aktywno\u015b\u0107 chorobow\u0105 lub niedob\u00f3r skonstytuowanego komponentu dope\u0142niacza.<\/p>\n<p>Krew do badania pobierana jest z \u017cy\u0142y obwodowej. Przed badaniem zaleca si\u0119 unikni\u0119cie ci\u0119\u017ckiego wysi\u0142ku fizycznego oraz stresu, kt\u00f3re mog\u0105 wp\u0142yn\u0105\u0107 na wyniki bada\u0144. Wyniki badania interpretowane s\u0105 przez lekarza prowadz\u0105cego, kt\u00f3ry \u0142\u0105czy je z innymi danymi klinicznymi dla pe\u0142nej diagnozy stanu zdrowia pacjenta.<\/p>","protected":false},"excerpt":{"rendered":"<p>Sk\u0142adowa dope\u0142niacza C4 Badanie sk\u0142adowej dope\u0142niacza C4 nale\u017cy do dziedziny immunologii i jest przeprowadzane w celu diagnozowania oraz monitorowania przebiegu chor\u00f3b autoimmunologicznych oraz uk\u0142adowych. Dope\u0142niacz C4 jest jednym z bia\u0142ek systemu dope\u0142niacza, kt\u00f3re odgrywaj\u0105 kluczow\u0105 rol\u0119 w odpowiedzi immunologicznej, poprzez wspieranie procesu fagocytozy i lizy kom\u00f3rek patogennych. Analiza poziomu sk\u0142adowej C4 w surowicy krwi pomaga [&hellip;]<\/p>\n","protected":false},"featured_media":0,"template":"","meta":[],"product_brand":[],"product_cat":[25,26],"product_tag":[],"class_list":{"0":"post-2430","1":"product","2":"type-product","3":"status-publish","5":"product_cat-badanie-laboratoryjne","6":"product_cat-krew","8":"first","9":"instock","10":"virtual","11":"sold-individually","12":"purchasable","13":"product-type-simple"},"_links":{"self":[{"href":"https:\/\/drteraz.pl\/en\/wp-json\/wp\/v2\/product\/2430","targetHints":{"allow":["GET"]}}],"collection":[{"href":"https:\/\/drteraz.pl\/en\/wp-json\/wp\/v2\/product"}],"about":[{"href":"https:\/\/drteraz.pl\/en\/wp-json\/wp\/v2\/types\/product"}],"version-history":[{"count":0,"href":"https:\/\/drteraz.pl\/en\/wp-json\/wp\/v2\/product\/2430\/revisions"}],"wp:attachment":[{"href":"https:\/\/drteraz.pl\/en\/wp-json\/wp\/v2\/media?parent=2430"}],"wp:term":[{"taxonomy":"product_brand","embeddable":true,"href":"https:\/\/drteraz.pl\/en\/wp-json\/wp\/v2\/product_brand?post=2430"},{"taxonomy":"product_cat","embeddable":true,"href":"https:\/\/drteraz.pl\/en\/wp-json\/wp\/v2\/product_cat?post=2430"},{"taxonomy":"product_tag","embeddable":true,"href":"https:\/\/drteraz.pl\/en\/wp-json\/wp\/v2\/product_tag?post=2430"}],"curies":[{"name":"wp","href":"https:\/\/api.w.org\/{rel}","templated":true}]}}