{"id":2432,"date":"2025-06-25T02:43:00","date_gmt":"2025-06-25T00:43:00","guid":{"rendered":"https:\/\/frosty-mclean.141-95-55-172.plesk.page\/produkt\/bez-kategorii\/sod-na-we-krwi\/"},"modified":"2025-06-25T02:43:02","modified_gmt":"2025-06-25T00:43:02","slug":"sod-na-we-krwi","status":"publish","type":"product","link":"https:\/\/drteraz.pl\/en\/badanie-laboratoryjne\/sod-na-we-krwi\/","title":{"rendered":"S\u00f3d (Na) we krwi"},"content":{"rendered":"<h1>Badanie: S\u00f3d (Na)<\/h1>\n<p>S\u00f3d (Na) jest jednym z najwa\u017cniejszych elektrolit\u00f3w w organizmie ludzkim, pe\u0142ni\u0105cym kluczow\u0105 rol\u0119 w regulowaniu bilansu wodnego oraz przewodnictwie nerwowym i mi\u0119\u015bniowym. Badanie st\u0119\u017cenia sodu w moczu jest wa\u017cnym narz\u0119dziem diagnostycznym, kt\u00f3re pomaga oceni\u0107 gospodark\u0119 elektrolitow\u0105 organizmu, a tak\u017ce funkcje nerek i nadnerczy. <\/p>\n<h1>Kategoria badania<\/h1>\n<p>Badanie poziomu sodu w moczu nale\u017cy do kategorii bada\u0144 og\u00f3lnych. Jest to jedno z podstawowych bada\u0144 wykorzystywanych w diagnostyce medycznej do monitorowania i oceny stanu zdrowia pacjenta.<\/p>\n<h1>Przygotowanie do badania<\/h1>\n<p>Pacjent nie wymaga specjalnego przygotowania do wykonania badania poziomu sodu w moczu. Zalecane jest jednak, by nie spo\u017cywa\u0107 nadmiernej ilo\u015bci potraw zawieraj\u0105cych s\u00f3l na 24 godziny przed pobraniem pr\u00f3bki, aby wynik by\u0142 jak najbardziej wiarygodny.<\/p>\n<h1>Jak przebiega badanie?<\/h1>\n<p>Badanie sodu w moczu polega na zebraniu pr\u00f3bki moczu, kt\u00f3ra nast\u0119pnie jest analizowana w laboratorium. Pr\u00f3bka mo\u017ce by\u0107 moczem zbi\u00f3rkowym (zazwyczaj 24-godzinnym) lub jednorazowym. Wyniki badania pozwalaj\u0105 oceni\u0107, ile sodu zosta\u0142o wydalone z organizmu i w jakiej ilo\u015bci jest ono reabsorbowane przez nerki.<\/p>\n<h1>Kiedy wykona\u0107 badanie sodu w moczu?<\/h1>\n<p>Badanie st\u0119\u017cenia sodu w moczu jest zalecane w przypadkach podejrzenia zaburze\u0144 r\u00f3wnowagi elektrolitowej, problem\u00f3w z funkcj\u0105 nerek, nadci\u015bnienia t\u0119tniczego, a tak\u017ce w diagnostyce i monitorowaniu stan\u00f3w chorobowych takich jak niewydolno\u015b\u0107 serca czy choroby nadnerczy. Jest r\u00f3wnie\u017c pomocne w ocenie stanu hydratacji organizmu.<\/p>","protected":false},"excerpt":{"rendered":"<p>Badanie: S\u00f3d (Na) S\u00f3d (Na) jest jednym z najwa\u017cniejszych elektrolit\u00f3w w organizmie ludzkim, pe\u0142ni\u0105cym kluczow\u0105 rol\u0119 w regulowaniu bilansu wodnego oraz przewodnictwie nerwowym i mi\u0119\u015bniowym. Badanie st\u0119\u017cenia sodu w moczu jest wa\u017cnym narz\u0119dziem diagnostycznym, kt\u00f3re pomaga oceni\u0107 gospodark\u0119 elektrolitow\u0105 organizmu, a tak\u017ce funkcje nerek i nadnerczy. Kategoria badania Badanie poziomu sodu w moczu nale\u017cy do [&hellip;]<\/p>\n","protected":false},"featured_media":0,"template":"","meta":[],"product_brand":[],"product_cat":[25,26],"product_tag":[],"class_list":{"0":"post-2432","1":"product","2":"type-product","3":"status-publish","5":"product_cat-badanie-laboratoryjne","6":"product_cat-krew","8":"first","9":"instock","10":"virtual","11":"sold-individually","12":"purchasable","13":"product-type-simple"},"_links":{"self":[{"href":"https:\/\/drteraz.pl\/en\/wp-json\/wp\/v2\/product\/2432","targetHints":{"allow":["GET"]}}],"collection":[{"href":"https:\/\/drteraz.pl\/en\/wp-json\/wp\/v2\/product"}],"about":[{"href":"https:\/\/drteraz.pl\/en\/wp-json\/wp\/v2\/types\/product"}],"version-history":[{"count":0,"href":"https:\/\/drteraz.pl\/en\/wp-json\/wp\/v2\/product\/2432\/revisions"}],"wp:attachment":[{"href":"https:\/\/drteraz.pl\/en\/wp-json\/wp\/v2\/media?parent=2432"}],"wp:term":[{"taxonomy":"product_brand","embeddable":true,"href":"https:\/\/drteraz.pl\/en\/wp-json\/wp\/v2\/product_brand?post=2432"},{"taxonomy":"product_cat","embeddable":true,"href":"https:\/\/drteraz.pl\/en\/wp-json\/wp\/v2\/product_cat?post=2432"},{"taxonomy":"product_tag","embeddable":true,"href":"https:\/\/drteraz.pl\/en\/wp-json\/wp\/v2\/product_tag?post=2432"}],"curies":[{"name":"wp","href":"https:\/\/api.w.org\/{rel}","templated":true}]}}