{"id":2433,"date":"2025-06-25T02:43:00","date_gmt":"2025-06-25T00:43:00","guid":{"rendered":"https:\/\/frosty-mclean.141-95-55-172.plesk.page\/produkt\/bez-kategorii\/s-hcg-ludzka-gonadotropina-kosmowkowa\/"},"modified":"2025-06-25T02:43:02","modified_gmt":"2025-06-25T00:43:02","slug":"s-hcg-ludzka-gonadotropina-kosmowkowa","status":"publish","type":"product","link":"https:\/\/drteraz.pl\/en\/badanie-laboratoryjne\/s-hcg-ludzka-gonadotropina-kosmowkowa\/","title":{"rendered":"\u00df-HCG (ludzka gonadotropina kosm\u00f3wkowa)"},"content":{"rendered":"<h1>Badanie \u00df-HCG (ludzka gonadotropina kosm\u00f3wkowa)<\/h1>\n<p>Badanie \u00df-HCG, czyli ludzkiej gonadotropiny kosm\u00f3wkowej, jest testem hormonalnym, kt\u00f3ry przede wszystkim wykorzystywany jest do potwierdzenia obecno\u015bci ci\u0105\u017cy. Hormon ten produkowany jest przez tkank\u0119 \u0142o\u017cyskow\u0105 ju\u017c od momentu zagnie\u017cd\u017cenia si\u0119 zarodka w macicy. Poziom \u00df-HCG w organizmie kobiety szybko wzrasta w pierwszych tygodniach ci\u0105\u017cy, co czyni to badanie niezwykle pomocnym w jej wczesnym wykrywaniu.<\/p>\n<p>Ponadto, badanie \u00df-HCG mo\u017ce by\u0107 u\u017cyte do monitorowania prawid\u0142owego rozwoju ci\u0105\u017cy, a tak\u017ce w diagnostyce niekt\u00f3rych chor\u00f3b trofoblastycznych, takich jak ci\u0105\u017ca pozamaciczna czy choroba trofoblastyczna. Badanie to wykonuje si\u0119 z pr\u00f3bki krwi, co pozwala na precyzyjne okre\u015blenie poziomu hormonu. Wyniki badania umo\u017cliwiaj\u0105 lekarzom podj\u0119cie odpowiednich krok\u00f3w medycznych w zale\u017cno\u015bci od sytuacji klinicznej pacjentki.<\/p>\n<p>Zaleca si\u0119 konsultacj\u0119 z lekarzem przed wykonaniem badania, aby odpowiednio przygotowa\u0107 si\u0119 do jego przeprowadzenia oraz zrozumie\u0107 jego znaczenie i konieczno\u015b\u0107 w kontek\u015bcie zdrowia reprodukcyjnego kobiety.<\/p>","protected":false},"excerpt":{"rendered":"<p>Badanie \u00df-HCG (ludzka gonadotropina kosm\u00f3wkowa) Badanie \u00df-HCG, czyli ludzkiej gonadotropiny kosm\u00f3wkowej, jest testem hormonalnym, kt\u00f3ry przede wszystkim wykorzystywany jest do potwierdzenia obecno\u015bci ci\u0105\u017cy. Hormon ten produkowany jest przez tkank\u0119 \u0142o\u017cyskow\u0105 ju\u017c od momentu zagnie\u017cd\u017cenia si\u0119 zarodka w macicy. Poziom \u00df-HCG w organizmie kobiety szybko wzrasta w pierwszych tygodniach ci\u0105\u017cy, co czyni to badanie niezwykle pomocnym [&hellip;]<\/p>\n","protected":false},"featured_media":0,"template":"","meta":[],"product_brand":[],"product_cat":[25,26],"product_tag":[],"class_list":{"0":"post-2433","1":"product","2":"type-product","3":"status-publish","5":"product_cat-badanie-laboratoryjne","6":"product_cat-krew","8":"first","9":"instock","10":"virtual","11":"sold-individually","12":"purchasable","13":"product-type-simple"},"_links":{"self":[{"href":"https:\/\/drteraz.pl\/en\/wp-json\/wp\/v2\/product\/2433","targetHints":{"allow":["GET"]}}],"collection":[{"href":"https:\/\/drteraz.pl\/en\/wp-json\/wp\/v2\/product"}],"about":[{"href":"https:\/\/drteraz.pl\/en\/wp-json\/wp\/v2\/types\/product"}],"version-history":[{"count":0,"href":"https:\/\/drteraz.pl\/en\/wp-json\/wp\/v2\/product\/2433\/revisions"}],"wp:attachment":[{"href":"https:\/\/drteraz.pl\/en\/wp-json\/wp\/v2\/media?parent=2433"}],"wp:term":[{"taxonomy":"product_brand","embeddable":true,"href":"https:\/\/drteraz.pl\/en\/wp-json\/wp\/v2\/product_brand?post=2433"},{"taxonomy":"product_cat","embeddable":true,"href":"https:\/\/drteraz.pl\/en\/wp-json\/wp\/v2\/product_cat?post=2433"},{"taxonomy":"product_tag","embeddable":true,"href":"https:\/\/drteraz.pl\/en\/wp-json\/wp\/v2\/product_tag?post=2433"}],"curies":[{"name":"wp","href":"https:\/\/api.w.org\/{rel}","templated":true}]}}