{"id":2436,"date":"2025-06-25T02:43:00","date_gmt":"2025-06-25T00:43:00","guid":{"rendered":"https:\/\/frosty-mclean.141-95-55-172.plesk.page\/produkt\/bez-kategorii\/t4-tyroksyna\/"},"modified":"2025-06-25T02:43:03","modified_gmt":"2025-06-25T00:43:03","slug":"t4-tyroksyna","status":"publish","type":"product","link":"https:\/\/drteraz.pl\/en\/badanie-laboratoryjne\/t4-tyroksyna\/","title":{"rendered":"T4 (tyroksyna)"},"content":{"rendered":"<h1>Badanie T4 (tyroksyna)<\/h1>\n<p>Badanie T4, czyli pomiar st\u0119\u017cenia tyroksyny w krwi, jest jednym z kluczowych bada\u0144 hormon\u00f3w tarczycy. Tyroksyna, znana tak\u017ce jako T4, jest jednym z g\u0142\u00f3wnych hormon\u00f3w produkowanych przez tarczyc\u0119. Ma znacz\u0105cy wp\u0142yw na procesy metaboliczne w organizmie oraz reguluje wiele funkcji takich jak kontrola temperatury, metabolizm t\u0142uszcz\u00f3w i w\u0119glowodan\u00f3w oraz wp\u0142ywa na prac\u0119 serca. Badanie T4 jest niezb\u0119dne do oceny funkcjonowania tarczycy, szczeg\u00f3lnie w diagnostyce chor\u00f3b takich jak niedoczynno\u015b\u0107 i nadczynno\u015b\u0107 tarczycy. Wynik badania pozwala lekarzowi na dostosowanie odpowiedniej terapii, co jest kluczowe dla zachowania zdrowia i dobrego samopoczucia pacjenta.<\/p>","protected":false},"excerpt":{"rendered":"<p>Badanie T4 (tyroksyna) Badanie T4, czyli pomiar st\u0119\u017cenia tyroksyny w krwi, jest jednym z kluczowych bada\u0144 hormon\u00f3w tarczycy. Tyroksyna, znana tak\u017ce jako T4, jest jednym z g\u0142\u00f3wnych hormon\u00f3w produkowanych przez tarczyc\u0119. Ma znacz\u0105cy wp\u0142yw na procesy metaboliczne w organizmie oraz reguluje wiele funkcji takich jak kontrola temperatury, metabolizm t\u0142uszcz\u00f3w i w\u0119glowodan\u00f3w oraz wp\u0142ywa na prac\u0119 [&hellip;]<\/p>\n","protected":false},"featured_media":0,"template":"","meta":[],"product_brand":[],"product_cat":[25,26],"product_tag":[],"class_list":{"0":"post-2436","1":"product","2":"type-product","3":"status-publish","5":"product_cat-badanie-laboratoryjne","6":"product_cat-krew","8":"first","9":"instock","10":"virtual","11":"sold-individually","12":"purchasable","13":"product-type-simple"},"_links":{"self":[{"href":"https:\/\/drteraz.pl\/en\/wp-json\/wp\/v2\/product\/2436","targetHints":{"allow":["GET"]}}],"collection":[{"href":"https:\/\/drteraz.pl\/en\/wp-json\/wp\/v2\/product"}],"about":[{"href":"https:\/\/drteraz.pl\/en\/wp-json\/wp\/v2\/types\/product"}],"version-history":[{"count":0,"href":"https:\/\/drteraz.pl\/en\/wp-json\/wp\/v2\/product\/2436\/revisions"}],"wp:attachment":[{"href":"https:\/\/drteraz.pl\/en\/wp-json\/wp\/v2\/media?parent=2436"}],"wp:term":[{"taxonomy":"product_brand","embeddable":true,"href":"https:\/\/drteraz.pl\/en\/wp-json\/wp\/v2\/product_brand?post=2436"},{"taxonomy":"product_cat","embeddable":true,"href":"https:\/\/drteraz.pl\/en\/wp-json\/wp\/v2\/product_cat?post=2436"},{"taxonomy":"product_tag","embeddable":true,"href":"https:\/\/drteraz.pl\/en\/wp-json\/wp\/v2\/product_tag?post=2436"}],"curies":[{"name":"wp","href":"https:\/\/api.w.org\/{rel}","templated":true}]}}