{"id":2438,"date":"2025-06-25T02:43:00","date_gmt":"2025-06-25T00:43:00","guid":{"rendered":"https:\/\/frosty-mclean.141-95-55-172.plesk.page\/produkt\/bez-kategorii\/test-obciazenia-75g-glukozy-pomiar-po-2h-krzywa-cukrowa\/"},"modified":"2025-06-25T02:43:04","modified_gmt":"2025-06-25T00:43:04","slug":"test-obciazenia-75g-glukozy-pomiar-po-2h-krzywa-cukrowa","status":"publish","type":"product","link":"https:\/\/drteraz.pl\/en\/badanie-laboratoryjne\/test-obciazenia-75g-glukozy-pomiar-po-2h-krzywa-cukrowa\/","title":{"rendered":"Test obci\u0105\u017cenia 75g glukozy, pomiar po 2h (krzywa cukrowa)"},"content":{"rendered":"<h1>Test obci\u0105\u017cenia 75g glukozy, pomiar po 2h (krzywa cukrowa)<\/h1>\n<p>Test obci\u0105\u017cenia glukoz\u0105, znany r\u00f3wnie\u017c jako krzywa cukrowa, to badanie wykorzystywane do oceny sposobu, w jaki organizm przetwarza glukoz\u0119. Jest to kluczowe narz\u0119dzie w diagnozowaniu zaburze\u0144 metabolizmu glukozy, takich jak cukrzyca i stan przedcukrzycowy. W trakcie badania pacjent przyjmuje doustnie roztw\u00f3r zawieraj\u0105cy 75 gram glukozy. Nast\u0119pnie, po 2 godzinach, wykonuje si\u0119 pomiar st\u0119\u017cenia glukozy we krwi, aby oceni\u0107 reakcj\u0119 organizmu na przyj\u0119ty cukier.<\/p>\n<p>Badanie jest zalecane przez lekarza w przypadkach podejrzenia zaburze\u0144 gospodarki w\u0119glowodanowej. Mo\u017ce by\u0107 r\u00f3wnie\u017c stosowane w rutynowej diagnostyce cukrzycy ci\u0105\u017cowej. Wynik testu pozwala lekarzowi na ocen\u0119, jak skutecznie pancreas pacjenta produkuje insulin\u0119 w odpowiedzi na wzrost poziomu glukozy we krwi. Warto\u015bci normatywne mog\u0105 si\u0119 r\u00f3\u017cni\u0107 w zale\u017cno\u015bci od laboratorium, lecz zazwyczaj poziom glukozy powy\u017cej normy wskazuje na potencjalne problemy z metabolizmem glukozy.<\/p>\n<p>Przed przyst\u0105pieniem do testu, pacjent powinien by\u0107 przygotowany poprzez zachowanie nocnej, co najmniej 8-godzinnej, postu. W dniu badania nie nale\u017cy pali\u0107 papieros\u00f3w ani spo\u017cywa\u0107 kawy, aby unikn\u0105\u0107 wp\u0142ywu tych substancji na wynik testu. Test obci\u0105\u017cenia glukoz\u0105 trwa kilka godzin i wymaga kilku pomiar\u00f3w poziomu glukozy, dlatego zalecane jest zaplanowanie dnia z wyprzedzeniem, aby umo\u017cliwi\u0107 przebywanie w warunkach umo\u017cliwiaj\u0105cych przeprowadzenie pe\u0142nego badania.<\/p>","protected":false},"excerpt":{"rendered":"<p>Test obci\u0105\u017cenia 75g glukozy, pomiar po 2h (krzywa cukrowa) Test obci\u0105\u017cenia glukoz\u0105, znany r\u00f3wnie\u017c jako krzywa cukrowa, to badanie wykorzystywane do oceny sposobu, w jaki organizm przetwarza glukoz\u0119. Jest to kluczowe narz\u0119dzie w diagnozowaniu zaburze\u0144 metabolizmu glukozy, takich jak cukrzyca i stan przedcukrzycowy. W trakcie badania pacjent przyjmuje doustnie roztw\u00f3r zawieraj\u0105cy 75 gram glukozy. Nast\u0119pnie, [&hellip;]<\/p>\n","protected":false},"featured_media":0,"template":"","meta":[],"product_brand":[],"product_cat":[25,26],"product_tag":[],"class_list":{"0":"post-2438","1":"product","2":"type-product","3":"status-publish","5":"product_cat-badanie-laboratoryjne","6":"product_cat-krew","8":"first","9":"instock","10":"virtual","11":"sold-individually","12":"purchasable","13":"product-type-simple"},"_links":{"self":[{"href":"https:\/\/drteraz.pl\/en\/wp-json\/wp\/v2\/product\/2438","targetHints":{"allow":["GET"]}}],"collection":[{"href":"https:\/\/drteraz.pl\/en\/wp-json\/wp\/v2\/product"}],"about":[{"href":"https:\/\/drteraz.pl\/en\/wp-json\/wp\/v2\/types\/product"}],"version-history":[{"count":0,"href":"https:\/\/drteraz.pl\/en\/wp-json\/wp\/v2\/product\/2438\/revisions"}],"wp:attachment":[{"href":"https:\/\/drteraz.pl\/en\/wp-json\/wp\/v2\/media?parent=2438"}],"wp:term":[{"taxonomy":"product_brand","embeddable":true,"href":"https:\/\/drteraz.pl\/en\/wp-json\/wp\/v2\/product_brand?post=2438"},{"taxonomy":"product_cat","embeddable":true,"href":"https:\/\/drteraz.pl\/en\/wp-json\/wp\/v2\/product_cat?post=2438"},{"taxonomy":"product_tag","embeddable":true,"href":"https:\/\/drteraz.pl\/en\/wp-json\/wp\/v2\/product_tag?post=2438"}],"curies":[{"name":"wp","href":"https:\/\/api.w.org\/{rel}","templated":true}]}}