{"id":2439,"date":"2025-06-25T02:43:00","date_gmt":"2025-06-25T00:43:00","guid":{"rendered":"https:\/\/frosty-mclean.141-95-55-172.plesk.page\/produkt\/bez-kategorii\/test-przesiewowy-w-kierunku-kily\/"},"modified":"2025-06-25T02:43:04","modified_gmt":"2025-06-25T00:43:04","slug":"test-przesiewowy-w-kierunku-kily","status":"publish","type":"product","link":"https:\/\/drteraz.pl\/en\/badanie-laboratoryjne\/test-przesiewowy-w-kierunku-kily\/","title":{"rendered":"Test przesiewowy w kierunku ki\u0142y"},"content":{"rendered":"<h1>Test przesiewowy w kierunku ki\u0142y<\/h1>\n<p>Test przesiewowy w kierunku ki\u0142y to wa\u017cne badanie diagnostyczne, kt\u00f3re pozwala na wczesne wykrycie ki\u0142y \u2013 choroby przenoszonej drog\u0105 p\u0142ciow\u0105, wywo\u0142ywanej przez bakteri\u0119 Treponema pallidum. Badanie to nale\u017cy do kategorii DIAGNOSTYKA INFEKCJI i wykonywane jest z pr\u00f3bki krwi pacjenta. Celem testu przesiewowego jest szybka i efektywna identyfikacja zaka\u017cenia, co jest kluczowe zar\u00f3wno dla zdrowia pacjenta, jak i dla zapobiegania dalszemu rozprzestrzenianiu si\u0119 choroby. Wykonywanie regularnych bada\u0144 przesiewowych zalecane jest osobom aktywnym seksualnie, szczeg\u00f3lnie tym, kt\u00f3re zmieniaj\u0105 partner\u00f3w seksualnych, co zwi\u0119ksza ryzyko zaka\u017cenia.<\/p>","protected":false},"excerpt":{"rendered":"<p>Test przesiewowy w kierunku ki\u0142y Test przesiewowy w kierunku ki\u0142y to wa\u017cne badanie diagnostyczne, kt\u00f3re pozwala na wczesne wykrycie ki\u0142y \u2013 choroby przenoszonej drog\u0105 p\u0142ciow\u0105, wywo\u0142ywanej przez bakteri\u0119 Treponema pallidum. Badanie to nale\u017cy do kategorii DIAGNOSTYKA INFEKCJI i wykonywane jest z pr\u00f3bki krwi pacjenta. Celem testu przesiewowego jest szybka i efektywna identyfikacja zaka\u017cenia, co jest [&hellip;]<\/p>\n","protected":false},"featured_media":0,"template":"","meta":[],"product_brand":[],"product_cat":[25,26],"product_tag":[],"class_list":{"0":"post-2439","1":"product","2":"type-product","3":"status-publish","5":"product_cat-badanie-laboratoryjne","6":"product_cat-krew","8":"first","9":"instock","10":"virtual","11":"sold-individually","12":"purchasable","13":"product-type-simple"},"_links":{"self":[{"href":"https:\/\/drteraz.pl\/en\/wp-json\/wp\/v2\/product\/2439","targetHints":{"allow":["GET"]}}],"collection":[{"href":"https:\/\/drteraz.pl\/en\/wp-json\/wp\/v2\/product"}],"about":[{"href":"https:\/\/drteraz.pl\/en\/wp-json\/wp\/v2\/types\/product"}],"version-history":[{"count":0,"href":"https:\/\/drteraz.pl\/en\/wp-json\/wp\/v2\/product\/2439\/revisions"}],"wp:attachment":[{"href":"https:\/\/drteraz.pl\/en\/wp-json\/wp\/v2\/media?parent=2439"}],"wp:term":[{"taxonomy":"product_brand","embeddable":true,"href":"https:\/\/drteraz.pl\/en\/wp-json\/wp\/v2\/product_brand?post=2439"},{"taxonomy":"product_cat","embeddable":true,"href":"https:\/\/drteraz.pl\/en\/wp-json\/wp\/v2\/product_cat?post=2439"},{"taxonomy":"product_tag","embeddable":true,"href":"https:\/\/drteraz.pl\/en\/wp-json\/wp\/v2\/product_tag?post=2439"}],"curies":[{"name":"wp","href":"https:\/\/api.w.org\/{rel}","templated":true}]}}