{"id":2440,"date":"2025-06-25T02:43:00","date_gmt":"2025-06-25T00:43:00","guid":{"rendered":"https:\/\/frosty-mclean.141-95-55-172.plesk.page\/produkt\/bez-kategorii\/test-roma-he4ca125algorytm-oceny-ryzyka-nowotworu-jajnika\/"},"modified":"2025-06-25T02:43:04","modified_gmt":"2025-06-25T00:43:04","slug":"test-roma-he4ca125algorytm-oceny-ryzyka-nowotworu-jajnika","status":"publish","type":"product","link":"https:\/\/drteraz.pl\/en\/badanie-laboratoryjne\/test-roma-he4ca125algorytm-oceny-ryzyka-nowotworu-jajnika\/","title":{"rendered":"Test ROMA (HE4+CA125+algorytm oceny ryzyka nowotworu jajnika)"},"content":{"rendered":"<h1>Test ROMA (HE4+CA125+algorytm oceny ryzyka nowotworu jajnika)<\/h1>\n<p>Test ROMA, wykorzystuj\u0105cy biomarkery HE4 i CA125 oraz specjalnie opracowany algorytm, to nowoczesne narz\u0119dzie diagnostyczne u\u017cywane w celu oceny ryzyka rozwoju nowotworu jajnika. Jest to badanie krwi, kt\u00f3re pomaga w wykrywaniu raka jajnika we wczesnym, a tym samym bardziej leczliwym, stadium choroby. Test ROMA jest szczeg\u00f3lnie polecany kobietom z niejasnymi objawami, kt\u00f3re mog\u0105 sugerowa\u0107 nowotw\u00f3r jajnika, oraz tym, kt\u00f3re znajduj\u0105 si\u0119 w grupie zwi\u0119kszonego ryzyka ze wzgl\u0119du na obci\u0105\u017cenie rodzinn\u0105 histori\u0105 choroby. Wynik testu, okre\u015blaj\u0105cy prawdopodobie\u0144stwo obecno\u015bci nowotworu, mo\u017ce by\u0107 kluczowy dla dalszej diagnozy i podejmowania odpowiednich krok\u00f3w medycznych.<\/p>","protected":false},"excerpt":{"rendered":"<p>Test ROMA (HE4+CA125+algorytm oceny ryzyka nowotworu jajnika) Test ROMA, wykorzystuj\u0105cy biomarkery HE4 i CA125 oraz specjalnie opracowany algorytm, to nowoczesne narz\u0119dzie diagnostyczne u\u017cywane w celu oceny ryzyka rozwoju nowotworu jajnika. Jest to badanie krwi, kt\u00f3re pomaga w wykrywaniu raka jajnika we wczesnym, a tym samym bardziej leczliwym, stadium choroby. Test ROMA jest szczeg\u00f3lnie polecany kobietom [&hellip;]<\/p>\n","protected":false},"featured_media":0,"template":"","meta":[],"product_brand":[],"product_cat":[25,26],"product_tag":[],"class_list":{"0":"post-2440","1":"product","2":"type-product","3":"status-publish","5":"product_cat-badanie-laboratoryjne","6":"product_cat-krew","8":"first","9":"instock","10":"virtual","11":"sold-individually","12":"purchasable","13":"product-type-simple"},"_links":{"self":[{"href":"https:\/\/drteraz.pl\/en\/wp-json\/wp\/v2\/product\/2440","targetHints":{"allow":["GET"]}}],"collection":[{"href":"https:\/\/drteraz.pl\/en\/wp-json\/wp\/v2\/product"}],"about":[{"href":"https:\/\/drteraz.pl\/en\/wp-json\/wp\/v2\/types\/product"}],"version-history":[{"count":0,"href":"https:\/\/drteraz.pl\/en\/wp-json\/wp\/v2\/product\/2440\/revisions"}],"wp:attachment":[{"href":"https:\/\/drteraz.pl\/en\/wp-json\/wp\/v2\/media?parent=2440"}],"wp:term":[{"taxonomy":"product_brand","embeddable":true,"href":"https:\/\/drteraz.pl\/en\/wp-json\/wp\/v2\/product_brand?post=2440"},{"taxonomy":"product_cat","embeddable":true,"href":"https:\/\/drteraz.pl\/en\/wp-json\/wp\/v2\/product_cat?post=2440"},{"taxonomy":"product_tag","embeddable":true,"href":"https:\/\/drteraz.pl\/en\/wp-json\/wp\/v2\/product_tag?post=2440"}],"curies":[{"name":"wp","href":"https:\/\/api.w.org\/{rel}","templated":true}]}}