{"id":2441,"date":"2025-06-25T02:43:00","date_gmt":"2025-06-25T00:43:00","guid":{"rendered":"https:\/\/frosty-mclean.141-95-55-172.plesk.page\/produkt\/bez-kategorii\/testosteron\/"},"modified":"2025-06-25T02:43:05","modified_gmt":"2025-06-25T00:43:05","slug":"testosteron","status":"publish","type":"product","link":"https:\/\/drteraz.pl\/en\/badanie-laboratoryjne\/testosteron\/","title":{"rendered":"Testosteron"},"content":{"rendered":"<h1>Badanie poziomu testosteronu<\/h1>\n<p>Testosteron jest g\u0142\u00f3wnym m\u0119skim hormonem p\u0142ciowym, produkowanym przede wszystkim przez j\u0105dra u m\u0119\u017cczyzn, a tak\u017ce w niewielkich ilo\u015bciach przez jajniki u kobiet oraz nadnercza. Badanie poziomu testosteronu w organizmie wykonuje si\u0119 za pomoc\u0105 pr\u00f3bki krwi. Jest to kluczowy test w diagnozowaniu r\u00f3\u017cnych stan\u00f3w zdrowia zar\u00f3wno u m\u0119\u017cczyzn, jak i u kobiet.<\/p>\n<h1>Znaczenie testosteronu<\/h1>\n<p>Testosteron odgrywa istotn\u0105 rol\u0119 w regulacji licznych funkcji w ciele, w tym rozw\u00f3j cech p\u0142ciowych, masa mi\u0119\u015bniowa, g\u0119sto\u015b\u0107 ko\u015bci, a tak\u017ce og\u00f3lne samopoczucie. Nieprawid\u0142owe poziomy tego hormonu mog\u0105 prowadzi\u0107 do r\u00f3\u017cnych problem\u00f3w zdrowotnych, takich jak zaburzenia libido, problemy z p\u0142odno\u015bci\u0105, zm\u0119czenie, utrata masy mi\u0119\u015bniowej i inne.<\/p>\n<h1>Kiedy warto wykona\u0107 badanie testosteronu?<\/h1>\n<p>Badanie testosteronu zaleca si\u0119 osobom, kt\u00f3re do\u015bwiadczaj\u0105 objaw\u00f3w zwi\u0105zanych z niskim poziomem testosteronu lub z zaburzeniami hormonalnymi. Dotyczy to zar\u00f3wno m\u0119\u017cczyzn, jak i kobiet. Powszechnie badanie to jest r\u00f3wnie\u017c stosowane w diagnostyce zaburze\u0144 endokrynologicznych oraz w monitorowaniu efektywno\u015bci terapii hormonalnej.<\/p>\n<h1>Przygotowanie do badania<\/h1>\n<p>Przed wykonaniem badania zaleca si\u0119 unikni\u0119cie wysi\u0142ku fizycznego oraz stresu, kt\u00f3re mog\u0105 wp\u0142yn\u0105\u0107 na poziom hormon\u00f3w w organizmie. Zazwyczaj zaleca si\u0119 tak\u017ce, by badanie by\u0142o wykonane na czczo. Jest to standardowe przygotowanie, zwi\u0119kszaj\u0105ce dok\u0142adno\u015b\u0107 wynik\u00f3w i umo\u017cliwiaj\u0105ce prawid\u0142ow\u0105 interpretacj\u0119 poziomu testosteronu.<\/p>\n<h1>Interpretacja wynik\u00f3w<\/h1>\n<p>Wyniki badania nale\u017cy interpretowa\u0107 w kontek\u015bcie innych bada\u0144 i stanu zdrowia pacjenta. Normy poziomu testosteronu mog\u0105 r\u00f3\u017cni\u0107 si\u0119 w zale\u017cno\u015bci od laboratorium, a interpretacja powinna by\u0107 przeprowadzona przez lekarza specjalist\u0119. Nale\u017cy pami\u0119ta\u0107, \u017ce jednorazowy wynik poza norm\u0105 nie musi od razu wskazywa\u0107 na problem zdrowotny, ale mo\u017ce by\u0107 powodem do dalszej diagnostyki.<\/p>","protected":false},"excerpt":{"rendered":"<p>Badanie poziomu testosteronu Testosteron jest g\u0142\u00f3wnym m\u0119skim hormonem p\u0142ciowym, produkowanym przede wszystkim przez j\u0105dra u m\u0119\u017cczyzn, a tak\u017ce w niewielkich ilo\u015bciach przez jajniki u kobiet oraz nadnercza. Badanie poziomu testosteronu w organizmie wykonuje si\u0119 za pomoc\u0105 pr\u00f3bki krwi. Jest to kluczowy test w diagnozowaniu r\u00f3\u017cnych stan\u00f3w zdrowia zar\u00f3wno u m\u0119\u017cczyzn, jak i u kobiet. Znaczenie [&hellip;]<\/p>\n","protected":false},"featured_media":0,"template":"","meta":[],"product_brand":[],"product_cat":[25,26],"product_tag":[],"class_list":{"0":"post-2441","1":"product","2":"type-product","3":"status-publish","5":"product_cat-badanie-laboratoryjne","6":"product_cat-krew","8":"first","9":"instock","10":"virtual","11":"sold-individually","12":"purchasable","13":"product-type-simple"},"_links":{"self":[{"href":"https:\/\/drteraz.pl\/en\/wp-json\/wp\/v2\/product\/2441","targetHints":{"allow":["GET"]}}],"collection":[{"href":"https:\/\/drteraz.pl\/en\/wp-json\/wp\/v2\/product"}],"about":[{"href":"https:\/\/drteraz.pl\/en\/wp-json\/wp\/v2\/types\/product"}],"version-history":[{"count":0,"href":"https:\/\/drteraz.pl\/en\/wp-json\/wp\/v2\/product\/2441\/revisions"}],"wp:attachment":[{"href":"https:\/\/drteraz.pl\/en\/wp-json\/wp\/v2\/media?parent=2441"}],"wp:term":[{"taxonomy":"product_brand","embeddable":true,"href":"https:\/\/drteraz.pl\/en\/wp-json\/wp\/v2\/product_brand?post=2441"},{"taxonomy":"product_cat","embeddable":true,"href":"https:\/\/drteraz.pl\/en\/wp-json\/wp\/v2\/product_cat?post=2441"},{"taxonomy":"product_tag","embeddable":true,"href":"https:\/\/drteraz.pl\/en\/wp-json\/wp\/v2\/product_tag?post=2441"}],"curies":[{"name":"wp","href":"https:\/\/api.w.org\/{rel}","templated":true}]}}