{"id":2442,"date":"2025-06-25T02:43:00","date_gmt":"2025-06-25T00:43:00","guid":{"rendered":"https:\/\/frosty-mclean.141-95-55-172.plesk.page\/produkt\/bez-kategorii\/tibc-calkowita-zdolnosc-wiazania-zelaza\/"},"modified":"2025-06-25T02:43:05","modified_gmt":"2025-06-25T00:43:05","slug":"tibc-calkowita-zdolnosc-wiazania-zelaza","status":"publish","type":"product","link":"https:\/\/drteraz.pl\/en\/badanie-laboratoryjne\/tibc-calkowita-zdolnosc-wiazania-zelaza\/","title":{"rendered":"TIBC (ca\u0142kowita zdolno\u015b\u0107 wi\u0105zania \u017celaza)"},"content":{"rendered":"<h1>TIBC (Ca\u0142kowita Zdolno\u015b\u0107 Wi\u0105zania \u017belaza)<\/h1>\n<p>Badanie TIBC, czyli ca\u0142kowita zdolno\u015b\u0107 wi\u0105zania \u017celaza, jest testem biochemicznym u\u017cywanym w diagnozowaniu r\u00f3\u017cnych stan\u00f3w zwi\u0105zanych z metabolizmem \u017celaza, w tym r\u00f3\u017cnych form anemii. Analiza pozwala oceni\u0107 maksymaln\u0105 ilo\u015b\u0107 \u017celaza, kt\u00f3r\u0105 mog\u0105 wi\u0105za\u0107 bia\u0142ka osocza, g\u0142\u00f3wnie transferyna. To badanie jest kluczowe w diagnostyce niedoboru \u017celaza oraz w monitorowaniu efektywno\u015bci terapii suplementacyjnej \u017celazem.<\/p>\n<p>Do wykonania badania TIBC wymagana jest pr\u00f3bka krwi, kt\u00f3r\u0105 zazwyczaj pobiera si\u0119 z \u017cy\u0142y. Wynik badania pozwala lekarzowi zrozumie\u0107, czy wyst\u0119puje nadmiar lub niedob\u00f3r \u017celaza w organizmie pacjenta, co jest istotne przy podejmowaniu decyzji o dalszym leczeniu. Badanie jest zwykle zlecane razem z ocen\u0105 st\u0119\u017cenia \u017celaza oraz poziomem ferrytyny, co razem daje pe\u0142niejszy obraz statusu \u017celaza w organizmie.<\/p>\n<p>Zaleca si\u0119 wykonanie tego badania osobom, kt\u00f3re wykazuj\u0105 symptomy anemii lub maj\u0105 problemy zwi\u0105zane z metabolizmem \u017celaza. TIBC mo\u017ce by\u0107 r\u00f3wnie\u017c warto\u015bciowym narz\u0119dziem w monitorowaniu skuteczno\u015bci terapii w chorobach przewlek\u0142ych, kt\u00f3re wp\u0142ywaj\u0105 na poziom \u017celaza w organizmie.<\/p>","protected":false},"excerpt":{"rendered":"<p>TIBC (Ca\u0142kowita Zdolno\u015b\u0107 Wi\u0105zania \u017belaza) Badanie TIBC, czyli ca\u0142kowita zdolno\u015b\u0107 wi\u0105zania \u017celaza, jest testem biochemicznym u\u017cywanym w diagnozowaniu r\u00f3\u017cnych stan\u00f3w zwi\u0105zanych z metabolizmem \u017celaza, w tym r\u00f3\u017cnych form anemii. Analiza pozwala oceni\u0107 maksymaln\u0105 ilo\u015b\u0107 \u017celaza, kt\u00f3r\u0105 mog\u0105 wi\u0105za\u0107 bia\u0142ka osocza, g\u0142\u00f3wnie transferyna. To badanie jest kluczowe w diagnostyce niedoboru \u017celaza oraz w monitorowaniu efektywno\u015bci terapii [&hellip;]<\/p>\n","protected":false},"featured_media":0,"template":"","meta":[],"product_brand":[],"product_cat":[25,26],"product_tag":[],"class_list":{"0":"post-2442","1":"product","2":"type-product","3":"status-publish","5":"product_cat-badanie-laboratoryjne","6":"product_cat-krew","8":"first","9":"instock","10":"virtual","11":"sold-individually","12":"purchasable","13":"product-type-simple"},"_links":{"self":[{"href":"https:\/\/drteraz.pl\/en\/wp-json\/wp\/v2\/product\/2442","targetHints":{"allow":["GET"]}}],"collection":[{"href":"https:\/\/drteraz.pl\/en\/wp-json\/wp\/v2\/product"}],"about":[{"href":"https:\/\/drteraz.pl\/en\/wp-json\/wp\/v2\/types\/product"}],"version-history":[{"count":0,"href":"https:\/\/drteraz.pl\/en\/wp-json\/wp\/v2\/product\/2442\/revisions"}],"wp:attachment":[{"href":"https:\/\/drteraz.pl\/en\/wp-json\/wp\/v2\/media?parent=2442"}],"wp:term":[{"taxonomy":"product_brand","embeddable":true,"href":"https:\/\/drteraz.pl\/en\/wp-json\/wp\/v2\/product_brand?post=2442"},{"taxonomy":"product_cat","embeddable":true,"href":"https:\/\/drteraz.pl\/en\/wp-json\/wp\/v2\/product_cat?post=2442"},{"taxonomy":"product_tag","embeddable":true,"href":"https:\/\/drteraz.pl\/en\/wp-json\/wp\/v2\/product_tag?post=2442"}],"curies":[{"name":"wp","href":"https:\/\/api.w.org\/{rel}","templated":true}]}}