{"id":2449,"date":"2025-06-25T02:43:09","date_gmt":"2025-06-25T00:43:09","guid":{"rendered":"https:\/\/frosty-mclean.141-95-55-172.plesk.page\/produkt\/bez-kategorii\/triglicerydy-trojglicerydy\/"},"modified":"2025-06-25T02:43:10","modified_gmt":"2025-06-25T00:43:10","slug":"triglicerydy-trojglicerydy","status":"publish","type":"product","link":"https:\/\/drteraz.pl\/en\/badanie-laboratoryjne\/triglicerydy-trojglicerydy\/","title":{"rendered":"Triglicerydy (tr\u00f3jglicerydy)"},"content":{"rendered":"<h1>Badanie: Tr\u00f3jglicerydy (TG)<\/h1>\n<p>Tr\u00f3jglicerydy (TG) to badanie biochemiczne krwi, kt\u00f3re pozwala oceni\u0107 poziom tr\u00f3jgliceryd\u00f3w w organizmie pacjenta. Tr\u00f3jglicerydy s\u0105 rodzajem t\u0142uszcz\u00f3w (lipid\u00f3w), kt\u00f3re s\u0105 przechowywane w kom\u00f3rkach cia\u0142a i s\u0142u\u017c\u0105 jako \u017ar\u00f3d\u0142o energii. Badanie to jest istotne w diagnozowaniu oraz monitorowaniu r\u00f3\u017cnych stan\u00f3w zdrowia, w tym chor\u00f3b serca, zaburze\u0144 metabolicznych oraz trzustki.<\/p>\n<h1>Potrzeba wykonania badania<\/h1>\n<p>Badanie tr\u00f3jgliceryd\u00f3w zalecane jest jako cz\u0119\u015b\u0107 rutynowego badania lipidowego, kt\u00f3re pomaga oceni\u0107 ryzyko wyst\u0105pienia chor\u00f3b sercowo-naczyniowych. Mo\u017ce by\u0107 r\u00f3wnie\u017c zlecone w przypadku obserwacji objaw\u00f3w mog\u0105cych wytycza\u0107 hiperlipidemi\u0119, czyli podwy\u017cszony poziom lipid\u00f3w we krwi, lub w celu kontroli skuteczno\u015bci leczenia hipolipemizuj\u0105cego.<\/p>\n<h1>Jak si\u0119 przygotowa\u0107 do badania<\/h1>\n<p>Do badania tr\u00f3jgliceryd\u00f3w nale\u017cy przygotowa\u0107 si\u0119 poprzez zachowanie minimum 12-godzinnego postu. Nie jest zalecane spo\u017cywanie alkoholu oraz ci\u0119\u017ckich posi\u0142k\u00f3w dzie\u0144 przed badaniem, gdy\u017c mog\u0105 one wp\u0142ywa\u0107 na wynik. Lekarz prowadz\u0105cy mo\u017ce r\u00f3wnie\u017c zaleci\u0107 czasowe odstawienie niekt\u00f3rych lek\u00f3w, kt\u00f3re mog\u0105 wp\u0142ywa\u0107 na poziom tr\u00f3jgliceryd\u00f3w.<\/p>\n<h1>Interpretacja wynik\u00f3w<\/h1>\n<p>Wysokie warto\u015bci tr\u00f3jgliceryd\u00f3w mog\u0105 wskazywa\u0107 na r\u00f3\u017cne stany patologiczne, takie jak zesp\u00f3\u0142 metaboliczny, cukrzyca typu 2, choroby w\u0105troby czy nerek, a tak\u017ce mog\u0105 by\u0107 wynikiem oty\u0142o\u015bci lub przyjmowaniu diety bogatej w t\u0142uszcze. Niskie poziomy tr\u00f3jgliceryd\u00f3w mog\u0105 natomiast wyst\u0119powa\u0107 w wyniku niskot\u0142uszczowej diety, nadczynno\u015bci tarczycy lub innych stan\u00f3w zdrowotnych. Dok\u0142adna interpretacja wynik\u00f3w powinna by\u0107 zawsze przeprowadzona przez lekarza, kt\u00f3ry zleci\u0142 badanie.<\/p>","protected":false},"excerpt":{"rendered":"<p>Badanie: Tr\u00f3jglicerydy (TG) Tr\u00f3jglicerydy (TG) to badanie biochemiczne krwi, kt\u00f3re pozwala oceni\u0107 poziom tr\u00f3jgliceryd\u00f3w w organizmie pacjenta. Tr\u00f3jglicerydy s\u0105 rodzajem t\u0142uszcz\u00f3w (lipid\u00f3w), kt\u00f3re s\u0105 przechowywane w kom\u00f3rkach cia\u0142a i s\u0142u\u017c\u0105 jako \u017ar\u00f3d\u0142o energii. Badanie to jest istotne w diagnozowaniu oraz monitorowaniu r\u00f3\u017cnych stan\u00f3w zdrowia, w tym chor\u00f3b serca, zaburze\u0144 metabolicznych oraz trzustki. Potrzeba wykonania badania [&hellip;]<\/p>\n","protected":false},"featured_media":0,"template":"","meta":[],"product_brand":[],"product_cat":[25,26],"product_tag":[],"class_list":{"0":"post-2449","1":"product","2":"type-product","3":"status-publish","5":"product_cat-badanie-laboratoryjne","6":"product_cat-krew","8":"first","9":"instock","10":"virtual","11":"sold-individually","12":"purchasable","13":"product-type-simple"},"_links":{"self":[{"href":"https:\/\/drteraz.pl\/en\/wp-json\/wp\/v2\/product\/2449","targetHints":{"allow":["GET"]}}],"collection":[{"href":"https:\/\/drteraz.pl\/en\/wp-json\/wp\/v2\/product"}],"about":[{"href":"https:\/\/drteraz.pl\/en\/wp-json\/wp\/v2\/types\/product"}],"version-history":[{"count":0,"href":"https:\/\/drteraz.pl\/en\/wp-json\/wp\/v2\/product\/2449\/revisions"}],"wp:attachment":[{"href":"https:\/\/drteraz.pl\/en\/wp-json\/wp\/v2\/media?parent=2449"}],"wp:term":[{"taxonomy":"product_brand","embeddable":true,"href":"https:\/\/drteraz.pl\/en\/wp-json\/wp\/v2\/product_brand?post=2449"},{"taxonomy":"product_cat","embeddable":true,"href":"https:\/\/drteraz.pl\/en\/wp-json\/wp\/v2\/product_cat?post=2449"},{"taxonomy":"product_tag","embeddable":true,"href":"https:\/\/drteraz.pl\/en\/wp-json\/wp\/v2\/product_tag?post=2449"}],"curies":[{"name":"wp","href":"https:\/\/api.w.org\/{rel}","templated":true}]}}