{"id":2450,"date":"2025-06-25T02:43:09","date_gmt":"2025-06-25T00:43:09","guid":{"rendered":"https:\/\/frosty-mclean.141-95-55-172.plesk.page\/produkt\/bez-kategorii\/troponina-t\/"},"modified":"2025-06-25T02:43:10","modified_gmt":"2025-06-25T00:43:10","slug":"troponina-t","status":"publish","type":"product","link":"https:\/\/drteraz.pl\/en\/badanie-laboratoryjne\/troponina-t\/","title":{"rendered":"Troponina T"},"content":{"rendered":"<h1>Badanie Troponiny T<\/h1>\n<p>Badanie poziomu troponiny T jest jednym z kluczowych test\u00f3w diagnostycznych u\u017cywanych w ocenie stanu serca, szczeg\u00f3lnie w diagnozowaniu zawa\u0142u mi\u0119\u015bnia sercowego. Troponina T jest bia\u0142kiem, kt\u00f3re znajduje si\u0119 w kom\u00f3rkach mi\u0119\u015bniowych, w tym w kom\u00f3rkach mi\u0119\u015bnia sercowego. Wzrost poziomu troponiny T w krwi pacjenta zwykle wskazuje na uszkodzenie mi\u0119\u015bnia sercowego, co mo\u017ce by\u0107 wynikiem zawa\u0142u serca lub innych stan\u00f3w wp\u0142ywaj\u0105cych na serce.<\/p>\n<h1>Wskazania do wykonania badania<\/h1>\n<p>Badanie troponiny T jest zalecane w przypadku pacjent\u00f3w, kt\u00f3rzy zg\u0142aszaj\u0105 b\u00f3l w klatce piersiowej lub inne symptomy sugeruj\u0105ce zawa\u0142 serca. Jest r\u00f3wnie\u017c stosowane do monitorowania os\u00f3b z innymi chorobami kardiologicznymi, aby oceni\u0107 ewentualne uszkodzenie serca. Lekarz mo\u017ce zaleci\u0107 wykonanie tego testu tak\u017ce w przypadku podejrzenia ostrego zapalenia mi\u0119\u015bnia sercowego (myokarditis) lub innych komplikacji sercowych.<\/p>\n<h1>Przygotowanie i przebieg badania<\/h1>\n<p>Badanie troponiny T jest przeprowadzane na pr\u00f3bce krwi pobranej od pacjenta. Zazwyczaj nie s\u0105 wymagane specjalne przygotowania przed oddaniem krwi, takie jak post czy unikanie okre\u015blonych pokarm\u00f3w, jednak zawsze warto stosowa\u0107 si\u0119 do zalece\u0144 lekarskich dotycz\u0105cych przygotowania do badania. Wyniki badania s\u0105 dost\u0119pne zazwyczaj w kilka godzin po pobraniu pr\u00f3bki, co jest kluczowe w sytuacjach nag\u0142ych.<\/p>\n<h1>Znaczenie wynik\u00f3w badania<\/h1>\n<p>Wysokie warto\u015bci troponiny T w wynikach badania mog\u0105 wskazywa\u0107 na uszkodzenie mi\u0119\u015bnia sercowego, co jest typowe dla os\u00f3b po zawale serca lub cierpi\u0105cych na inne powa\u017cne schorzenia serca. Jednak nale\u017cy pami\u0119ta\u0107, \u017ce ostateczna interpretacja wynik\u00f3w zawsze powinna by\u0107 przeprowadzona przez lekarza, kt\u00f3ry zna histori\u0119 medyczn\u0105 pacjenta, a wyniki badania ocenia w kontek\u015bcie innych bada\u0144 i objaw\u00f3w.<\/p>","protected":false},"excerpt":{"rendered":"<p>Badanie Troponiny T Badanie poziomu troponiny T jest jednym z kluczowych test\u00f3w diagnostycznych u\u017cywanych w ocenie stanu serca, szczeg\u00f3lnie w diagnozowaniu zawa\u0142u mi\u0119\u015bnia sercowego. Troponina T jest bia\u0142kiem, kt\u00f3re znajduje si\u0119 w kom\u00f3rkach mi\u0119\u015bniowych, w tym w kom\u00f3rkach mi\u0119\u015bnia sercowego. Wzrost poziomu troponiny T w krwi pacjenta zwykle wskazuje na uszkodzenie mi\u0119\u015bnia sercowego, co mo\u017ce [&hellip;]<\/p>\n","protected":false},"featured_media":0,"template":"","meta":[],"product_brand":[],"product_cat":[25,26],"product_tag":[],"class_list":{"0":"post-2450","1":"product","2":"type-product","3":"status-publish","5":"product_cat-badanie-laboratoryjne","6":"product_cat-krew","8":"first","9":"instock","10":"virtual","11":"sold-individually","12":"purchasable","13":"product-type-simple"},"_links":{"self":[{"href":"https:\/\/drteraz.pl\/en\/wp-json\/wp\/v2\/product\/2450","targetHints":{"allow":["GET"]}}],"collection":[{"href":"https:\/\/drteraz.pl\/en\/wp-json\/wp\/v2\/product"}],"about":[{"href":"https:\/\/drteraz.pl\/en\/wp-json\/wp\/v2\/types\/product"}],"version-history":[{"count":0,"href":"https:\/\/drteraz.pl\/en\/wp-json\/wp\/v2\/product\/2450\/revisions"}],"wp:attachment":[{"href":"https:\/\/drteraz.pl\/en\/wp-json\/wp\/v2\/media?parent=2450"}],"wp:term":[{"taxonomy":"product_brand","embeddable":true,"href":"https:\/\/drteraz.pl\/en\/wp-json\/wp\/v2\/product_brand?post=2450"},{"taxonomy":"product_cat","embeddable":true,"href":"https:\/\/drteraz.pl\/en\/wp-json\/wp\/v2\/product_cat?post=2450"},{"taxonomy":"product_tag","embeddable":true,"href":"https:\/\/drteraz.pl\/en\/wp-json\/wp\/v2\/product_tag?post=2450"}],"curies":[{"name":"wp","href":"https:\/\/api.w.org\/{rel}","templated":true}]}}