{"id":2451,"date":"2025-06-25T02:43:09","date_gmt":"2025-06-25T00:43:09","guid":{"rendered":"https:\/\/frosty-mclean.141-95-55-172.plesk.page\/produkt\/bez-kategorii\/tsh-hormon-tyreotropowy\/"},"modified":"2025-06-25T02:43:11","modified_gmt":"2025-06-25T00:43:11","slug":"tsh-hormon-tyreotropowy","status":"publish","type":"product","link":"https:\/\/drteraz.pl\/en\/badanie-laboratoryjne\/tsh-hormon-tyreotropowy\/","title":{"rendered":"TSH (hormon tyreotropowy)"},"content":{"rendered":"<h1>Badanie TSH (hormon tyreotropowy)<\/h1>\n<p>Badanie poziomu hormonu tyreotropowego (TSH) jest kluczowym elementem diagnostyki chor\u00f3b tarczycy. TSH jest hormonem wydzielanym przez przysadk\u0119 m\u00f3zgow\u0105, kt\u00f3ry reguluje dzia\u0142anie tarczycy. Oznaczenie poziomu TSH we krwi pozwala oceni\u0107, czy tarczyca dzia\u0142a prawid\u0142owo. Badanie to jest zalecane szczeg\u00f3lnie w przypadku objaw\u00f3w sugeruj\u0105cych niedoczynno\u015b\u0107 lub nadczynno\u015b\u0107 tarczycy, takich jak zm\u0119czenie, problemy z koncentracj\u0105, nag\u0142e zmiany wagi czy zaburzenia termoregulacji. Wysokie st\u0119\u017cenie TSH mo\u017ce wskazywa\u0107 na niedoczynno\u015b\u0107 tarczycy, natomiast niski poziom TSH mo\u017ce \u015bwiadczy\u0107 o jej nadczynno\u015bci. Prawid\u0142owe wyniki tego badania s\u0105 kluczowe dla dalszej diagnostyki i ewentualnego leczenia zaburze\u0144 tarczycy.<\/p>","protected":false},"excerpt":{"rendered":"<p>Badanie TSH (hormon tyreotropowy) Badanie poziomu hormonu tyreotropowego (TSH) jest kluczowym elementem diagnostyki chor\u00f3b tarczycy. TSH jest hormonem wydzielanym przez przysadk\u0119 m\u00f3zgow\u0105, kt\u00f3ry reguluje dzia\u0142anie tarczycy. Oznaczenie poziomu TSH we krwi pozwala oceni\u0107, czy tarczyca dzia\u0142a prawid\u0142owo. Badanie to jest zalecane szczeg\u00f3lnie w przypadku objaw\u00f3w sugeruj\u0105cych niedoczynno\u015b\u0107 lub nadczynno\u015b\u0107 tarczycy, takich jak zm\u0119czenie, problemy z [&hellip;]<\/p>\n","protected":false},"featured_media":0,"template":"","meta":[],"product_brand":[],"product_cat":[25,26],"product_tag":[],"class_list":{"0":"post-2451","1":"product","2":"type-product","3":"status-publish","5":"product_cat-badanie-laboratoryjne","6":"product_cat-krew","8":"first","9":"instock","10":"virtual","11":"sold-individually","12":"purchasable","13":"product-type-simple"},"_links":{"self":[{"href":"https:\/\/drteraz.pl\/en\/wp-json\/wp\/v2\/product\/2451","targetHints":{"allow":["GET"]}}],"collection":[{"href":"https:\/\/drteraz.pl\/en\/wp-json\/wp\/v2\/product"}],"about":[{"href":"https:\/\/drteraz.pl\/en\/wp-json\/wp\/v2\/types\/product"}],"version-history":[{"count":0,"href":"https:\/\/drteraz.pl\/en\/wp-json\/wp\/v2\/product\/2451\/revisions"}],"wp:attachment":[{"href":"https:\/\/drteraz.pl\/en\/wp-json\/wp\/v2\/media?parent=2451"}],"wp:term":[{"taxonomy":"product_brand","embeddable":true,"href":"https:\/\/drteraz.pl\/en\/wp-json\/wp\/v2\/product_brand?post=2451"},{"taxonomy":"product_cat","embeddable":true,"href":"https:\/\/drteraz.pl\/en\/wp-json\/wp\/v2\/product_cat?post=2451"},{"taxonomy":"product_tag","embeddable":true,"href":"https:\/\/drteraz.pl\/en\/wp-json\/wp\/v2\/product_tag?post=2451"}],"curies":[{"name":"wp","href":"https:\/\/api.w.org\/{rel}","templated":true}]}}