{"id":2452,"date":"2025-06-25T02:43:09","date_gmt":"2025-06-25T00:43:09","guid":{"rendered":"https:\/\/frosty-mclean.141-95-55-172.plesk.page\/produkt\/bez-kategorii\/tyreoglobulina-tgb\/"},"modified":"2025-06-25T02:43:11","modified_gmt":"2025-06-25T00:43:11","slug":"tyreoglobulina-tgb","status":"publish","type":"product","link":"https:\/\/drteraz.pl\/en\/badanie-laboratoryjne\/tyreoglobulina-tgb\/","title":{"rendered":"Tyreoglobulina (TGB)"},"content":{"rendered":"<h1>Badanie Tyreoglobulina (TGB)<\/h1>\n<p>Badanie tyreoglobuliny (TGB) to kluczowy test w kategorii BADA\u0143 HORMONALNYCH, pomocny w diagnostyce chor\u00f3b tarczycy. Tyreoglobulina to bia\u0142ko produkowane wy\u0142\u0105cznie przez kom\u00f3rki tarczycy, stanowi\u0105ce podstawowy sk\u0142adnik hormon\u00f3w tarczycy. Oznaczenie poziomu TGB w krwi jest wa\u017cne szczeg\u00f3lnie po leczeniu chirurgicznym czy radiologicznym raka tarczycy, poniewa\u017c pozwala monitorowa\u0107 efektywno\u015b\u0107 leczenia oraz wczesne wykrywanie ewentualnych nawrot\u00f3w choroby.<\/p>\n<p>Pomiar tyreoglobuliny wykorzystywany jest r\u00f3wnie\u017c do badania os\u00f3b z podejrzeniem chor\u00f3b tarczycy, takich jak zapalenie tarczycy czy niedoczynno\u015b\u0107 tarczycy. Wysoki poziom TGB mo\u017ce \u015bwiadczy\u0107 o nadczynno\u015bci tarczycy lub obecno\u015bci guzk\u00f3w w tarczycy. Test wykonuje si\u0119 na podstawie pr\u00f3bki krwi, co czyni go prostym i stosunkowo szybkim badaniem, ale wymaga specjalistycznego sprz\u0119tu laboratoryjnego.<\/p>\n<p>Przygotowanie do badania nie wymaga specjalnych procedur, jednak zaleca si\u0119 konsultacj\u0119 z lekarzem prowadz\u0105cym, kt\u00f3ry mo\u017ce zaleci\u0107 czasow\u0105 abstynencj\u0119 od przyjmowania lek\u00f3w wp\u0142ywaj\u0105cych na tarczyc\u0119, aby wynik by\u0142 jak najbardziej miarodajny. Interpretacja wynik\u00f3w powinna by\u0107 przeprowadzana przez specjalist\u0119 endokrynologa, w kontek\u015bcie ca\u0142okszta\u0142tu oceny stanu zdrowia pacjenta.<\/p>","protected":false},"excerpt":{"rendered":"<p>Badanie Tyreoglobulina (TGB) Badanie tyreoglobuliny (TGB) to kluczowy test w kategorii BADA\u0143 HORMONALNYCH, pomocny w diagnostyce chor\u00f3b tarczycy. Tyreoglobulina to bia\u0142ko produkowane wy\u0142\u0105cznie przez kom\u00f3rki tarczycy, stanowi\u0105ce podstawowy sk\u0142adnik hormon\u00f3w tarczycy. Oznaczenie poziomu TGB w krwi jest wa\u017cne szczeg\u00f3lnie po leczeniu chirurgicznym czy radiologicznym raka tarczycy, poniewa\u017c pozwala monitorowa\u0107 efektywno\u015b\u0107 leczenia oraz wczesne wykrywanie ewentualnych [&hellip;]<\/p>\n","protected":false},"featured_media":0,"template":"","meta":[],"product_brand":[],"product_cat":[25,26],"product_tag":[],"class_list":{"0":"post-2452","1":"product","2":"type-product","3":"status-publish","5":"product_cat-badanie-laboratoryjne","6":"product_cat-krew","8":"first","9":"instock","10":"virtual","11":"sold-individually","12":"purchasable","13":"product-type-simple"},"_links":{"self":[{"href":"https:\/\/drteraz.pl\/en\/wp-json\/wp\/v2\/product\/2452","targetHints":{"allow":["GET"]}}],"collection":[{"href":"https:\/\/drteraz.pl\/en\/wp-json\/wp\/v2\/product"}],"about":[{"href":"https:\/\/drteraz.pl\/en\/wp-json\/wp\/v2\/types\/product"}],"version-history":[{"count":0,"href":"https:\/\/drteraz.pl\/en\/wp-json\/wp\/v2\/product\/2452\/revisions"}],"wp:attachment":[{"href":"https:\/\/drteraz.pl\/en\/wp-json\/wp\/v2\/media?parent=2452"}],"wp:term":[{"taxonomy":"product_brand","embeddable":true,"href":"https:\/\/drteraz.pl\/en\/wp-json\/wp\/v2\/product_brand?post=2452"},{"taxonomy":"product_cat","embeddable":true,"href":"https:\/\/drteraz.pl\/en\/wp-json\/wp\/v2\/product_cat?post=2452"},{"taxonomy":"product_tag","embeddable":true,"href":"https:\/\/drteraz.pl\/en\/wp-json\/wp\/v2\/product_tag?post=2452"}],"curies":[{"name":"wp","href":"https:\/\/api.w.org\/{rel}","templated":true}]}}