{"id":2453,"date":"2025-06-25T02:43:09","date_gmt":"2025-06-25T00:43:09","guid":{"rendered":"https:\/\/frosty-mclean.141-95-55-172.plesk.page\/produkt\/bez-kategorii\/uibc-utajona-zdolnosc-wiazania-zelaza\/"},"modified":"2025-06-25T02:43:11","modified_gmt":"2025-06-25T00:43:11","slug":"uibc-utajona-zdolnosc-wiazania-zelaza","status":"publish","type":"product","link":"https:\/\/drteraz.pl\/en\/badanie-laboratoryjne\/uibc-utajona-zdolnosc-wiazania-zelaza\/","title":{"rendered":"UIBC (utajona zdolno\u015b\u0107 wi\u0105zania \u017celaza)"},"content":{"rendered":"<h1>UIBC (Utajona zdolno\u015b\u0107 wi\u0105zania \u017celaza)<\/h1>\n<p>UIBC, czyli utajona zdolno\u015b\u0107 wi\u0105zania \u017celaza, to badanie biochemiczne wykorzystywane w diagnostyce r\u00f3\u017cnych stan\u00f3w zwi\u0105zanych z metabolizmem \u017celaza, w tym anemii. Badanie to pozwala oceni\u0107 ilo\u015b\u0107 \u017celaza, kt\u00f3r\u0105 organizm jest zdolny zwi\u0105za\u0107, ale kt\u00f3ra aktualnie nie jest wykorzystywana przez \u017celazo obecne w surowicy. UIBC jest szczeg\u00f3lnie pomocne w diagnozowaniu i r\u00f3\u017cnicowaniu przyczyn anemii oraz monitorowaniu efektywno\u015bci terapii zawieraj\u0105cej \u017celazo.<\/p>\n<h1>Jakie s\u0105 wskazania do wykonania badania UIBC?<\/h1>\n<p>Badanie UIBC jest zalecane w przypadku podejrzenia niedobor\u00f3w \u017celaza, a tak\u017ce w celach diagnostycznych przy r\u00f3\u017cnych rodzajach anemii. Pomaga r\u00f3\u017cnicowa\u0107 anemi\u0119 mikrocytarn\u0105 wywo\u0142an\u0105 niedoborem \u017celaza od anemii spowodowanej przewlek\u0142ymi chorobami. UIBC jest tak\u017ce warto\u015bciowe, gdy poziomy ferrytyny s\u0105 niskie, co mo\u017ce wskazywa\u0107 na ukryty niedob\u00f3r \u017celaza, nawet je\u015bli poziom hemoglobiny jest normalny.<\/p>\n<h1>Jak przygotowa\u0107 si\u0119 do badania UIBC?<\/h1>\n<p>Przed wykonaniem badania zaleca si\u0119 zachowanie kilkugodzinnej abstynencji od spo\u017cywania posi\u0142k\u00f3w, poniewa\u017c pokarm mo\u017ce wp\u0142yn\u0105\u0107 na poziomy \u017celaza w surowicy. Najcz\u0119\u015bciej zaleca si\u0119, aby badanie by\u0142o wykonywane na czczo, tj. po nocnym, co najmniej 8-godzinnym poszczeniu. Nie jest wymagane specjalne przygotowanie poza tymi zaleceniami. Wa\u017cne jest r\u00f3wnie\u017c poinformowanie lekarza o wszystkich przyjmowanych lekach, poniewa\u017c niekt\u00f3re mog\u0105 wp\u0142ywa\u0107 na wyniki badania.<\/p>\n<h1>Co oznaczaj\u0105 wyniki UIBC?<\/h1>\n<p>Niski poziom UIBC mo\u017ce wskazywa\u0107 na wysokie nasycenie \u017celaza i jest cz\u0119sto obserwowany w stanach, gdzie poziom \u017celaza w organizmie jest zwi\u0119kszony, jak w hemochromatozie czy w przypadku przetocze\u0144 krwi. Z kolei podwy\u017cszony poziom UIBC wskazuje na niedob\u00f3r \u017celaza, co mo\u017ce by\u0107 sygna\u0142em anemii z niedoboru \u017celaza. Warto\u015bci normy mog\u0105 r\u00f3\u017cni\u0107 si\u0119 w zale\u017cno\u015bci od laboratorium, dlatego interpretacj\u0119 wynik\u00f3w nale\u017cy pozostawi\u0107 lekarzowi prowadz\u0105cemu.<\/p>","protected":false},"excerpt":{"rendered":"<p>UIBC (Utajona zdolno\u015b\u0107 wi\u0105zania \u017celaza) UIBC, czyli utajona zdolno\u015b\u0107 wi\u0105zania \u017celaza, to badanie biochemiczne wykorzystywane w diagnostyce r\u00f3\u017cnych stan\u00f3w zwi\u0105zanych z metabolizmem \u017celaza, w tym anemii. Badanie to pozwala oceni\u0107 ilo\u015b\u0107 \u017celaza, kt\u00f3r\u0105 organizm jest zdolny zwi\u0105za\u0107, ale kt\u00f3ra aktualnie nie jest wykorzystywana przez \u017celazo obecne w surowicy. UIBC jest szczeg\u00f3lnie pomocne w diagnozowaniu i [&hellip;]<\/p>\n","protected":false},"featured_media":0,"template":"","meta":[],"product_brand":[],"product_cat":[25,26],"product_tag":[],"class_list":{"0":"post-2453","1":"product","2":"type-product","3":"status-publish","5":"product_cat-badanie-laboratoryjne","6":"product_cat-krew","8":"first","9":"instock","10":"virtual","11":"sold-individually","12":"purchasable","13":"product-type-simple"},"_links":{"self":[{"href":"https:\/\/drteraz.pl\/en\/wp-json\/wp\/v2\/product\/2453","targetHints":{"allow":["GET"]}}],"collection":[{"href":"https:\/\/drteraz.pl\/en\/wp-json\/wp\/v2\/product"}],"about":[{"href":"https:\/\/drteraz.pl\/en\/wp-json\/wp\/v2\/types\/product"}],"version-history":[{"count":0,"href":"https:\/\/drteraz.pl\/en\/wp-json\/wp\/v2\/product\/2453\/revisions"}],"wp:attachment":[{"href":"https:\/\/drteraz.pl\/en\/wp-json\/wp\/v2\/media?parent=2453"}],"wp:term":[{"taxonomy":"product_brand","embeddable":true,"href":"https:\/\/drteraz.pl\/en\/wp-json\/wp\/v2\/product_brand?post=2453"},{"taxonomy":"product_cat","embeddable":true,"href":"https:\/\/drteraz.pl\/en\/wp-json\/wp\/v2\/product_cat?post=2453"},{"taxonomy":"product_tag","embeddable":true,"href":"https:\/\/drteraz.pl\/en\/wp-json\/wp\/v2\/product_tag?post=2453"}],"curies":[{"name":"wp","href":"https:\/\/api.w.org\/{rel}","templated":true}]}}