{"id":2455,"date":"2025-06-25T02:43:09","date_gmt":"2025-06-25T00:43:09","guid":{"rendered":"https:\/\/frosty-mclean.141-95-55-172.plesk.page\/produkt\/bez-kategorii\/wapn-calkowity-we-krwi\/"},"modified":"2025-06-25T02:43:12","modified_gmt":"2025-06-25T00:43:12","slug":"wapn-calkowity-we-krwi","status":"publish","type":"product","link":"https:\/\/drteraz.pl\/en\/badanie-laboratoryjne\/wapn-calkowity-we-krwi\/","title":{"rendered":"Wap\u0144 ca\u0142kowity we krwi"},"content":{"rendered":"<h1>Badanie: Wap\u0144 ca\u0142kowity (Ca) z pr\u00f3bki moczu<\/h1>\n<p>Wap\u0144 ca\u0142kowity (Ca) w moczu to badanie laboratoryjne, kt\u00f3re pomaga oceni\u0107 stan zdrowia ko\u015bci, a tak\u017ce funkcjonowanie nerek i uk\u0142adu hormonalnego. Jest to wa\u017cny element diagnostyki r\u00f3\u017cnych stan\u00f3w chorobowych, takich jak kamica nerkowa, osteoporoza czy zaburzenia pracy przytarczyc. Badanie wykonuje si\u0119 na podstawie pr\u00f3bki moczu, co umo\u017cliwia dok\u0142adne okre\u015blenie wydalania wapnia z organizmem.<\/p>\n<h1>Kiedy wykonuje si\u0119 badanie wapnia ca\u0142kowitego w moczu?<\/h1>\n<p>Badanie wapnia w moczu jest zalecane w przypadku os\u00f3b, kt\u00f3re mog\u0105 cierpie\u0107 na choroby nerek, maj\u0105 zaburzenia poziomu wapnia we krwi, czy te\u017c objawy zwi\u0105zane z zaburzeniami funkcji przytarczyc. Jest r\u00f3wnie\u017c istotne w diagnostyce osteoporozy oraz innych schorze\u0144 ko\u015bci, tak\u017ce przy podejrzeniu kamicy nerkowej.<\/p>\n<h1>Jak si\u0119 przygotowa\u0107 do badania?<\/h1>\n<p>Przed przyst\u0105pieniem do badania nale\u017cy zasi\u0119gn\u0105\u0107 porady lekarskiej odno\u015bnie stosowanej diety oraz lek\u00f3w, kt\u00f3re mog\u0105 wp\u0142yn\u0105\u0107 na poziom wapnia w moczu. Zazwyczaj zaleca si\u0119 unikanie produkt\u00f3w bogatych w wap\u0144 oraz suplement\u00f3w wapniowych przez 24 godziny przed badaniem. Wa\u017cne jest tak\u017ce, aby poinformowa\u0107 lekarza o wszystkich przyjmowanych lekach.<\/p>\n<h1>Jakie s\u0105 normy wapnia w moczu?<\/h1>\n<p>Prawid\u0142owe warto\u015bci wapnia w moczu zale\u017c\u0105 od wielu czynnik\u00f3w, w tym od wieku, p\u0142ci i diety. Warto\u015bci referencyjne mog\u0105 si\u0119 r\u00f3\u017cni\u0107 w zale\u017cno\u015bci od laboratorium, dlatego zawsze nale\u017cy interpretowa\u0107 wyniki badania w kontek\u015bcie innych parametr\u00f3w zdrowotnych i w porozumieniu z lekarzem.<\/p>\n<h1>Czego mo\u017cna si\u0119 dowiedzie\u0107 dzi\u0119ki badaniu wapnia w moczu?<\/h1>\n<p>Badanie poziomu wapnia w moczu pozwala wykry\u0107 nadmiern\u0105 lub zbyt nisk\u0105 wydalno\u015b\u0107 wapnia, co mo\u017ce by\u0107 sygna\u0142em r\u00f3\u017cnych problem\u00f3w zdrowotnych. Wysokie warto\u015bci mog\u0105 wskazywa\u0107 na hipercalcemi\u0119 lub choroby nerek, natomiast niskie poziomy mog\u0105 \u015bwiadczy\u0107 o niedoborze wapnia, hipokalcemii, czy zaburzeniach w wch\u0142anianiu minera\u0142\u00f3w.<\/p>","protected":false},"excerpt":{"rendered":"<p>Badanie: Wap\u0144 ca\u0142kowity (Ca) z pr\u00f3bki moczu Wap\u0144 ca\u0142kowity (Ca) w moczu to badanie laboratoryjne, kt\u00f3re pomaga oceni\u0107 stan zdrowia ko\u015bci, a tak\u017ce funkcjonowanie nerek i uk\u0142adu hormonalnego. Jest to wa\u017cny element diagnostyki r\u00f3\u017cnych stan\u00f3w chorobowych, takich jak kamica nerkowa, osteoporoza czy zaburzenia pracy przytarczyc. Badanie wykonuje si\u0119 na podstawie pr\u00f3bki moczu, co umo\u017cliwia dok\u0142adne [&hellip;]<\/p>\n","protected":false},"featured_media":0,"template":"","meta":[],"product_brand":[],"product_cat":[25,26],"product_tag":[],"class_list":{"0":"post-2455","1":"product","2":"type-product","3":"status-publish","5":"product_cat-badanie-laboratoryjne","6":"product_cat-krew","8":"first","9":"instock","10":"virtual","11":"sold-individually","12":"purchasable","13":"product-type-simple"},"_links":{"self":[{"href":"https:\/\/drteraz.pl\/en\/wp-json\/wp\/v2\/product\/2455","targetHints":{"allow":["GET"]}}],"collection":[{"href":"https:\/\/drteraz.pl\/en\/wp-json\/wp\/v2\/product"}],"about":[{"href":"https:\/\/drteraz.pl\/en\/wp-json\/wp\/v2\/types\/product"}],"version-history":[{"count":0,"href":"https:\/\/drteraz.pl\/en\/wp-json\/wp\/v2\/product\/2455\/revisions"}],"wp:attachment":[{"href":"https:\/\/drteraz.pl\/en\/wp-json\/wp\/v2\/media?parent=2455"}],"wp:term":[{"taxonomy":"product_brand","embeddable":true,"href":"https:\/\/drteraz.pl\/en\/wp-json\/wp\/v2\/product_brand?post=2455"},{"taxonomy":"product_cat","embeddable":true,"href":"https:\/\/drteraz.pl\/en\/wp-json\/wp\/v2\/product_cat?post=2455"},{"taxonomy":"product_tag","embeddable":true,"href":"https:\/\/drteraz.pl\/en\/wp-json\/wp\/v2\/product_tag?post=2455"}],"curies":[{"name":"wp","href":"https:\/\/api.w.org\/{rel}","templated":true}]}}