{"id":2456,"date":"2025-06-25T02:43:09","date_gmt":"2025-06-25T00:43:09","guid":{"rendered":"https:\/\/frosty-mclean.141-95-55-172.plesk.page\/produkt\/bez-kategorii\/wapn-zjonizowany\/"},"modified":"2025-06-25T02:43:13","modified_gmt":"2025-06-25T00:43:13","slug":"wapn-zjonizowany","status":"publish","type":"product","link":"https:\/\/drteraz.pl\/en\/badanie-laboratoryjne\/wapn-zjonizowany\/","title":{"rendered":"Wap\u0144 zjonizowany"},"content":{"rendered":"<h1>Wap\u0144 zjonizowany (Ca++)<\/h1>\n<p>Badanie poziomu wapnia zjonizowanego (Ca++) jest kluczowym elementem diagnostyki biochemicznej, kt\u00f3ry pozwala oceni\u0107 metabolizm wapnia w organizmie pacjenta. Wykonuje si\u0119 je przy u\u017cyciu pr\u00f3bki krwi. Koncentracja wapnia zjonizowanego jest wa\u017cnym wska\u017anikiem wielu stan\u00f3w fizjologicznych i patologicznych, w tym zaburze\u0144 r\u00f3wnowagi elektrolitowej, dysfunkcji przytarczyc i innych zaburze\u0144 metabolicznych. Pomiar wapnia zjonizowanego jest bardziej precyzyjny ni\u017c ca\u0142kowity poziom wapnia, gdy\u017c nie jest on zale\u017cny od poziomu bia\u0142ek w surowicy, co czyni go bardziej u\u017cytecznym w diagnostyce medycznej. Wyniki badania pomagaj\u0105 w prowadzeniu skutecznego leczenia i monitoringu stan\u00f3w zwi\u0105zanych z niedoborem lub nadmiarem wapnia.<\/p>","protected":false},"excerpt":{"rendered":"<p>Wap\u0144 zjonizowany (Ca++) Badanie poziomu wapnia zjonizowanego (Ca++) jest kluczowym elementem diagnostyki biochemicznej, kt\u00f3ry pozwala oceni\u0107 metabolizm wapnia w organizmie pacjenta. Wykonuje si\u0119 je przy u\u017cyciu pr\u00f3bki krwi. Koncentracja wapnia zjonizowanego jest wa\u017cnym wska\u017anikiem wielu stan\u00f3w fizjologicznych i patologicznych, w tym zaburze\u0144 r\u00f3wnowagi elektrolitowej, dysfunkcji przytarczyc i innych zaburze\u0144 metabolicznych. Pomiar wapnia zjonizowanego jest bardziej [&hellip;]<\/p>\n","protected":false},"featured_media":0,"template":"","meta":[],"product_brand":[],"product_cat":[25,26],"product_tag":[],"class_list":{"0":"post-2456","1":"product","2":"type-product","3":"status-publish","5":"product_cat-badanie-laboratoryjne","6":"product_cat-krew","8":"first","9":"instock","10":"virtual","11":"sold-individually","12":"purchasable","13":"product-type-simple"},"_links":{"self":[{"href":"https:\/\/drteraz.pl\/en\/wp-json\/wp\/v2\/product\/2456","targetHints":{"allow":["GET"]}}],"collection":[{"href":"https:\/\/drteraz.pl\/en\/wp-json\/wp\/v2\/product"}],"about":[{"href":"https:\/\/drteraz.pl\/en\/wp-json\/wp\/v2\/types\/product"}],"version-history":[{"count":0,"href":"https:\/\/drteraz.pl\/en\/wp-json\/wp\/v2\/product\/2456\/revisions"}],"wp:attachment":[{"href":"https:\/\/drteraz.pl\/en\/wp-json\/wp\/v2\/media?parent=2456"}],"wp:term":[{"taxonomy":"product_brand","embeddable":true,"href":"https:\/\/drteraz.pl\/en\/wp-json\/wp\/v2\/product_brand?post=2456"},{"taxonomy":"product_cat","embeddable":true,"href":"https:\/\/drteraz.pl\/en\/wp-json\/wp\/v2\/product_cat?post=2456"},{"taxonomy":"product_tag","embeddable":true,"href":"https:\/\/drteraz.pl\/en\/wp-json\/wp\/v2\/product_tag?post=2456"}],"curies":[{"name":"wp","href":"https:\/\/api.w.org\/{rel}","templated":true}]}}