{"id":2458,"date":"2025-06-25T02:43:09","date_gmt":"2025-06-25T00:43:09","guid":{"rendered":"https:\/\/frosty-mclean.141-95-55-172.plesk.page\/produkt\/bez-kategorii\/witamina-d\/"},"modified":"2025-06-25T02:43:13","modified_gmt":"2025-06-25T00:43:13","slug":"witamina-d","status":"publish","type":"product","link":"https:\/\/drteraz.pl\/en\/badanie-laboratoryjne\/witamina-d\/","title":{"rendered":"Witamina D"},"content":{"rendered":"<h1>Badanie: Witamina D Total (metabolit 25-OH)<\/h1>\n<p>Badanie poziomu witaminy D (25-hydroksywitamina D) jest kluczowym elementem w diagnozowaniu stanu zdrowia ko\u015bci i mo\u017cliwych niedobor\u00f3w witaminy D, co jest szczeg\u00f3lnie istotne w kontek\u015bcie prewencji i diagnostyki osteoporozy. Badanie to wykonuje si\u0119 z pr\u00f3bki krwi, co umo\u017cliwia ocen\u0119 ca\u0142kowitej ilo\u015bci witaminy D obecnej w organizmie pacjenta. Pomiar koncentracji 25-OH witaminy D jest uwa\u017cany za najlepszy wska\u017anik dost\u0119pno\u015bci witaminy D dla organizmu.<\/p>","protected":false},"excerpt":{"rendered":"<p>Badanie: Witamina D Total (metabolit 25-OH) Badanie poziomu witaminy D (25-hydroksywitamina D) jest kluczowym elementem w diagnozowaniu stanu zdrowia ko\u015bci i mo\u017cliwych niedobor\u00f3w witaminy D, co jest szczeg\u00f3lnie istotne w kontek\u015bcie prewencji i diagnostyki osteoporozy. Badanie to wykonuje si\u0119 z pr\u00f3bki krwi, co umo\u017cliwia ocen\u0119 ca\u0142kowitej ilo\u015bci witaminy D obecnej w organizmie pacjenta. Pomiar koncentracji [&hellip;]<\/p>\n","protected":false},"featured_media":0,"template":"","meta":[],"product_brand":[],"product_cat":[25,26],"product_tag":[],"class_list":{"0":"post-2458","1":"product","2":"type-product","3":"status-publish","5":"product_cat-badanie-laboratoryjne","6":"product_cat-krew","8":"first","9":"instock","10":"virtual","11":"sold-individually","12":"purchasable","13":"product-type-simple"},"_links":{"self":[{"href":"https:\/\/drteraz.pl\/en\/wp-json\/wp\/v2\/product\/2458","targetHints":{"allow":["GET"]}}],"collection":[{"href":"https:\/\/drteraz.pl\/en\/wp-json\/wp\/v2\/product"}],"about":[{"href":"https:\/\/drteraz.pl\/en\/wp-json\/wp\/v2\/types\/product"}],"version-history":[{"count":0,"href":"https:\/\/drteraz.pl\/en\/wp-json\/wp\/v2\/product\/2458\/revisions"}],"wp:attachment":[{"href":"https:\/\/drteraz.pl\/en\/wp-json\/wp\/v2\/media?parent=2458"}],"wp:term":[{"taxonomy":"product_brand","embeddable":true,"href":"https:\/\/drteraz.pl\/en\/wp-json\/wp\/v2\/product_brand?post=2458"},{"taxonomy":"product_cat","embeddable":true,"href":"https:\/\/drteraz.pl\/en\/wp-json\/wp\/v2\/product_cat?post=2458"},{"taxonomy":"product_tag","embeddable":true,"href":"https:\/\/drteraz.pl\/en\/wp-json\/wp\/v2\/product_tag?post=2458"}],"curies":[{"name":"wp","href":"https:\/\/api.w.org\/{rel}","templated":true}]}}