{"id":2459,"date":"2025-06-25T02:43:09","date_gmt":"2025-06-25T00:43:09","guid":{"rendered":"https:\/\/frosty-mclean.141-95-55-172.plesk.page\/produkt\/bez-kategorii\/witamina-e\/"},"modified":"2025-06-25T02:43:14","modified_gmt":"2025-06-25T00:43:14","slug":"witamina-e","status":"publish","type":"product","link":"https:\/\/drteraz.pl\/en\/badanie-laboratoryjne\/witamina-e\/","title":{"rendered":"Witamina E"},"content":{"rendered":"<h1>Badanie: Witamina E<\/h1>\n<p>Badanie poziomu witaminy E w organizmie przeprowadzane jest poprzez analiz\u0119 pr\u00f3bki krwi. Witamina E jest kluczowym przeciwutleniaczem, kt\u00f3ry pomaga w ochronie kom\u00f3rek przed uszkodzeniem przez wolne rodniki oraz wspomaga funkcjonowanie uk\u0142adu odporno\u015bciowego. Niedob\u00f3r witaminy E mo\u017ce prowadzi\u0107 do problem\u00f3w neurologicznych i miopatii. Badanie witaminy E zalecane jest osobom z objawami niedoboru oraz w ramach diagnostyki r\u00f3\u017cnicowej chor\u00f3b sk\u00f3ry, mi\u0119\u015bni i uk\u0142adu nerwowego. Badanie to nale\u017cy do kategorii biochemicznych i umo\u017cliwia ocen\u0119 prawid\u0142owego st\u0119\u017cenia witaminy w organizmie, co jest istotne dla og\u00f3lnego stanu zdrowia.<\/p>","protected":false},"excerpt":{"rendered":"<p>Badanie: Witamina E Badanie poziomu witaminy E w organizmie przeprowadzane jest poprzez analiz\u0119 pr\u00f3bki krwi. Witamina E jest kluczowym przeciwutleniaczem, kt\u00f3ry pomaga w ochronie kom\u00f3rek przed uszkodzeniem przez wolne rodniki oraz wspomaga funkcjonowanie uk\u0142adu odporno\u015bciowego. Niedob\u00f3r witaminy E mo\u017ce prowadzi\u0107 do problem\u00f3w neurologicznych i miopatii. Badanie witaminy E zalecane jest osobom z objawami niedoboru oraz [&hellip;]<\/p>\n","protected":false},"featured_media":0,"template":"","meta":[],"product_brand":[],"product_cat":[25,26],"product_tag":[],"class_list":{"0":"post-2459","1":"product","2":"type-product","3":"status-publish","5":"product_cat-badanie-laboratoryjne","6":"product_cat-krew","8":"first","9":"instock","10":"virtual","11":"sold-individually","12":"purchasable","13":"product-type-simple"},"_links":{"self":[{"href":"https:\/\/drteraz.pl\/en\/wp-json\/wp\/v2\/product\/2459","targetHints":{"allow":["GET"]}}],"collection":[{"href":"https:\/\/drteraz.pl\/en\/wp-json\/wp\/v2\/product"}],"about":[{"href":"https:\/\/drteraz.pl\/en\/wp-json\/wp\/v2\/types\/product"}],"version-history":[{"count":0,"href":"https:\/\/drteraz.pl\/en\/wp-json\/wp\/v2\/product\/2459\/revisions"}],"wp:attachment":[{"href":"https:\/\/drteraz.pl\/en\/wp-json\/wp\/v2\/media?parent=2459"}],"wp:term":[{"taxonomy":"product_brand","embeddable":true,"href":"https:\/\/drteraz.pl\/en\/wp-json\/wp\/v2\/product_brand?post=2459"},{"taxonomy":"product_cat","embeddable":true,"href":"https:\/\/drteraz.pl\/en\/wp-json\/wp\/v2\/product_cat?post=2459"},{"taxonomy":"product_tag","embeddable":true,"href":"https:\/\/drteraz.pl\/en\/wp-json\/wp\/v2\/product_tag?post=2459"}],"curies":[{"name":"wp","href":"https:\/\/api.w.org\/{rel}","templated":true}]}}