{"id":2463,"date":"2025-06-25T02:43:09","date_gmt":"2025-06-25T00:43:09","guid":{"rendered":"https:\/\/frosty-mclean.141-95-55-172.plesk.page\/produkt\/bez-kategorii\/zelazo-krzywa\/"},"modified":"2025-06-25T02:43:15","modified_gmt":"2025-06-25T00:43:15","slug":"zelazo-krzywa","status":"publish","type":"product","link":"https:\/\/drteraz.pl\/en\/badanie-laboratoryjne\/zelazo-krzywa\/","title":{"rendered":"\u017belazo &#8211; krzywa"},"content":{"rendered":"<h1>\u017belazo (Fe) &#8211; krzywa<\/h1>\n<p>Badanie poziomu \u017celaza w krwi jest kluczowe dla diagnostyki oraz monitorowania r\u00f3\u017cnych stan\u00f3w zdrowia, w tym anemii czy zaburze\u0144 metabolicznych. \u017belazo jest niezb\u0119dnym sk\u0142adnikiem hemoglobiny, bia\u0142ka odpowiedzialnego za transport tlenu w czerwonych krwinkach. Niedob\u00f3r \u017celaza mo\u017ce prowadzi\u0107 do anemii z niedoboru \u017celaza, podczas gdy jego nadmiar mo\u017ce wskazywa\u0107 na choroby takie jak hemochromatoza. Badanie to wykonuje si\u0119, analizuj\u0105c pr\u00f3bk\u0119 krwi w celu okre\u015blenia ca\u0142kowitego poziomu \u017celaza dost\u0119pnego w organizmie.<\/p>","protected":false},"excerpt":{"rendered":"<p>\u017belazo (Fe) &#8211; krzywa Badanie poziomu \u017celaza w krwi jest kluczowe dla diagnostyki oraz monitorowania r\u00f3\u017cnych stan\u00f3w zdrowia, w tym anemii czy zaburze\u0144 metabolicznych. \u017belazo jest niezb\u0119dnym sk\u0142adnikiem hemoglobiny, bia\u0142ka odpowiedzialnego za transport tlenu w czerwonych krwinkach. Niedob\u00f3r \u017celaza mo\u017ce prowadzi\u0107 do anemii z niedoboru \u017celaza, podczas gdy jego nadmiar mo\u017ce wskazywa\u0107 na choroby takie [&hellip;]<\/p>\n","protected":false},"featured_media":0,"template":"","meta":[],"product_brand":[],"product_cat":[25,26],"product_tag":[],"class_list":{"0":"post-2463","1":"product","2":"type-product","3":"status-publish","5":"product_cat-badanie-laboratoryjne","6":"product_cat-krew","8":"first","9":"instock","10":"virtual","11":"sold-individually","12":"purchasable","13":"product-type-simple"},"_links":{"self":[{"href":"https:\/\/drteraz.pl\/en\/wp-json\/wp\/v2\/product\/2463","targetHints":{"allow":["GET"]}}],"collection":[{"href":"https:\/\/drteraz.pl\/en\/wp-json\/wp\/v2\/product"}],"about":[{"href":"https:\/\/drteraz.pl\/en\/wp-json\/wp\/v2\/types\/product"}],"version-history":[{"count":0,"href":"https:\/\/drteraz.pl\/en\/wp-json\/wp\/v2\/product\/2463\/revisions"}],"wp:attachment":[{"href":"https:\/\/drteraz.pl\/en\/wp-json\/wp\/v2\/media?parent=2463"}],"wp:term":[{"taxonomy":"product_brand","embeddable":true,"href":"https:\/\/drteraz.pl\/en\/wp-json\/wp\/v2\/product_brand?post=2463"},{"taxonomy":"product_cat","embeddable":true,"href":"https:\/\/drteraz.pl\/en\/wp-json\/wp\/v2\/product_cat?post=2463"},{"taxonomy":"product_tag","embeddable":true,"href":"https:\/\/drteraz.pl\/en\/wp-json\/wp\/v2\/product_tag?post=2463"}],"curies":[{"name":"wp","href":"https:\/\/api.w.org\/{rel}","templated":true}]}}