{"id":5224,"date":"2025-12-11T21:00:37","date_gmt":"2025-12-11T20:00:37","guid":{"rendered":"https:\/\/frosty-mclean.141-95-55-172.plesk.page\/bez-kategorii\/wzw-ablodz\/"},"modified":"2026-04-01T21:39:24","modified_gmt":"2026-04-01T19:39:24","slug":"wzw-ab-lodz","status":"publish","type":"product","link":"https:\/\/drteraz.pl\/en\/szczepienia\/wzw-ab-lodz\/","title":{"rendered":"Szczepienie WZW A+B \u0141\u00f3d\u017a"},"content":{"rendered":"","protected":false},"excerpt":{"rendered":"","protected":false},"featured_media":0,"template":"","meta":[],"product_brand":[],"product_cat":[57,47],"product_tag":[],"class_list":{"0":"post-5224","1":"product","2":"type-product","3":"status-publish","5":"product_cat-lodz","6":"product_cat-szczepienia","8":"first","9":"instock","10":"virtual","11":"sold-individually","12":"purchasable","13":"product-type-simple"},"_links":{"self":[{"href":"https:\/\/drteraz.pl\/en\/wp-json\/wp\/v2\/product\/5224","targetHints":{"allow":["GET"]}}],"collection":[{"href":"https:\/\/drteraz.pl\/en\/wp-json\/wp\/v2\/product"}],"about":[{"href":"https:\/\/drteraz.pl\/en\/wp-json\/wp\/v2\/types\/product"}],"version-history":[{"count":0,"href":"https:\/\/drteraz.pl\/en\/wp-json\/wp\/v2\/product\/5224\/revisions"}],"wp:attachment":[{"href":"https:\/\/drteraz.pl\/en\/wp-json\/wp\/v2\/media?parent=5224"}],"wp:term":[{"taxonomy":"product_brand","embeddable":true,"href":"https:\/\/drteraz.pl\/en\/wp-json\/wp\/v2\/product_brand?post=5224"},{"taxonomy":"product_cat","embeddable":true,"href":"https:\/\/drteraz.pl\/en\/wp-json\/wp\/v2\/product_cat?post=5224"},{"taxonomy":"product_tag","embeddable":true,"href":"https:\/\/drteraz.pl\/en\/wp-json\/wp\/v2\/product_tag?post=5224"}],"curies":[{"name":"wp","href":"https:\/\/api.w.org\/{rel}","templated":true}]}}